{"id":3311,"date":"2025-08-01T22:05:07","date_gmt":"2025-08-01T14:05:07","guid":{"rendered":"https:\/\/jer-tech.com\/?post_type=product&#038;p=3311"},"modified":"2025-08-01T22:05:34","modified_gmt":"2025-08-01T14:05:34","slug":"camera-solaire-4g-aov","status":"publish","type":"product","link":"https:\/\/jer-tech.com\/fr\/produit\/camera-solaire-4g-aov\/","title":{"rendered":"AOV Cam\u00e9ra solaire 4G \u00e0 4 lentilles Cam\u00e9ra Ptz 8MP Batterie int\u00e9gr\u00e9e D\u00e9tection humaine AI"},"content":{"rendered":"","protected":false},"excerpt":{"rendered":"<p><strong><b>Caract\u00e9ristiques\uff1a<\/b><\/strong><\/p>\n<ul>\n<li>Cam\u00e9ra d\u00f4me 4G AOV (Always On Video) sur batterie solaire<\/li>\n<li>Cam\u00e9ra d\u00f4me 3 pouces 4G \u00e0 batterie solaire AI speed<\/li>\n<li>AOV(Always On Video) Enregistrement vid\u00e9o 7*24 toute la journ\u00e9e<\/li>\n<li>Suivi automatique des personnes, d\u00e9tection des mouvements<\/li>\n<li>Prise en charge de l'audio bidirectionnel, micro et haut-parleur int\u00e9gr\u00e9s<\/li>\n<li>Vision couleur \u00e0 double \u00e9clairage jour et nuit<\/li>\n<li>Panneau solaire de 16 W, tr\u00e8s longue dur\u00e9e de veille et d'enregistrement<\/li>\n<li>Emplacement pour carte TF (max. 256G)<\/li>\n<li>App : HiEasy<\/li>\n<\/ul>\n<table>\n<tbody>\n<tr>\n<td width=\"226\"><strong><b>Mod\u00e8le <\/b><\/strong><strong><b>NON<\/b><\/strong><strong><b>.<\/b><\/strong><\/td>\n<td width=\"609\"><strong><b>JER-AOV590<\/b><\/strong><\/td>\n<\/tr>\n<tr>\n<td colspan=\"2\" width=\"835\"><strong><b>Appareil photo<\/b><\/strong><\/td>\n<\/tr>\n<tr>\n<td width=\"226\">Capteur d'image<\/td>\n<td width=\"609\">4 pcs 1\/3.2\u2033 CMOS 2MP \uff082MP+2MP+2MP+2MP\uff09<\/td>\n<\/tr>\n<tr>\n<td width=\"226\">Longueur focale de l'objectif<\/td>\n<td width=\"609\">4MM*4<\/td>\n<\/tr>\n<tr>\n<td width=\"226\">Mini illumination<\/td>\n<td width=\"609\">Jour : 1Lux<\/p>\n<p>Nuit : 0,01 Lux<\/td>\n<\/tr>\n<tr>\n<td width=\"226\">R\u00e9duction num\u00e9rique du bruit<\/td>\n<td width=\"609\">DNR 2D et 3D<\/td>\n<\/tr>\n<tr>\n<td width=\"226\">Param\u00e8tres de puanteur<\/td>\n<td width=\"609\">OFF\/50HZ\/60HZ<\/td>\n<\/tr>\n<tr>\n<td width=\"226\">Norme de r\u00e9seau<\/td>\n<td width=\"609\">4G LTE<\/td>\n<\/tr>\n<tr>\n<td width=\"226\">Bande de fr\u00e9quence 4G (Asie)<\/td>\n<td width=\"609\">LTE-FDD\uff1aB1\/B3\/B5\/B8 LTE-TDD\uff1aB34\/B38\/B39\/B40\/B41<\/td>\n<\/tr>\n<tr>\n<td width=\"226\">Bande de fr\u00e9quence 4G (UE)<\/td>\n<td width=\"609\">LTE-FDD\uff1aB1\/B3\/B5\/B7\/B8\/B20\/B28<\/td>\n<\/tr>\n<tr>\n<td width=\"226\">Mode de fonctionnement<\/td>\n<td width=\"609\">Mod\u00e8le \u00e9lectrique, mode performance, mode personnalis\u00e9<\/td>\n<\/tr>\n<tr>\n<td colspan=\"2\" width=\"835\"><strong><b>Lentille<\/b><\/strong><\/td>\n<\/tr>\n<tr>\n<td width=\"226\">Longueur focale de l'objectif<\/td>\n<td width=\"609\">4mm\u00b15%<\/td>\n<\/tr>\n<tr>\n<td width=\"226\">Ouverture<\/td>\n<td width=\"609\">F.4\/F2.0\u00b110%<\/td>\n<\/tr>\n<tr>\n<td width=\"226\">Champ de vision<\/td>\n<td width=\"609\">Diagonale 104.0\u00b0 Horizontale : 89.2\u00b0 Verticale : 47.8\u00b0<\/td>\n<\/tr>\n<tr>\n<td colspan=\"2\" width=\"835\"><strong><b>Vid\u00e9o<\/b><\/strong><\/td>\n<\/tr>\n<tr>\n<td width=\"226\">Streaming<\/td>\n<td width=\"609\">Flux principal, flux secondaire<\/td>\n<\/tr>\n<tr>\n<td width=\"226\">Sortie d'image<\/td>\n<td width=\"609\">1920*1080p(2MP)*4<\/td>\n<\/tr>\n<tr>\n<td width=\"226\">Affichage de la puissance de la batterie<\/td>\n<td width=\"609\">Soutien<\/td>\n<\/tr>\n<tr>\n<td colspan=\"2\" width=\"835\"><strong><b>Audio<\/b><\/strong><\/td>\n<\/tr>\n<tr>\n<td width=\"226\">Audio bidirectionnel<\/td>\n<td width=\"609\">Soutien<\/td>\n<\/tr>\n<tr>\n<td width=\"226\">Microphone<\/td>\n<td width=\"609\">Int\u00e9gr\u00e9<\/td>\n<\/tr>\n<tr>\n<td width=\"226\">Intervenants<\/td>\n<td width=\"609\">Int\u00e9gr\u00e9<\/td>\n<\/tr>\n<tr>\n<td colspan=\"2\" width=\"835\"><strong><b>Stockage<\/b><\/strong><\/td>\n<\/tr>\n<tr>\n<td width=\"226\">Stockage<\/td>\n<td width=\"609\">Carte TF (max. 256G) ; lecture avec avance rapide 4X<\/td>\n<\/tr>\n<tr>\n<td colspan=\"2\" width=\"835\"><strong><b>Port<\/b><\/strong><\/td>\n<\/tr>\n<tr>\n<td width=\"226\">Port 4G<\/td>\n<td width=\"609\">Interface d'antenne 4G<\/td>\n<\/tr>\n<tr>\n<td width=\"226\">R\u00e9initialisation des donn\u00e9es d'usine<\/td>\n<td width=\"609\">Soutien<\/td>\n<\/tr>\n<tr>\n<td colspan=\"2\" width=\"835\"><strong><b>Fonction intelligente<\/b><\/strong><\/td>\n<\/tr>\n<tr>\n<td width=\"226\">Alarme<\/td>\n<td width=\"609\">Suivi intelligent des personnes, d\u00e9tection des mouvements, alarme de franchissement de ligne<\/td>\n<\/tr>\n<tr>\n<td width=\"226\">Distance de d\u00e9tection<\/td>\n<td width=\"609\">40 m\u00e8tres<\/td>\n<\/tr>\n<tr>\n<td width=\"226\">Pr\u00e9cision<\/td>\n<td width=\"609\">Algorithme AI, taux de pr\u00e9cision jusqu'\u00e0 99,9%<\/td>\n<\/tr>\n<tr>\n<td colspan=\"2\" width=\"835\"><strong><b>T\u00e9l\u00e9commande<\/b><\/strong><\/td>\n<\/tr>\n<tr>\n<td width=\"226\">APP<\/td>\n<td width=\"609\">APP : HiEasy<\/td>\n<\/tr>\n<tr>\n<td width=\"226\">Langue<\/td>\n<td width=\"609\">Chinois simplifi\u00e9\/Chinois traditionnel\/Anglais\/Finlandais\/Cor\u00e9en\/Fran\u00e7ais\/Portugais\/Tha\u00ef\/Espagnol\/Polonais\/Indon\u00e9sien\/Allemand\/Italien\/Russe\/Japonais\/Vietnamien\/Arabe\/Turc.<\/td>\n<\/tr>\n<tr>\n<td colspan=\"2\" width=\"835\"><strong><b>Lumi\u00e8re<\/b><\/strong><\/td>\n<\/tr>\n<tr>\n<td width=\"226\">Mode lumineux<\/td>\n<td width=\"609\">Vision nocturne IR\/ Vision nocturne intelligente\/ Vision nocturne couleur<\/td>\n<\/tr>\n<tr>\n<td width=\"226\">Distance de la lumi\u00e8re blanche<\/td>\n<td width=\"609\">Jusqu'\u00e0 20 m<\/td>\n<\/tr>\n<tr>\n<td width=\"226\">Distance de la lumi\u00e8re IR<\/td>\n<td width=\"609\">Jusqu'\u00e0 20 m<\/td>\n<\/tr>\n<tr>\n<td width=\"226\">LEDS<\/td>\n<td width=\"609\">LED IR + LED blanche<\/td>\n<\/tr>\n<tr>\n<td colspan=\"2\" width=\"835\"><strong><b>Contr\u00f4le PTZ<\/b><\/strong><\/td>\n<\/tr>\n<tr>\n<td width=\"226\">Plage de rotation<\/td>\n<td width=\"609\">Pan\uff1a0- 270\u00ba Tilt\uff1a0- 90 \u00ba<\/td>\n<\/tr>\n<tr>\n<td width=\"226\">Vitesse de rotation<\/td>\n<td width=\"609\">Pan\uff1a0~30\u00b0\/s Tilt\uff1a0~3\u00b0\/s<\/td>\n<\/tr>\n<tr>\n<td colspan=\"2\" width=\"835\"><strong><b>G\u00e9n\u00e9ral<\/b><\/strong><\/td>\n<\/tr>\n<tr>\n<td width=\"226\">Alimentation \u00e9lectrique<\/td>\n<td width=\"609\">Alimentation par batterie 3,7 V, chargement solaire ; alimentation par chargeur de soutien<\/td>\n<\/tr>\n<tr>\n<td width=\"226\">Panneau solaire<\/td>\n<td width=\"609\">8W ; tension de sortie 5V<\/td>\n<\/tr>\n<tr>\n<td width=\"226\">Connecteur d'alimentation<\/td>\n<td width=\"609\">TYPE-C<\/td>\n<\/tr>\n<tr>\n<td width=\"226\">Capacit\u00e9 de la batterie<\/td>\n<td width=\"609\">16000mAh<\/td>\n<\/tr>\n<tr>\n<td width=\"226\">\u00c9nergie nominale<\/td>\n<td width=\"609\">39.96Wh<\/td>\n<\/tr>\n<tr>\n<td width=\"226\">Conditions de fonctionnement<\/td>\n<td width=\"609\">-20\u2103 ~ 50\u2103 ; humidit\u00e9 inf\u00e9rieure \u00e0 95%<\/td>\n<\/tr>\n<tr>\n<td width=\"226\">R\u00e9initialisation des donn\u00e9es d'usine<\/td>\n<td width=\"609\">Soutien<\/td>\n<\/tr>\n<tr>\n<td width=\"226\">Mat\u00e9riau<\/td>\n<td width=\"609\">ABS blanc<\/td>\n<\/tr>\n<tr>\n<td width=\"226\">R\u00e9sistance aux intemp\u00e9ries<\/td>\n<td width=\"609\">IP66<\/td>\n<\/tr>\n<tr>\n<td width=\"226\">Dimension\/poids<\/td>\n<td width=\"609\">Product\uff1a255*177*109mm<\/p>\n<p>Paquet\uff1a<\/p>\n<p>275*310*200mm\/pcs 2.45KG\/pcs<\/p>\n<p>623*530*610mm\/Carton 12pcs\/Carton 32KG\/carton<\/td>\n<\/tr>\n<\/tbody>\n<\/table>","protected":false},"featured_media":3314,"comment_status":"open","ping_status":"closed","template":"","meta":{"_seopress_robots_primary_cat":"none","_seopress_titles_title":"AOV 4-lens 4G Solar Camera Ptz Camera 8MP Built-in Battery AI Human Detection","_seopress_titles_desc":"AOV 4lens 4g Solar Camera Ptz Camera 8MP Built-in Battery PIR AI Human Detection Color Night Vision Outdoor Waterproof Security","_seopress_robots_index":""},"product_brand":[],"product_cat":[358,135],"product_tag":[],"class_list":{"0":"post-3311","1":"product","2":"type-product","3":"status-publish","4":"has-post-thumbnail","6":"product_cat-4g-solar-camera","7":"product_cat-solar-battery-camera","9":"first","10":"instock","11":"shipping-taxable","12":"product-type-simple"},"_links":{"self":[{"href":"https:\/\/jer-tech.com\/fr\/wp-json\/wp\/v2\/product\/3311","targetHints":{"allow":["GET"]}}],"collection":[{"href":"https:\/\/jer-tech.com\/fr\/wp-json\/wp\/v2\/product"}],"about":[{"href":"https:\/\/jer-tech.com\/fr\/wp-json\/wp\/v2\/types\/product"}],"replies":[{"embeddable":true,"href":"https:\/\/jer-tech.com\/fr\/wp-json\/wp\/v2\/comments?post=3311"}],"wp:featuredmedia":[{"embeddable":true,"href":"https:\/\/jer-tech.com\/fr\/wp-json\/wp\/v2\/media\/3314"}],"wp:attachment":[{"href":"https:\/\/jer-tech.com\/fr\/wp-json\/wp\/v2\/media?parent=3311"}],"wp:term":[{"taxonomy":"product_brand","embeddable":true,"href":"https:\/\/jer-tech.com\/fr\/wp-json\/wp\/v2\/product_brand?post=3311"},{"taxonomy":"product_cat","embeddable":true,"href":"https:\/\/jer-tech.com\/fr\/wp-json\/wp\/v2\/product_cat?post=3311"},{"taxonomy":"product_tag","embeddable":true,"href":"https:\/\/jer-tech.com\/fr\/wp-json\/wp\/v2\/product_tag?post=3311"}],"curies":[{"name":"wp","href":"https:\/\/api.w.org\/{rel}","templated":true}]}}