{"id":2197,"date":"2025-02-23T17:17:38","date_gmt":"2025-02-23T09:17:38","guid":{"rendered":"https:\/\/jer-tech.com\/?post_type=product&#038;p=2197"},"modified":"2025-02-23T17:18:06","modified_gmt":"2025-02-23T09:18:06","slug":"camera-wifi-a-double-objectif","status":"publish","type":"product","link":"https:\/\/jer-tech.com\/fr\/produit\/camera-wifi-a-double-objectif\/","title":{"rendered":"Cam\u00e9ra WiFi \u00e0 double objectif pour la reconnaissance des humano\u00efdes par l'IA"},"content":{"rendered":"","protected":false},"excerpt":{"rendered":"<p><strong>Cam\u00e9ra WiFi \u00e0 double objectif pour la reconnaissance des humano\u00efdes par l'IA<\/strong><\/p>\n<ul>\n<li>Pistolet sup\u00e9rieur 3,6MM, balle 3,6MM, un lien statique et dynamique, synergique, un support top 2 (balle + pistolet) pour Bluetooth rapide avec le r\u00e9seau.<\/li>\n<li>Le support sup\u00e9rieur peut \u00eatre tourn\u00e9 manuellement pour ajuster la direction de la surveillance. Conception du processus de conception du mat\u00e9riau de millet, conception du moule ind\u00e9pendant de l'antenne, une nouvelle g\u00e9n\u00e9ration de canaux jusqu'\u00e0 5DB ;<\/li>\n<li>Conception hybride bionique de l'angle d'\u00e9clairage 6 + 6 + canon sup\u00e9rieur 4 + 4, lumi\u00e8re d'appoint plus forte<\/li>\n<li>Capteur d'\u00e9clairage ultra-basse luminosit\u00e9, effet de vision nocturne sous vos yeux<\/li>\n<li>Affichage de contr\u00f4le synchronis\u00e9 \u00e0 double \u00e9cran et \u00e0 double canal (pr\u00e9visualisation \u00e0 \u00e9cran unique et \u00e0 double \u00e9cran)<\/li>\n<li>La d\u00e9tection d'humano\u00efdes prend en charge la d\u00e9tection de plusieurs personnes, la distance de 15 m et le suivi automatique d'humano\u00efdes avec enregistrement d'images.<\/li>\n<li>Dissipateur thermique int\u00e9gr\u00e9 en nano graph\u00e8ne pour \u00e9liminer la douche chaude de la vision nocturne<\/li>\n<li>Prise en charge d'une carte de stockage TF de 8-128G<\/li>\n<\/ul>\n<table width=\"1016\">\n<tbody>\n<tr>\n<td width=\"141\">Contr\u00f4le principal<\/td>\n<td colspan=\"2\" width=\"875\">DSP 32 bits \u00e0 double c\u0153ur (XM650V200)<\/td>\n<\/tr>\n<tr>\n<td width=\"141\">Capteur<\/td>\n<td colspan=\"2\">2*3MP 1\/2.9\u2033Color 2*MIS2336 capteurs CMOS haute performance<\/td>\n<\/tr>\n<tr>\n<td width=\"141\">\u00c9clairage minimum<\/td>\n<td colspan=\"2\" width=\"875\">Couleur:0.01Lux @(F1.2,AGC ON) ; 0 Lux avec l'IR<br \/>\nNoir et blanc : 0,001 Lux @ (F1.2, AGC ON),0 Lux avec IR<\/td>\n<\/tr>\n<tr>\n<td width=\"141\">Obturateur<\/td>\n<td colspan=\"2\">1\/50 (1\/60) sec. \u00e0 1\/10 000 sec.<\/td>\n<\/tr>\n<tr>\n<td width=\"141\">Lentille<\/td>\n<td colspan=\"2\">Pistolet : 3.6MM \/ Balle : 3.6MM<\/td>\n<\/tr>\n<tr>\n<td width=\"141\">R\u00e9duction du bruit<\/td>\n<td colspan=\"2\">R\u00e9duction du bruit 2D\/3D<\/td>\n<\/tr>\n<tr>\n<td width=\"141\">Format vid\u00e9o<\/td>\n<td colspan=\"2\">H.265AI<\/td>\n<\/tr>\n<tr>\n<td width=\"141\">Pouvoir de r\u00e9solution<\/td>\n<td colspan=\"2\">R\u00e9solution principale : 2304*2592 ; sous-r\u00e9solution : 640*720<\/td>\n<\/tr>\n<tr>\n<td width=\"141\">Taux de rafra\u00eechissement<\/td>\n<td colspan=\"2\" width=\"875\">12 fps<\/td>\n<\/tr>\n<tr>\n<td width=\"141\">Analyse intelligente<\/td>\n<td colspan=\"2\" width=\"875\">Prise en charge de la d\u00e9tection des formes humaines<\/td>\n<\/tr>\n<tr>\n<td width=\"141\">Fonction de suivi<\/td>\n<td colspan=\"2\" width=\"875\">Soutien au suivi des formes humaines<\/td>\n<\/tr>\n<tr>\n<td width=\"141\">Source de lumi\u00e8re<\/td>\n<td colspan=\"2\" width=\"875\">10 lampes infrarouges + 10 lampes blanches<\/td>\n<\/tr>\n<tr>\n<td width=\"141\">Mode lumineux<\/td>\n<td colspan=\"2\" width=\"875\">Vision nocturne infrarouge\/couleur Starlight\/alerte \u00e0 double lumi\u00e8re<\/td>\n<\/tr>\n<tr>\n<td width=\"141\">Voix bidirectionnelle<\/td>\n<td colspan=\"2\">Soutien<\/td>\n<\/tr>\n<tr>\n<td width=\"141\">Stockage en nuage<\/td>\n<td colspan=\"2\">Soutien<\/td>\n<\/tr>\n<tr>\n<td width=\"141\">Accord de soutien<\/td>\n<td colspan=\"2\" width=\"875\">Prise en charge du protocole NETIP, prise en charge du protocole ONVIF, prise en charge du r\u00e9seau de distribution Bluetooth<\/td>\n<\/tr>\n<tr>\n<td width=\"141\">Interface r\u00e9seau<\/td>\n<td colspan=\"2\">Port Ethernet adaptatif 10M\/100M<\/td>\n<\/tr>\n<tr>\n<td width=\"141\">Interface de stockage<\/td>\n<td colspan=\"2\">Carte TF locale (jusqu'\u00e0 128G)<\/td>\n<\/tr>\n<tr>\n<td width=\"141\">Touche de r\u00e9initialisation Interface<\/td>\n<td colspan=\"2\">Prise en charge de la r\u00e9cup\u00e9ration en un clic<\/td>\n<\/tr>\n<tr>\n<td width=\"141\">Norme sans fil<\/td>\n<td colspan=\"2\">IEEE802.11b, 802.11g, 802.11n<\/td>\n<\/tr>\n<tr>\n<td width=\"141\">Gamme de fr\u00e9quences<\/td>\n<td colspan=\"2\">2,4 GHz ~ 2,4835 GHz<\/td>\n<\/tr>\n<tr>\n<td width=\"141\">D\u00e9chets d'\u00e9nergie<\/td>\n<td colspan=\"2\">24W<\/td>\n<\/tr>\n<tr>\n<td width=\"141\">Taille du produit<\/td>\n<td colspan=\"2\">98*127*175mm<\/td>\n<\/tr>\n<tr>\n<td width=\"141\">Couleur Bo\u00eete Taille<\/td>\n<td colspan=\"2\">163*150*110mm<\/td>\n<\/tr>\n<tr>\n<td width=\"141\">Temp\u00e9rature<\/td>\n<td colspan=\"2\">Z\u00e9ro 10 \u00b0 C -60 \u00b0 C, humidit\u00e9 inf\u00e9rieure \u00e0 90% [sans condensation].<\/td>\n<\/tr>\n<tr>\n<td width=\"141\">Alimentation \u00e9lectrique<\/td>\n<td colspan=\"2\">DC 12V \u00b1 10%<\/td>\n<\/tr>\n<tr>\n<td width=\"141\">Poids<\/td>\n<td colspan=\"2\">0.453kg\uff08Poids brut\uff09<\/td>\n<\/tr>\n<\/tbody>\n<\/table>","protected":false},"featured_media":2200,"comment_status":"open","ping_status":"closed","template":"","meta":{"_seopress_robots_primary_cat":"none","_seopress_titles_title":"Humanoid Recognition AI Dual-Lens WiFi Camera","_seopress_titles_desc":"Upgrade your security with the Humanoid Recognition AI Dual-Lens WiFi Camera. Featuring advanced AI for humanoid detection, dual-lens clarity, and Wi-Fi connectivity for seamless remote monitoring, ideal for both indoor and outdoor use.","_seopress_robots_index":""},"product_brand":[],"product_cat":[107],"product_tag":[],"class_list":{"0":"post-2197","1":"product","2":"type-product","3":"status-publish","4":"has-post-thumbnail","6":"product_cat-wireless-camera","8":"first","9":"instock","10":"shipping-taxable","11":"product-type-simple"},"_links":{"self":[{"href":"https:\/\/jer-tech.com\/fr\/wp-json\/wp\/v2\/product\/2197","targetHints":{"allow":["GET"]}}],"collection":[{"href":"https:\/\/jer-tech.com\/fr\/wp-json\/wp\/v2\/product"}],"about":[{"href":"https:\/\/jer-tech.com\/fr\/wp-json\/wp\/v2\/types\/product"}],"replies":[{"embeddable":true,"href":"https:\/\/jer-tech.com\/fr\/wp-json\/wp\/v2\/comments?post=2197"}],"wp:featuredmedia":[{"embeddable":true,"href":"https:\/\/jer-tech.com\/fr\/wp-json\/wp\/v2\/media\/2200"}],"wp:attachment":[{"href":"https:\/\/jer-tech.com\/fr\/wp-json\/wp\/v2\/media?parent=2197"}],"wp:term":[{"taxonomy":"product_brand","embeddable":true,"href":"https:\/\/jer-tech.com\/fr\/wp-json\/wp\/v2\/product_brand?post=2197"},{"taxonomy":"product_cat","embeddable":true,"href":"https:\/\/jer-tech.com\/fr\/wp-json\/wp\/v2\/product_cat?post=2197"},{"taxonomy":"product_tag","embeddable":true,"href":"https:\/\/jer-tech.com\/fr\/wp-json\/wp\/v2\/product_tag?post=2197"}],"curies":[{"name":"wp","href":"https:\/\/api.w.org\/{rel}","templated":true}]}}