{"id":2190,"date":"2025-02-23T15:16:12","date_gmt":"2025-02-23T07:16:12","guid":{"rendered":"https:\/\/jer-tech.com\/?post_type=product&#038;p=2190"},"modified":"2025-02-23T15:16:13","modified_gmt":"2025-02-23T07:16:13","slug":"camera-de-securite-sans-fil-9mp-a-double-objectif","status":"publish","type":"product","link":"https:\/\/jer-tech.com\/fr\/produit\/camera-de-securite-sans-fil-9mp-a-double-objectif\/","title":{"rendered":"Cam\u00e9ra de s\u00e9curit\u00e9 sans fil 9MP \u00e0 double objectif"},"content":{"rendered":"","protected":false},"excerpt":{"rendered":"<p><strong>Cam\u00e9ra de s\u00e9curit\u00e9 sans fil 9MP \u00e0 double objectif<\/strong><\/p>\n<p>Canon sup\u00e9rieur 3,6 mm, balle 2,8 mm-12 mm, zoom maximal de 250 m\u00e8tres,<br \/>\nUn lien statique et coop\u00e9ratif, un top 3 (balle + pistolet)<br \/>\nLe support sup\u00e9rieur peut \u00eatre tourn\u00e9 manuellement pour ajuster la direction de la surveillance, le processus de conception du mat\u00e9riel de millet.<br \/>\nConception de moule ind\u00e9pendante de l'antenne, nouvelle g\u00e9n\u00e9ration de canaux jusqu'\u00e0 5DB ; prise en charge de Bluetooth rapide avec le r\u00e9seau<br \/>\nConception hybride bionique de l'angle d'\u00e9clairage 6 + 6 + canon sup\u00e9rieur 4 + 4, lumi\u00e8re d'appoint plus forte<br \/>\nCapteur d'ultrafaible \u00e9clairage \u00e0 l'int\u00e9rieur du dissipateur thermique en nano graph\u00e8ne pour \u00e9liminer la vision nocturne et la vision nocturne dans les bains chauds devant vos yeux.<br \/>\nAffichage de contr\u00f4le synchronis\u00e9 \u00e0 double \u00e9cran et \u00e0 double sens (pr\u00e9visualisation d'un seul \u00e9cran et d'un double \u00e9cran)<br \/>\nLa d\u00e9tection des humano\u00efdes prend en charge la d\u00e9tection de plusieurs personnes, la distance de 15 m + le suivi automatique des humano\u00efdes, le zoom sur les humano\u00efdes et l'enregistrement des images de suivi.<br \/>\nPrise en charge d'une carte de stockage TF de 8-128G<\/p>\n<table style=\"border-collapse: collapse; width: 701.43pt;\" border=\"0\" width=\"1169\" cellspacing=\"0\" cellpadding=\"0\">\n<tbody>\n<tr style=\"height: 20.00pt;\">\n<td class=\"et4\" style=\"height: 20.00pt; width: 124.30pt;\" width=\"207\" height=\"33\">contr\u00f4le principal<\/td>\n<td class=\"et5\" style=\"width: 577.50pt;\" colspan=\"2\" width=\"962\">DSP 32 bits \u00e0 double c\u0153ur (XM650V200)<\/td>\n<\/tr>\n<tr style=\"height: 20.00pt;\">\n<td class=\"et4\" style=\"height: 20.00pt; width: 124.30pt;\" width=\"207\" height=\"33\">capteur<\/td>\n<td class=\"et5\" colspan=\"2\">3*3MP 1\/2.7\u2033Color 3*MIS2009 capteurs CMOS haute performance<\/td>\n<\/tr>\n<tr style=\"height: 28.00pt;\">\n<td class=\"et4\" style=\"height: 28.00pt; width: 124.30pt;\" width=\"207\" height=\"46\">\u00c9clairage minimal<\/td>\n<td class=\"et7\" style=\"width: 577.50pt;\" colspan=\"2\" width=\"962\">Couleur:0.01Lux @(F1.2,AGC ON) ; 0 Lux avec l'IR<br \/>\nNoir et blanc : 0,001 Lux @ (F1.2, AGC ON),0 Lux avec IR<\/td>\n<\/tr>\n<tr style=\"height: 20.00pt;\">\n<td class=\"et4\" style=\"height: 20.00pt; width: 124.30pt;\" width=\"207\" height=\"33\">obturateur<\/td>\n<td class=\"et9\" colspan=\"2\">1\/50(1\/60) seconde - 1\/10000 seconde<\/td>\n<\/tr>\n<tr style=\"height: 20.00pt;\">\n<td class=\"et4\" style=\"height: 20.00pt; width: 124.30pt;\" width=\"207\" height=\"33\">distance locale<\/td>\n<td class=\"et9\" colspan=\"2\">Pistolet : F2.0*3.6MM \/ Balle : 2.8MM-12MM<\/td>\n<\/tr>\n<tr style=\"height: 20.00pt;\">\n<td class=\"et4\" style=\"height: 20.00pt; width: 124.30pt;\" width=\"207\" height=\"33\">r\u00e9duction du bruit<\/td>\n<td class=\"et9\" colspan=\"2\">R\u00e9duction du bruit 2D\/3D<\/td>\n<\/tr>\n<tr style=\"height: 20.00pt;\">\n<td class=\"et4\" style=\"height: 20.00pt; width: 124.30pt;\" width=\"207\" height=\"33\">Format vid\u00e9o<\/td>\n<td class=\"et9\" colspan=\"2\">H.265AI<\/td>\n<\/tr>\n<tr style=\"height: 20.00pt;\">\n<td class=\"et4\" style=\"height: 20.00pt; width: 124.30pt;\" width=\"207\" height=\"33\">pouvoir de r\u00e9solution<\/td>\n<td class=\"et9\" colspan=\"2\">R\u00e9solution principale : 2304*2592 ; sous-r\u00e9solution : 640*720<\/td>\n<\/tr>\n<tr style=\"height: 20.00pt;\">\n<td class=\"et4\" style=\"height: 20.00pt; width: 124.30pt;\" width=\"207\" height=\"33\">Taux de rafra\u00eechissement<\/td>\n<td class=\"et7\" style=\"width: 577.50pt;\" colspan=\"2\" width=\"962\">12 fps<\/td>\n<\/tr>\n<tr style=\"height: 20.00pt;\">\n<td class=\"et4\" style=\"height: 20.00pt; width: 124.30pt;\" width=\"207\" height=\"33\">Analyse intelligente<\/td>\n<td class=\"et7\" style=\"width: 577.50pt;\" colspan=\"2\" width=\"962\">Prise en charge de la d\u00e9tection des formes humaines<\/td>\n<\/tr>\n<tr style=\"height: 20.00pt;\">\n<td class=\"et4\" style=\"height: 20.00pt; width: 124.30pt;\" width=\"207\" height=\"33\">Fonction de suivi<\/td>\n<td class=\"et7\" style=\"width: 577.50pt;\" colspan=\"2\" width=\"962\">Soutien au suivi des formes humaines<\/td>\n<\/tr>\n<tr style=\"height: 20.00pt;\">\n<td class=\"et4\" style=\"height: 20.00pt; width: 124.30pt;\" width=\"207\" height=\"33\">source lumineuse<\/td>\n<td class=\"et13\" style=\"width: 577.50pt; border-right: 1.0pt solid #000000;\" colspan=\"2\" width=\"962\">10 lampes infrarouges + 10 lampes blanches<\/td>\n<\/tr>\n<tr style=\"height: 20.00pt;\">\n<td class=\"et4\" style=\"height: 20.00pt; width: 124.30pt;\" width=\"207\" height=\"33\">Mode lumineux<\/td>\n<td class=\"et7\" style=\"width: 577.50pt;\" colspan=\"2\" width=\"962\">Vision nocturne infrarouge\/couleur Starlight\/alerte \u00e0 double lumi\u00e8re<\/td>\n<\/tr>\n<tr style=\"height: 20.00pt;\">\n<td class=\"et4\" style=\"height: 20.00pt; width: 124.30pt;\" width=\"207\" height=\"33\">Voix bidirectionnelle<\/td>\n<td class=\"et9\" colspan=\"2\">Soutien<\/td>\n<\/tr>\n<tr style=\"height: 20.00pt;\">\n<td class=\"et4\" style=\"height: 20.00pt; width: 124.30pt;\" width=\"207\" height=\"33\">Stockage en nuage<\/td>\n<td class=\"et9\" colspan=\"2\">Soutien<\/td>\n<\/tr>\n<tr style=\"height: 20.00pt;\">\n<td class=\"et4\" style=\"height: 20.00pt; width: 124.30pt;\" width=\"207\" height=\"33\">Accord de soutien<\/td>\n<td class=\"et7\" style=\"width: 577.50pt;\" colspan=\"2\" width=\"962\">Prise en charge du protocole NETIP, du protocole ONVIF et du r\u00e9seau de distribution Bluetooth<\/td>\n<\/tr>\n<tr style=\"height: 20.00pt;\">\n<td class=\"et4\" style=\"height: 20.00pt; width: 124.30pt;\" width=\"207\" height=\"33\">interface r\u00e9seau<\/td>\n<td class=\"et9\" colspan=\"2\">Port Ethernet adaptatif 10M\/100M<\/td>\n<\/tr>\n<tr style=\"height: 20.00pt;\">\n<td class=\"et4\" style=\"height: 20.00pt; width: 124.30pt;\" width=\"207\" height=\"33\">Interface de stockage<\/td>\n<td class=\"et9\" colspan=\"2\">Carte TF locale (jusqu'\u00e0 128G)<\/td>\n<\/tr>\n<tr style=\"height: 20.00pt;\">\n<td class=\"et4\" style=\"height: 20.00pt; width: 124.30pt;\" width=\"207\" height=\"33\">Interface de la touche de r\u00e9initialisation<\/td>\n<td class=\"et15\" style=\"border-right: 1.0pt solid #000000;\" colspan=\"2\">Prise en charge de la r\u00e9cup\u00e9ration en un clic<\/td>\n<\/tr>\n<tr style=\"height: 20.00pt;\">\n<td class=\"et4\" style=\"height: 20.00pt; width: 124.30pt;\" width=\"207\" height=\"33\">Norme sans fil<\/td>\n<td class=\"et9\" colspan=\"2\">IEEE802.11b, 802.11g, 802.11n<\/td>\n<\/tr>\n<tr style=\"height: 20.00pt;\">\n<td class=\"et4\" style=\"height: 20.00pt; width: 124.30pt;\" width=\"207\" height=\"33\">gamme de fr\u00e9quences<\/td>\n<td class=\"et9\" colspan=\"2\">2,4 GHz ~ 2,4835 GHz<\/td>\n<\/tr>\n<tr style=\"height: 20.00pt;\">\n<td class=\"et4\" style=\"height: 20.00pt; width: 124.30pt;\" width=\"207\" height=\"33\">d\u00e9chets \u00e9nerg\u00e9tiques<\/td>\n<td class=\"et9\" colspan=\"2\">24W<\/td>\n<\/tr>\n<tr style=\"height: 20.00pt;\">\n<td class=\"et4\" style=\"height: 20.00pt; width: 124.30pt;\" width=\"207\" height=\"33\">Taille du produit<\/td>\n<td class=\"et9\" colspan=\"2\">98*127*175mm<\/td>\n<\/tr>\n<tr style=\"height: 20.00pt;\">\n<td class=\"et4\" style=\"height: 20.00pt; width: 124.30pt;\" width=\"207\" height=\"33\">Couleur Taille de la bo\u00eete<\/td>\n<td class=\"et9\" colspan=\"2\">178*164*105mm<\/td>\n<\/tr>\n<tr style=\"height: 20.00pt;\">\n<td class=\"et4\" style=\"height: 20.00pt; width: 124.30pt;\" width=\"207\" height=\"33\">temp\u00e9rature<\/td>\n<td class=\"et9\" colspan=\"2\">-10\u2103~60\u2103, humidit\u00e9 inf\u00e9rieure \u00e0 90% [pas de condensation].<\/td>\n<\/tr>\n<tr style=\"height: 20.00pt;\">\n<td class=\"et4\" style=\"height: 20.00pt; width: 124.30pt;\" width=\"207\" height=\"33\">Alimentation \u00e9lectrique<\/td>\n<td class=\"et9\" colspan=\"2\">DC 12V \u00b1 10%<\/td>\n<\/tr>\n<tr style=\"height: 20.00pt;\">\n<td class=\"et17\" style=\"height: 20.00pt; width: 124.30pt;\" width=\"207\" height=\"33\">poids<\/td>\n<td class=\"et18\" colspan=\"2\">0,538 kg (poids brut)<\/td>\n<\/tr>\n<\/tbody>\n<\/table>","protected":false},"featured_media":2193,"comment_status":"open","ping_status":"closed","template":"","meta":{"_seopress_robots_primary_cat":"","_seopress_titles_title":"9MP Dual-lens wireless security camera","_seopress_titles_desc":"Enhance your security with the 9MP Dual-lens wireless security camera, offering high-definition clarity and a wide-angle view for round-the-clock protection of your home or office.","_seopress_robots_index":""},"product_brand":[],"product_cat":[107],"product_tag":[],"class_list":{"0":"post-2190","1":"product","2":"type-product","3":"status-publish","4":"has-post-thumbnail","6":"product_cat-wireless-camera","8":"first","9":"instock","10":"shipping-taxable","11":"product-type-simple"},"_links":{"self":[{"href":"https:\/\/jer-tech.com\/fr\/wp-json\/wp\/v2\/product\/2190","targetHints":{"allow":["GET"]}}],"collection":[{"href":"https:\/\/jer-tech.com\/fr\/wp-json\/wp\/v2\/product"}],"about":[{"href":"https:\/\/jer-tech.com\/fr\/wp-json\/wp\/v2\/types\/product"}],"replies":[{"embeddable":true,"href":"https:\/\/jer-tech.com\/fr\/wp-json\/wp\/v2\/comments?post=2190"}],"wp:featuredmedia":[{"embeddable":true,"href":"https:\/\/jer-tech.com\/fr\/wp-json\/wp\/v2\/media\/2193"}],"wp:attachment":[{"href":"https:\/\/jer-tech.com\/fr\/wp-json\/wp\/v2\/media?parent=2190"}],"wp:term":[{"taxonomy":"product_brand","embeddable":true,"href":"https:\/\/jer-tech.com\/fr\/wp-json\/wp\/v2\/product_brand?post=2190"},{"taxonomy":"product_cat","embeddable":true,"href":"https:\/\/jer-tech.com\/fr\/wp-json\/wp\/v2\/product_cat?post=2190"},{"taxonomy":"product_tag","embeddable":true,"href":"https:\/\/jer-tech.com\/fr\/wp-json\/wp\/v2\/product_tag?post=2190"}],"curies":[{"name":"wp","href":"https:\/\/api.w.org\/{rel}","templated":true}]}}