{"id":2160,"date":"2025-02-22T12:24:33","date_gmt":"2025-02-22T04:24:33","guid":{"rendered":"https:\/\/jer-tech.com\/?post_type=product&#038;p=2160"},"modified":"2025-02-22T12:29:07","modified_gmt":"2025-02-22T04:29:07","slug":"camera-solaire-4g-aov-avec-enregistrement-24-heures","status":"publish","type":"product","link":"https:\/\/jer-tech.com\/fr\/produit\/camera-solaire-4g-aov-avec-enregistrement-24-heures\/","title":{"rendered":"Cam\u00e9ra solaire 4G AOV avec enregistrement 24 heures"},"content":{"rendered":"","protected":false},"excerpt":{"rendered":"<ul>\n<li>Support gratuit pour Amazon Amazon Alex\/Echo Show ;<\/li>\n<li>AOV-7*24 heures d'enregistrement vid\u00e9o, tr\u00e8s faible consommation d'\u00e9nergie.<\/li>\n<li>Cam\u00e9ra solaire \u00e0 faible consommation, avec panneau solaire de 9,2 W\uff0c21700 Deux batteries ;<\/li>\n<li>2 filtres anti-poussi\u00e8re F1.9 pour la lumi\u00e8re des \u00e9toiles, objectif de 3,6 mm, 4+4 lampes \u00e0 double c\u0153ur, 6 lampes infrarouges, 6 lampes blanches, vision nocturne \u00e0 double lumi\u00e8re et en couleur ;<\/li>\n<li>Prise en charge de l'\u00e9coute vocale bidirectionnelle en duplex, de l'interphonie, de l'envoi de messages d'alarme ;<\/li>\n<li>Contr\u00f4le pouss\u00e9 par un humano\u00efde IA, d\u00e9tection d'intrusion par zone IA (plusieurs zones de surveillance), alarme vocale AI DIY ;<\/li>\n<li>Prise en charge d'une vid\u00e9o d'une seconde et d'une image (\u00e9tat AOV) + vid\u00e9o \u00e0 fr\u00e9quence d'image maximale (\u00e9tat de veille) ; ;<\/li>\n<li>Alimentation : DC 5V 1,5A (non standard), interface Type-C ;<\/li>\n<li>Support 8-512G TF card storage, working temperature : -10\u2103-\uff0b55\u2103 ;<\/li>\n<\/ul>\n<table width=\"1200\">\n<tbody>\n<tr>\n<td width=\"199\">contr\u00f4le principal<\/td>\n<td colspan=\"2\" width=\"1001\">DSP 32 bits \u00e0 double c\u0153ur (RV1106G2)<\/td>\n<\/tr>\n<tr>\n<td width=\"199\">capteur<\/td>\n<td colspan=\"2\">2 capteurs CMOS 1\/3 pouce pour faible luminosit\u00e9<\/td>\n<\/tr>\n<tr>\n<td width=\"199\">\u00c9clairage minimal<\/td>\n<td colspan=\"2\" width=\"1001\">Couleur:0,01Lux @(F1.2,AGC ON) ; 0 Lux avec IR\uff1b Noir et blanc:0,001 Lux @ (F1.2,AGC ON),0 Lux avec IR<\/td>\n<\/tr>\n<tr>\n<td width=\"199\">obturateur<\/td>\n<td colspan=\"2\">1\/50 (1\/60) seconde \u00e0 1\/10000 seconde<\/td>\n<\/tr>\n<tr>\n<td width=\"199\">distance focale<\/td>\n<td colspan=\"2\">Boule : F1.9 * 3.6MM\/Pistolet : F1.9 * 3.6MM<\/td>\n<\/tr>\n<tr>\n<td width=\"199\">r\u00e9duction du bruit<\/td>\n<td colspan=\"2\">R\u00e9duction du bruit 2D\/3D<\/td>\n<\/tr>\n<tr>\n<td width=\"199\">Format vid\u00e9o<\/td>\n<td colspan=\"2\">H.265AI<\/td>\n<\/tr>\n<tr>\n<td width=\"199\">pouvoir de r\u00e9solution<\/td>\n<td colspan=\"2\">Flux de code principal : 1920*2160 ; flux secondaire : 800*896<\/td>\n<\/tr>\n<tr>\n<td width=\"199\">Taux de rafra\u00eechissement<\/td>\n<td colspan=\"2\">12 trames (\u00e9tat de veille)<\/td>\n<\/tr>\n<tr>\n<td width=\"199\">AI<\/td>\n<td colspan=\"2\">D\u00e9tection des humano\u00efdes par l'IA<\/td>\n<\/tr>\n<tr>\n<td width=\"199\">mode de fonctionnement<\/td>\n<td colspan=\"2\" width=\"1001\">Prise en charge d'une vid\u00e9o d'une seconde et d'une image (\u00e9tat AOV) et d'une vid\u00e9o \u00e0 fr\u00e9quence d'images maximale (\u00e9tat de veille) ; pouss\u00e9e du message d'alarme<\/td>\n<\/tr>\n<tr>\n<td width=\"199\">source lumineuse<\/td>\n<td colspan=\"2\" width=\"1001\">Machine \u00e0 d\u00f4me : 6 lumi\u00e8res infrarouges + 6 lumi\u00e8res blanches<br \/>\nVerrou : 4 lumi\u00e8res blanches infrarouges<\/td>\n<\/tr>\n<tr>\n<td width=\"199\">Mode lumineux<\/td>\n<td colspan=\"2\">Vision nocturne infrarouge \/ double \u00e9clairage intelligent<\/td>\n<\/tr>\n<tr>\n<td width=\"199\">Voix bidirectionnelle<\/td>\n<td colspan=\"2\">Soutien<\/td>\n<\/tr>\n<tr>\n<td width=\"199\">Stockage en nuage<\/td>\n<td colspan=\"2\">Soutien<\/td>\n<\/tr>\n<tr>\n<td width=\"199\">Accord de soutien<\/td>\n<td colspan=\"2\" width=\"1001\">Prise en charge du protocole NETIP<\/td>\n<\/tr>\n<tr>\n<td width=\"199\">interface r\u00e9seau<\/td>\n<td colspan=\"2\">4G<\/td>\n<\/tr>\n<tr>\n<td width=\"199\">Interface de stockage<\/td>\n<td colspan=\"2\">Carte TF locale (jusqu'\u00e0 256G)<\/td>\n<\/tr>\n<tr>\n<td width=\"199\">Interface de la touche de r\u00e9initialisation<\/td>\n<td colspan=\"2\">Prise en charge de la r\u00e9cup\u00e9ration en un clic<\/td>\n<\/tr>\n<tr>\n<td width=\"199\">gamme de fr\u00e9quences<\/td>\n<td colspan=\"2\" width=\"1001\">LTE-TDD:B34\/B38\/B39\/B40\/B41 LTE-FDD:B1\/B3\/B5\/B8 (version 4G Asie-Pacifique)<\/td>\n<\/tr>\n<tr>\n<td width=\"199\">Panneau de chargement solaire<\/td>\n<td colspan=\"2\">Panneaux solaires de 9,2 W<\/td>\n<\/tr>\n<tr>\n<td width=\"199\">Capacit\u00e9 de la batterie<\/td>\n<td colspan=\"2\">10400mA\uff0821700 Deux batteries\uff09<\/td>\n<\/tr>\n<tr>\n<td width=\"199\">Taille du produit<\/td>\n<td colspan=\"2\">3,8 pouces<\/td>\n<\/tr>\n<tr>\n<td width=\"199\">Couleur Taille de la bo\u00eete<\/td>\n<td colspan=\"2\">250*180*165mm<\/td>\n<\/tr>\n<tr>\n<td width=\"199\">temp\u00e9rature<\/td>\n<td colspan=\"2\">Z\u00e9ro 10 \u00b0 C -55 \u00b0 C, humidit\u00e9 inf\u00e9rieure \u00e0 90% [pas de condensation].<\/td>\n<\/tr>\n<tr>\n<td width=\"199\">source<\/td>\n<td colspan=\"2\">DC 5V\uff08Type-C\uff09<\/td>\n<\/tr>\n<tr>\n<td width=\"199\">poids<\/td>\n<td colspan=\"2\" width=\"1001\">1,38 kg (poids brut)<\/td>\n<\/tr>\n<\/tbody>\n<\/table>\n<p>&nbsp;<\/p>\n<p>&nbsp;<\/p>","protected":false},"featured_media":2172,"comment_status":"open","ping_status":"closed","template":"","meta":{"_seopress_robots_primary_cat":"135","_seopress_titles_title":"24 Hours Recording 4G AOV Solar Camera - JER Company","_seopress_titles_desc":"We supply AOV Solar 4G  Camera with AI human\/vehicle detection (99% accuracy), dual-mode recording, solar panel for 15-day rainy endurance. 5V optimized circuit, IP66 weatherproof design.","_seopress_robots_index":""},"product_brand":[],"product_cat":[135,107],"product_tag":[],"class_list":{"0":"post-2160","1":"product","2":"type-product","3":"status-publish","4":"has-post-thumbnail","6":"product_cat-solar-battery-camera","7":"product_cat-wireless-camera","9":"first","10":"instock","11":"shipping-taxable","12":"product-type-simple"},"_links":{"self":[{"href":"https:\/\/jer-tech.com\/fr\/wp-json\/wp\/v2\/product\/2160","targetHints":{"allow":["GET"]}}],"collection":[{"href":"https:\/\/jer-tech.com\/fr\/wp-json\/wp\/v2\/product"}],"about":[{"href":"https:\/\/jer-tech.com\/fr\/wp-json\/wp\/v2\/types\/product"}],"replies":[{"embeddable":true,"href":"https:\/\/jer-tech.com\/fr\/wp-json\/wp\/v2\/comments?post=2160"}],"wp:featuredmedia":[{"embeddable":true,"href":"https:\/\/jer-tech.com\/fr\/wp-json\/wp\/v2\/media\/2172"}],"wp:attachment":[{"href":"https:\/\/jer-tech.com\/fr\/wp-json\/wp\/v2\/media?parent=2160"}],"wp:term":[{"taxonomy":"product_brand","embeddable":true,"href":"https:\/\/jer-tech.com\/fr\/wp-json\/wp\/v2\/product_brand?post=2160"},{"taxonomy":"product_cat","embeddable":true,"href":"https:\/\/jer-tech.com\/fr\/wp-json\/wp\/v2\/product_cat?post=2160"},{"taxonomy":"product_tag","embeddable":true,"href":"https:\/\/jer-tech.com\/fr\/wp-json\/wp\/v2\/product_tag?post=2160"}],"curies":[{"name":"wp","href":"https:\/\/api.w.org\/{rel}","templated":true}]}}