{"id":1624,"date":"2023-03-07T11:31:06","date_gmt":"2023-03-07T03:31:06","guid":{"rendered":"https:\/\/jer-tech.com\/?post_type=product&#038;p=1624"},"modified":"2023-03-07T17:46:35","modified_gmt":"2023-03-07T09:46:35","slug":"camera-solaire-sans-fil-4g","status":"publish","type":"product","link":"https:\/\/jer-tech.com\/fr\/produit\/camera-solaire-sans-fil-4g\/","title":{"rendered":"Cam\u00e9ra solaire sans fil 4K \u00e0 double objectif 180\u00b0 super grand angle 4G"},"content":{"rendered":"","protected":false},"excerpt":{"rendered":"<p><strong>Cam\u00e9ra solaire sans fil 4K \u00e0 double objectif 180\u00b0 super grand angle 4G<\/strong><\/p>\n<ul>\n<li>Qualit\u00e9 Super Haute D\u00e9finition 4K, images et vid\u00e9os d'une clart\u00e9 cristalline<\/li>\n<li>100 d\u00e9tections par jour, 80 jours d'autonomie sans soleil<\/li>\n<li>Double objectif sans algorithme d'assemblage, super grand-angle sans distorsion \u00e0 180<\/li>\n<li>Suivi intelligent des humano\u00efdes, surveillant chaque d\u00e9tail \u00e0 l'\u00e9chelle mondiale<\/li>\n<li>Double IRP pour la d\u00e9tection des personnes, notifications d'alarme en temps utile<\/li>\n<li>Capture en quelques millisecondes, acc\u00e8s \u00e0 distance \u00e0 tout moment, liaison intelligente<\/li>\n<li>Vision nocturne infrarouge 40M, vision couleur lumi\u00e8re blanche 20M<\/li>\n<li>\u00c9tanch\u00e9it\u00e9 IP66 et \u00e9tanch\u00e9it\u00e9 \u00e0 la poussi\u00e8re, pas de crainte des intemp\u00e9ries \u00e0 l'ext\u00e9rieur<\/li>\n<\/ul>","protected":false},"featured_media":1627,"comment_status":"open","ping_status":"closed","template":"","meta":{"_seopress_robots_primary_cat":"none","_seopress_titles_title":"Dual-Lens 180\u00b0 Super Wide-Angle 4G Solar Wireless Camera | Jer Technology Co., Ltd","_seopress_titles_desc":"Protect your property with our 4G solar wireless camera. This eco-friendly and wireless outdoor security solution provides reliable surveillance in remote locations without the need for electricity or Wi-Fi. With 4G connectivity, you can monitor your property from anywhere. Choose us for reliable and eco-friendly wireless security technology.","_seopress_robots_index":""},"product_brand":[],"product_cat":[135,107],"product_tag":[],"class_list":{"0":"post-1624","1":"product","2":"type-product","3":"status-publish","4":"has-post-thumbnail","6":"product_cat-solar-battery-camera","7":"product_cat-wireless-camera","9":"first","10":"instock","11":"shipping-taxable","12":"product-type-simple"},"_links":{"self":[{"href":"https:\/\/jer-tech.com\/fr\/wp-json\/wp\/v2\/product\/1624","targetHints":{"allow":["GET"]}}],"collection":[{"href":"https:\/\/jer-tech.com\/fr\/wp-json\/wp\/v2\/product"}],"about":[{"href":"https:\/\/jer-tech.com\/fr\/wp-json\/wp\/v2\/types\/product"}],"replies":[{"embeddable":true,"href":"https:\/\/jer-tech.com\/fr\/wp-json\/wp\/v2\/comments?post=1624"}],"wp:featuredmedia":[{"embeddable":true,"href":"https:\/\/jer-tech.com\/fr\/wp-json\/wp\/v2\/media\/1627"}],"wp:attachment":[{"href":"https:\/\/jer-tech.com\/fr\/wp-json\/wp\/v2\/media?parent=1624"}],"wp:term":[{"taxonomy":"product_brand","embeddable":true,"href":"https:\/\/jer-tech.com\/fr\/wp-json\/wp\/v2\/product_brand?post=1624"},{"taxonomy":"product_cat","embeddable":true,"href":"https:\/\/jer-tech.com\/fr\/wp-json\/wp\/v2\/product_cat?post=1624"},{"taxonomy":"product_tag","embeddable":true,"href":"https:\/\/jer-tech.com\/fr\/wp-json\/wp\/v2\/product_tag?post=1624"}],"curies":[{"name":"wp","href":"https:\/\/api.w.org\/{rel}","templated":true}]}}