{"id":1610,"date":"2023-03-07T10:53:58","date_gmt":"2023-03-07T02:53:58","guid":{"rendered":"https:\/\/jer-tech.com\/?post_type=product&#038;p=1610"},"modified":"2023-03-07T10:53:59","modified_gmt":"2023-03-07T02:53:59","slug":"camera-solaire-ptz-4g","status":"publish","type":"product","link":"https:\/\/jer-tech.com\/fr\/produit\/camera-solaire-ptz-4g\/","title":{"rendered":"Cam\u00e9ra PTZ solaire 4G \u00e0 double objectif et d\u00e9tection de mouvement 4K"},"content":{"rendered":"","protected":false},"excerpt":{"rendered":"<p><strong>Cam\u00e9ra PTZ solaire 4G \u00e0 double objectif et d\u00e9tection de mouvement 4K<\/strong><\/p>\n<ol>\n<li>Cam\u00e9ra PTZ 4K \u00e0 double objectif 4G aliment\u00e9e par batterie solaire<\/li>\n<li>Module 4G int\u00e9gr\u00e9, diff\u00e9rents modules selon les pays<\/li>\n<li>Panoramique et inclinaison : panoramique 355 degr\u00e9s et inclinaison 90 degr\u00e9s<\/li>\n<li>Panneau solaire de 6 watts, batteries int\u00e9gr\u00e9es de 20000mAh<\/li>\n<li>Interphone vocal bidirectionnel<\/li>\n<li>Prise en charge du stockage dans le nuage et du stockage sur carte TF jusqu'\u00e0 128G<\/li>\n<li>Prise en charge de la visualisation\/lecture \u00e0 distance des applications Android et IOS (APP : NiView)<\/li>\n<li>Enregistrement vid\u00e9o et envoi de messages en cas de r\u00e9veil par d\u00e9tection PIR + humano\u00efde<\/li>\n<li>Enregistrement sur 24 heures, enregistrement sur 24 heures + d\u00e9clenchement, enregistrement sur d\u00e9clenchement trois modes de travail<\/li>\n<li>Objectif grand angle 2,5 mm + zoom optique 10x 5-50 mm, pour une vision claire de loin et de pr\u00e8s<\/li>\n<li>Prise en charge de la d\u00e9tection de mouvements, de la d\u00e9tection d'humano\u00efdes, du suivi automatique d'humano\u00efdes, du positionnement vid\u00e9o en 3D<\/li>\n<li>Classe d'\u00e9tanch\u00e9it\u00e9 IP66<\/li>\n<\/ol>","protected":false},"featured_media":1614,"comment_status":"open","ping_status":"closed","template":"","meta":{"_seopress_robots_primary_cat":"","_seopress_titles_title":"4G Solar PTZ Camera | Wireless Outdoor Security Camera | JER Technology Co., Ltd","_seopress_titles_desc":"As a wholesaler or distributor, offer your clients the best in outdoor security technology with our 4G solar PTZ camera. Our camera features powerful pan-tilt-zoom capabilities and 4G connectivity, making it an ideal solution for remote locations. Choose JER to provide your customers with reliable, wireless security technology.","_seopress_robots_index":""},"product_brand":[],"product_cat":[135,107],"product_tag":[],"class_list":{"0":"post-1610","1":"product","2":"type-product","3":"status-publish","4":"has-post-thumbnail","6":"product_cat-solar-battery-camera","7":"product_cat-wireless-camera","9":"first","10":"instock","11":"shipping-taxable","12":"product-type-simple"},"_links":{"self":[{"href":"https:\/\/jer-tech.com\/fr\/wp-json\/wp\/v2\/product\/1610","targetHints":{"allow":["GET"]}}],"collection":[{"href":"https:\/\/jer-tech.com\/fr\/wp-json\/wp\/v2\/product"}],"about":[{"href":"https:\/\/jer-tech.com\/fr\/wp-json\/wp\/v2\/types\/product"}],"replies":[{"embeddable":true,"href":"https:\/\/jer-tech.com\/fr\/wp-json\/wp\/v2\/comments?post=1610"}],"wp:featuredmedia":[{"embeddable":true,"href":"https:\/\/jer-tech.com\/fr\/wp-json\/wp\/v2\/media\/1614"}],"wp:attachment":[{"href":"https:\/\/jer-tech.com\/fr\/wp-json\/wp\/v2\/media?parent=1610"}],"wp:term":[{"taxonomy":"product_brand","embeddable":true,"href":"https:\/\/jer-tech.com\/fr\/wp-json\/wp\/v2\/product_brand?post=1610"},{"taxonomy":"product_cat","embeddable":true,"href":"https:\/\/jer-tech.com\/fr\/wp-json\/wp\/v2\/product_cat?post=1610"},{"taxonomy":"product_tag","embeddable":true,"href":"https:\/\/jer-tech.com\/fr\/wp-json\/wp\/v2\/product_tag?post=1610"}],"curies":[{"name":"wp","href":"https:\/\/api.w.org\/{rel}","templated":true}]}}