{"id":1476,"date":"2022-07-18T18:03:46","date_gmt":"2022-07-18T10:03:46","guid":{"rendered":"https:\/\/jer-tech.com\/?post_type=product&#038;p=1476"},"modified":"2022-07-18T18:03:47","modified_gmt":"2022-07-18T10:03:47","slug":"camera-solaire-4g","status":"publish","type":"product","link":"https:\/\/jer-tech.com\/fr\/produit\/camera-solaire-4g\/","title":{"rendered":"Cam\u00e9ra solaire 4G Cam\u00e9ra sans fil Pan-Tilt"},"content":{"rendered":"","protected":false},"excerpt":{"rendered":"<ul>\n<li>Qualit\u00e9 d'image HD : qualit\u00e9 d'image HD 3.0MP, images claires et d\u00e9licates.<\/li>\n<li>Fonctionnement \u00e0 faible consommation d'\u00e9nergie : L'appareil est dot\u00e9 d'une fonction de mise en veille, d'un fonctionnement \u00e0 tr\u00e8s faible consommation d'\u00e9nergie, d'une longue dur\u00e9e de veille, d'une \u00e9conomie d'\u00e9nergie intelligente et peut \u00eatre r\u00e9veill\u00e9 \u00e0 distance par le t\u00e9l\u00e9phone portable.<\/li>\n<li>Smart PIR : capteur infrarouge int\u00e9gr\u00e9 pour le corps humain, lorsque l'appareil d\u00e9tecte le vagabondage du corps humain, il envoie automatiquement une information d'alarme anormale au t\u00e9l\u00e9phone portable.<\/li>\n<li>Messages push WeChat\/APP : permet de transmettre des informations d'alarme \u00e0 Wechat\/APP, de recevoir le message d'alarme et de traiter les urgences \u00e0 temps.<\/li>\n<li>Mode de vision nocturne \u00e0 double lumi\u00e8re en option : vision nocturne jour et nuit en couleurs et vision nocturne infrarouge, qui peut \u00eatre commut\u00e9e \u00e0 volont\u00e9.<\/li>\n<li>Alimentation solaire : L'\u00e9quipement est aliment\u00e9 par l'\u00e9nergie solaire (n\u00e9cessite une carte d'alimentation solaire externe).<\/li>\n<li>Interphone vocal : interphone vocal bidirectionnel, la communication se fait sans barri\u00e8re.<\/li>\n<li>Contr\u00f4le PTZ : rotation horizontale de 350\u00b0, verticale de 90\u00b0, large champ de vision, grande port\u00e9e de surveillance.<\/li>\n<li>Gestion du stockage : prise en charge du stockage sur carte TF locale, avec un maximum de 128 Go, couverture automatique compl\u00e8te du cycle ; prise en charge du stockage sur le cloud.<\/li>\n<li>Mode de connexion : prise en charge de la connexion sans fil.<\/li>\n<li>\u00c9tanch\u00e9it\u00e9 IP66 : l'ensemble de la machine est \u00e9tanche, avec un niveau de protection IP66, et ne craint ni le vent ni la pluie.<\/li>\n<li>Surveillance par t\u00e9l\u00e9phone mobile : prise en charge de la surveillance \u00e0 distance par t\u00e9l\u00e9phone mobile (IOS, Android).<\/li>\n<\/ul>","protected":false},"featured_media":1478,"comment_status":"open","ping_status":"closed","template":"","meta":{"_seopress_robots_primary_cat":"","_seopress_titles_title":"4G Solar camera - JER Company - CCTV Supplier in China","_seopress_titles_desc":"Finding a Reliable 4G Solar camera supplier can save you tons of money. Let JER Technology become your CCTV products partner.","_seopress_robots_index":""},"product_brand":[],"product_cat":[107],"product_tag":[],"class_list":{"0":"post-1476","1":"product","2":"type-product","3":"status-publish","4":"has-post-thumbnail","6":"product_cat-wireless-camera","8":"first","9":"instock","10":"shipping-taxable","11":"product-type-simple"},"_links":{"self":[{"href":"https:\/\/jer-tech.com\/fr\/wp-json\/wp\/v2\/product\/1476","targetHints":{"allow":["GET"]}}],"collection":[{"href":"https:\/\/jer-tech.com\/fr\/wp-json\/wp\/v2\/product"}],"about":[{"href":"https:\/\/jer-tech.com\/fr\/wp-json\/wp\/v2\/types\/product"}],"replies":[{"embeddable":true,"href":"https:\/\/jer-tech.com\/fr\/wp-json\/wp\/v2\/comments?post=1476"}],"wp:featuredmedia":[{"embeddable":true,"href":"https:\/\/jer-tech.com\/fr\/wp-json\/wp\/v2\/media\/1478"}],"wp:attachment":[{"href":"https:\/\/jer-tech.com\/fr\/wp-json\/wp\/v2\/media?parent=1476"}],"wp:term":[{"taxonomy":"product_brand","embeddable":true,"href":"https:\/\/jer-tech.com\/fr\/wp-json\/wp\/v2\/product_brand?post=1476"},{"taxonomy":"product_cat","embeddable":true,"href":"https:\/\/jer-tech.com\/fr\/wp-json\/wp\/v2\/product_cat?post=1476"},{"taxonomy":"product_tag","embeddable":true,"href":"https:\/\/jer-tech.com\/fr\/wp-json\/wp\/v2\/product_tag?post=1476"}],"curies":[{"name":"wp","href":"https:\/\/api.w.org\/{rel}","templated":true}]}}