{"id":1365,"date":"2022-05-24T18:30:31","date_gmt":"2022-05-24T10:30:31","guid":{"rendered":"https:\/\/jer-tech.com\/?post_type=product&#038;p=1365"},"modified":"2025-02-23T14:47:26","modified_gmt":"2025-02-23T06:47:26","slug":"cameras-ip-sans-fil","status":"publish","type":"product","link":"https:\/\/jer-tech.com\/fr\/produit\/cameras-ip-sans-fil\/","title":{"rendered":"Vente en gros de cam\u00e9ras IP sans fil"},"content":{"rendered":"","protected":false},"excerpt":{"rendered":"<ul>\n<li>Le stockage dans le nuage est gratuit pendant 30 jours, universel \u00e0 la maison et \u00e0 l'\u00e9tranger ;<\/li>\n<li>Suivi humain intelligent AI, fonction de positionnement \u00e0 point fixe Watchpoint [1080P&amp;3.0MP].<\/li>\n<li>D\u00e9tection intelligente des personnes par l'IA (d\u00e9tection des lignes transversales\/d\u00e9tection de la zone) [1080P&amp;3.0MP]<\/li>\n<li>DC 5V\/2A, alimentation standard am\u00e9ricaine par d\u00e9faut ; (selon les r\u00e9glementations europ\u00e9ennes \/ britanniques \/ australiennes)<\/li>\n<li>La carte Micro SD prend en charge de 8 \u00e0 128 Go, la technologie d'encodage H.265X permet de doubler la capacit\u00e9 de stockage ;<\/li>\n<li>Interphone vocal bidirectionnel, information sur l'alarme de d\u00e9tection humaine par pression ;<\/li>\n<li>Envoi de messages d'alarme par WeChat directement<\/li>\n<li>Enregistrement et lecture en temps r\u00e9el via le client PC du CMS ; prise en charge du protocole ONVIF pour l'ajout d'un enregistreur ;<\/li>\n<li>Microphone et haut-parleur standard ;<\/li>\n<li>Supporte le WiFi 2.4Ghz et le hotspot AP ;<\/li>\n<li>L'antenne int\u00e9gr\u00e9e 3DB standard \u00e0 haute intensit\u00e9 transmet les signaux, et la puissance du signal peut atteindre environ 10 m\u00e8tres ;<\/li>\n<li>Rotation : horizontale : 355 degr\u00e9s et verticale : 90 degr\u00e9s ;<\/li>\n<li>8 lampes matricielles LED standard, fonction de vision nocturne infrarouge noire et blanche ;<\/li>\n<li>\u00c9quipe de conception industrielle, conception ind\u00e9pendante de l'apparence, avec autorisation de brevet d'apparence ;<\/li>\n<\/ul>\n<table style=\"border-collapse: collapse; width: 589.23pt;\" border=\"0\" width=\"982\" cellspacing=\"0\" cellpadding=\"0\">\n<tbody>\n<tr style=\"height: 20.10pt;\">\n<td class=\"et2\" style=\"height: 20.10pt; width: 97.90pt;\" width=\"163\" height=\"33\">capteur<\/td>\n<td class=\"et3\" style=\"width: 491.40pt; border-right: 1.0pt solid #000000;\" colspan=\"2\" width=\"819\">Capteur CMOS haute performance<\/td>\n<\/tr>\n<tr style=\"height: 30.00pt;\">\n<td class=\"et2\" style=\"height: 30.00pt; width: 97.90pt;\" width=\"163\" height=\"50\">\u00c9clairage minimal<\/td>\n<td class=\"et5\" style=\"width: 491.40pt; border-right: 1.0pt solid #000000;\" colspan=\"2\" width=\"819\">Couleur:0.01Lux @(F1.2,AGC ON) ; 0 Lux avec l'IR<br \/>\nNoir et blanc : 0,001 Lux @ (F1.2, AGC ON),0 Lux avec IR<\/td>\n<\/tr>\n<tr style=\"height: 20.10pt;\">\n<td class=\"et2\" style=\"height: 20.10pt; width: 97.90pt;\" width=\"163\" height=\"33\">obturateur<\/td>\n<td class=\"et7\" colspan=\"2\">1\/50 (1\/60) seconde \u00e0 1\/10000 seconde<\/td>\n<\/tr>\n<tr style=\"height: 20.10pt;\">\n<td class=\"et9\" style=\"height: 20.10pt; width: 97.90pt;\" width=\"163\" height=\"33\">distance focale<\/td>\n<td class=\"et10\" style=\"border-right: 1.0pt solid #000000;\" colspan=\"2\">2.8MM<\/td>\n<\/tr>\n<tr style=\"height: 20.10pt;\">\n<td class=\"et2\" style=\"height: 20.10pt; width: 97.90pt;\" width=\"163\" height=\"33\">r\u00e9duction du bruit<\/td>\n<td class=\"et12\" colspan=\"2\">R\u00e9duction du bruit 2D\/3D<\/td>\n<\/tr>\n<tr style=\"height: 20.10pt;\">\n<td class=\"et2\" style=\"height: 20.10pt; width: 97.90pt;\" width=\"163\" height=\"33\">Format vid\u00e9o<\/td>\n<td class=\"et14\" colspan=\"2\">H.265AI<\/td>\n<\/tr>\n<tr style=\"height: 20.10pt;\">\n<td class=\"et2\" style=\"height: 20.10pt; width: 97.90pt;\" width=\"163\" height=\"33\">pouvoir de r\u00e9solution<\/td>\n<td class=\"et10\" style=\"border-right: 1.0pt solid #000000;\" colspan=\"2\">Flux de code principal : 2304*1296 ; flux secondaire : 800 * 448<\/td>\n<\/tr>\n<tr style=\"height: 20.10pt;\">\n<td class=\"et2\" style=\"height: 20.10pt; width: 97.90pt;\" width=\"163\" height=\"33\">Taux de rafra\u00eechissement<\/td>\n<td class=\"et17\" style=\"border-right: 1.0pt solid #000000;\" colspan=\"2\">12 fps<\/td>\n<\/tr>\n<tr style=\"height: 20.10pt;\">\n<td class=\"et2\" style=\"height: 20.10pt; width: 97.90pt;\" width=\"163\" height=\"33\">Analyse intelligente<\/td>\n<td class=\"et19\" colspan=\"2\">Prise en charge de la d\u00e9tection des formes humaines<\/td>\n<\/tr>\n<tr style=\"height: 20.10pt;\">\n<td class=\"et2\" style=\"height: 20.10pt; width: 97.90pt;\" width=\"163\" height=\"33\">Fonction de suivi<\/td>\n<td class=\"et21\" style=\"border-right: 1.0pt solid #000000;\" colspan=\"2\">Soutien au suivi des formes humaines<\/td>\n<\/tr>\n<tr style=\"height: 20.10pt;\">\n<td class=\"et2\" style=\"height: 20.10pt; width: 97.90pt;\" width=\"163\" height=\"33\">source lumineuse<\/td>\n<td class=\"et21\" style=\"border-right: 1.0pt solid #000000;\" colspan=\"2\">Infrarouge 6 lumi\u00e8res<\/td>\n<\/tr>\n<tr style=\"height: 20.10pt;\">\n<td class=\"et2\" style=\"height: 20.10pt; width: 97.90pt;\" width=\"163\" height=\"33\">Mode lumineux<\/td>\n<td class=\"et19\" colspan=\"2\">Mode infrarouge<\/td>\n<\/tr>\n<tr style=\"height: 20.10pt;\">\n<td class=\"et2\" style=\"height: 20.10pt; width: 97.90pt;\" width=\"163\" height=\"33\">Voix bidirectionnelle<\/td>\n<td class=\"et12\" colspan=\"2\">soutenir<\/td>\n<\/tr>\n<tr style=\"height: 20.10pt;\">\n<td class=\"et2\" style=\"height: 20.10pt; width: 97.90pt;\" width=\"163\" height=\"33\">Stockage en nuage<\/td>\n<td class=\"et19\" colspan=\"2\">soutenir<\/td>\n<\/tr>\n<tr style=\"height: 20.10pt;\">\n<td class=\"et2\" style=\"height: 20.10pt; width: 97.90pt;\" width=\"163\" height=\"33\">Accord de soutien<\/td>\n<td class=\"et23\" style=\"width: 491.40pt;\" colspan=\"2\" width=\"819\">Prise en charge du protocole NETIP<\/td>\n<\/tr>\n<tr style=\"height: 20.10pt;\">\n<td class=\"et2\" style=\"height: 20.10pt; width: 97.90pt;\" width=\"163\" height=\"33\">interface r\u00e9seau<\/td>\n<td class=\"et19\" colspan=\"2\">Je ne le soutiendrai pas<\/td>\n<\/tr>\n<tr style=\"height: 20.10pt;\">\n<td class=\"et2\" style=\"height: 20.10pt; width: 97.90pt;\" width=\"163\" height=\"33\">Interface de stockage<\/td>\n<td class=\"et19\" colspan=\"2\">Carte TF locale (jusqu'\u00e0 128G)<\/td>\n<\/tr>\n<tr style=\"height: 20.10pt;\">\n<td class=\"et2\" style=\"height: 20.10pt; width: 97.90pt;\" width=\"163\" height=\"33\">Interface de la touche de r\u00e9initialisation<\/td>\n<td class=\"et21\" style=\"border-right: 1.0pt solid #000000;\" colspan=\"2\">Prise en charge de la r\u00e9cup\u00e9ration en un clic<\/td>\n<\/tr>\n<tr style=\"height: 20.10pt;\">\n<td class=\"et2\" style=\"height: 20.10pt; width: 97.90pt;\" width=\"163\" height=\"33\">Norme sans fil<\/td>\n<td class=\"et19\" colspan=\"2\">IEEE802.11b, 802.11g, 802.11n<\/td>\n<\/tr>\n<tr style=\"height: 20.10pt;\">\n<td class=\"et2\" style=\"height: 20.10pt; width: 97.90pt;\" width=\"163\" height=\"33\">gamme de fr\u00e9quences<\/td>\n<td class=\"et19\" colspan=\"2\">2,4 GHz ~ 2,4835 GHz<\/td>\n<\/tr>\n<tr style=\"height: 20.10pt;\">\n<td class=\"et2\" style=\"height: 20.10pt; width: 97.90pt;\" width=\"163\" height=\"33\">dissipation de puissance<\/td>\n<td class=\"et19\" colspan=\"2\">5W<\/td>\n<\/tr>\n<tr style=\"height: 20.10pt;\">\n<td class=\"et2\" style=\"height: 20.10pt; width: 97.90pt;\" width=\"163\" height=\"33\">Taille du produit<\/td>\n<td class=\"et19\" colspan=\"2\">77*77*115mm<\/td>\n<\/tr>\n<tr style=\"height: 20.10pt;\">\n<td class=\"et2\" style=\"height: 20.10pt; width: 97.90pt;\" width=\"163\" height=\"33\">Couleur Taille de la bo\u00eete<\/td>\n<td class=\"et19\" colspan=\"2\">92*92*160mm<\/td>\n<\/tr>\n<tr style=\"height: 20.10pt;\">\n<td class=\"et2\" style=\"height: 20.10pt; width: 97.90pt;\" width=\"163\" height=\"33\">temp\u00e9rature<\/td>\n<td class=\"et19\" colspan=\"2\">-10\u2103~60\u2103, humidit\u00e9 inf\u00e9rieure \u00e0 90% [pas de condensation].<\/td>\n<\/tr>\n<tr style=\"height: 20.10pt;\">\n<td class=\"et2\" style=\"height: 20.10pt; width: 97.90pt;\" width=\"163\" height=\"33\">source<\/td>\n<td class=\"et19\" colspan=\"2\">5V\u3010type-C\u3011<\/td>\n<\/tr>\n<tr style=\"height: 20.10pt;\">\n<td class=\"et2\" style=\"height: 20.10pt; width: 97.90pt;\" width=\"163\" height=\"33\">poids<\/td>\n<td class=\"et25\" colspan=\"2\">0,3128 kg (poids brut)<\/td>\n<\/tr>\n<\/tbody>\n<\/table>","protected":false},"featured_media":1383,"comment_status":"open","ping_status":"closed","template":"","meta":{"_seopress_robots_primary_cat":"none","_seopress_titles_title":"Wholesale wireless IP Cameras - JER Company - IP Cameras supplier in China","_seopress_titles_desc":"","_seopress_robots_index":"yes"},"product_brand":[],"product_cat":[107],"product_tag":[],"class_list":{"0":"post-1365","1":"product","2":"type-product","3":"status-publish","4":"has-post-thumbnail","6":"product_cat-wireless-camera","8":"first","9":"instock","10":"shipping-taxable","11":"product-type-simple"},"_links":{"self":[{"href":"https:\/\/jer-tech.com\/fr\/wp-json\/wp\/v2\/product\/1365","targetHints":{"allow":["GET"]}}],"collection":[{"href":"https:\/\/jer-tech.com\/fr\/wp-json\/wp\/v2\/product"}],"about":[{"href":"https:\/\/jer-tech.com\/fr\/wp-json\/wp\/v2\/types\/product"}],"replies":[{"embeddable":true,"href":"https:\/\/jer-tech.com\/fr\/wp-json\/wp\/v2\/comments?post=1365"}],"wp:featuredmedia":[{"embeddable":true,"href":"https:\/\/jer-tech.com\/fr\/wp-json\/wp\/v2\/media\/1383"}],"wp:attachment":[{"href":"https:\/\/jer-tech.com\/fr\/wp-json\/wp\/v2\/media?parent=1365"}],"wp:term":[{"taxonomy":"product_brand","embeddable":true,"href":"https:\/\/jer-tech.com\/fr\/wp-json\/wp\/v2\/product_brand?post=1365"},{"taxonomy":"product_cat","embeddable":true,"href":"https:\/\/jer-tech.com\/fr\/wp-json\/wp\/v2\/product_cat?post=1365"},{"taxonomy":"product_tag","embeddable":true,"href":"https:\/\/jer-tech.com\/fr\/wp-json\/wp\/v2\/product_tag?post=1365"}],"curies":[{"name":"wp","href":"https:\/\/api.w.org\/{rel}","templated":true}]}}