{"id":1360,"date":"2022-05-24T17:15:37","date_gmt":"2022-05-24T09:15:37","guid":{"rendered":"https:\/\/jer-tech.com\/?post_type=product&#038;p=1360"},"modified":"2022-07-20T11:20:55","modified_gmt":"2022-07-20T03:20:55","slug":"camera-wifi-ptz","status":"publish","type":"product","link":"https:\/\/jer-tech.com\/fr\/product\/wifi-ptz-camera\/","title":{"rendered":"Cam\u00e9ra PTZ WiFi avec zoom hybride 8x et vision nocturne en couleur"},"content":{"rendered":"","protected":false},"excerpt":{"rendered":"<ul>\n<li>Double objectif 4MP FHD : 2pcs * 4MP flux vid\u00e9o haute d\u00e9finition et l'image transmettre la sc\u00e8ne extr\u00eamement claire et pr\u00e9cise en direct. tout captur\u00e9 par cette cam\u00e9ra sera pr\u00e9sent\u00e9 \u00e0 vous via des vid\u00e9os fluides. Le flux vid\u00e9o peut \u00eatre consult\u00e9 via un t\u00e9l\u00e9phone portable iOS\/Android et une tablette \/ iPad \/ PC, etc. (REMARQUE : la cam\u00e9ra fonctionne avec un r\u00e9seau WiFi 2.4G, elle ne prend pas en charge le r\u00e9seau 5G).<\/li>\n<li>Panoramique, inclinaison et zoom intelligents : la plage de vision horizontale de 350\u00b0 et la plage de vision verticale de 110\u00b0, ainsi que le zoom num\u00e9rique et optique 8X, permettent d'obtenir une vision panoramique de presque 360\u00b0, couvrant ainsi tous les coins de votre espace.<\/li>\n<li>D\u00e9tection de mouvement et audio bidirectionnel : Lorsqu'un mouvement est d\u00e9tect\u00e9, une notification d'alerte ou une vid\u00e9o de d\u00e9tection est envoy\u00e9e \u00e0 votre t\u00e9l\u00e9phone en temps r\u00e9el. Vous pouvez l'utiliser \u00e0 l'ext\u00e9rieur pour communiquer clairement et en douceur avec les personnes proches de la cam\u00e9ra par le biais de l'APP et faire fuir les intrus.<\/li>\n<li>Vision nocturne claire et color\u00e9e : \u00c9quip\u00e9 de 10 LED, m\u00eame dans l'obscurit\u00e9 la plus totale, avec une vision nocturne claire et color\u00e9e jusqu'\u00e0 40 m\u00e8tres, vous offrant une exp\u00e9rience de vision nocturne exceptionnelle.<\/li>\n<li>Niveau d'\u00e9tanch\u00e9it\u00e9 et de protection contre la poussi\u00e8re IP66 : IP66 excellente fonction imperm\u00e9able \u00e0 l'eau et \u00e0 la poussi\u00e8re est un bon choix pour l'utilisation en ext\u00e9rieur. Utiliser des mat\u00e9riaux ABS de haute qualit\u00e9 pour assurer une utilisation s\u00fbre dans la plage de temp\u00e9rature de 14 \u00b0F \u00e0 113 \u00b0F(-10\u2103 \u00e0 45\u2103). Qu'il pleuve ou qu'il fasse beau, il est assez r\u00e9sistant pour r\u00e9sister aux intemp\u00e9ries.<\/li>\n<li>Deux modes de stockage : la carte SD et le stockage dans le nuage sont tous deux disponibles et optionnels. Stockez toute votre vid\u00e9osurveillance 24\/7, le protocole de cryptage de s\u00e9curit\u00e9 prot\u00e8ge votre vie priv\u00e9e, prend en charge ONVIF et est compatible avec la plupart des appareils NVR.<\/li>\n<li>Partage entre plusieurs membres de la famille : Permet la visualisation simultan\u00e9e de plusieurs utilisateurs et la prise en charge de plusieurs cam\u00e9ras dans une seule application.<\/li>\n<li>Prise en charge du mode de connexion AP : Si la cam\u00e9ra se d\u00e9connecte lorsque votre r\u00e9seau est en panne, la cam\u00e9ra a un AP WiFi int\u00e9gr\u00e9, vous pouvez toujours vous connecter \u00e0 l'AP WiFi pour travailler avec votre t\u00e9l\u00e9phone dans un rayon de 10 m\u00e8tres.<\/li>\n<li>Facile \u00e0 installer : gr\u00e2ce aux instructions \u00e9tape par \u00e9tape via l'application gratuite. Vous pouvez acc\u00e9der \u00e0 distance \u00e0 votre t\u00e9l\u00e9phone\/appareil mobile facilement.<\/li>\n<\/ul>","protected":false},"featured_media":1389,"comment_status":"open","ping_status":"closed","template":"","meta":{"_seopress_robots_primary_cat":"none","_seopress_titles_title":"Full Color night vision WIFI PTZ Camera - Wholesale PTZ Camera - JER Company","_seopress_titles_desc":"Dual Lens 8X Zoom 2K 4MP High-Quality WIFI PTZ Camera AI Humanoid Tracking Smart Binocular Camera Waterproof.","_seopress_robots_index":""},"product_brand":[],"product_cat":[107],"product_tag":[],"class_list":{"0":"post-1360","1":"product","2":"type-product","3":"status-publish","4":"has-post-thumbnail","6":"product_cat-wireless-camera","8":"first","9":"instock","10":"shipping-taxable","11":"product-type-simple"},"_links":{"self":[{"href":"https:\/\/jer-tech.com\/fr\/wp-json\/wp\/v2\/product\/1360","targetHints":{"allow":["GET"]}}],"collection":[{"href":"https:\/\/jer-tech.com\/fr\/wp-json\/wp\/v2\/product"}],"about":[{"href":"https:\/\/jer-tech.com\/fr\/wp-json\/wp\/v2\/types\/product"}],"replies":[{"embeddable":true,"href":"https:\/\/jer-tech.com\/fr\/wp-json\/wp\/v2\/comments?post=1360"}],"wp:featuredmedia":[{"embeddable":true,"href":"https:\/\/jer-tech.com\/fr\/wp-json\/wp\/v2\/media\/1389"}],"wp:attachment":[{"href":"https:\/\/jer-tech.com\/fr\/wp-json\/wp\/v2\/media?parent=1360"}],"wp:term":[{"taxonomy":"product_brand","embeddable":true,"href":"https:\/\/jer-tech.com\/fr\/wp-json\/wp\/v2\/product_brand?post=1360"},{"taxonomy":"product_cat","embeddable":true,"href":"https:\/\/jer-tech.com\/fr\/wp-json\/wp\/v2\/product_cat?post=1360"},{"taxonomy":"product_tag","embeddable":true,"href":"https:\/\/jer-tech.com\/fr\/wp-json\/wp\/v2\/product_tag?post=1360"}],"curies":[{"name":"wp","href":"https:\/\/api.w.org\/{rel}","templated":true}]}}