{"id":1354,"date":"2022-05-23T15:58:26","date_gmt":"2022-05-23T07:58:26","guid":{"rendered":"https:\/\/jer-tech.com\/?post_type=product&#038;p=1354"},"modified":"2022-06-07T14:54:16","modified_gmt":"2022-06-07T06:54:16","slug":"camera-ip-wifi","status":"publish","type":"product","link":"https:\/\/jer-tech.com\/fr\/produit\/camera-ip-wifi\/","title":{"rendered":"Cam\u00e9ra IP 3MP WIFI PTZ"},"content":{"rendered":"","protected":false},"excerpt":{"rendered":"<ul>\n<li>Stockage dans le nuage gratuit pendant 30 jours, universel \u00e0 la maison et \u00e0 l'\u00e9tranger ;<\/li>\n<li>Suivi humain intelligent AI, fonction de positionnement \u00e0 point fixe Watchpoint [1080P&amp;3.0MP].<\/li>\n<li>AI Smart human detection (d\u00e9tection de lignes transversales \/ d\u00e9tection de zone) [1080P&amp;3.0MP]<\/li>\n<li>DC 5V\/2A, alimentation standard am\u00e9ricaine par d\u00e9faut ; (selon les r\u00e9glementations europ\u00e9ennes \/ britanniques \/ australiennes)<\/li>\n<li>La carte Micro SD prend en charge de 8 \u00e0 128 Go, la technologie d'encodage H.265X permet de doubler la capacit\u00e9 de stockage ;<\/li>\n<li>Interphone vocal bidirectionnel, information sur l'alarme de d\u00e9tection humaine par pression ;<\/li>\n<li>Envoi de messages d'alarme par WeChat directement<\/li>\n<li>Enregistrement et lecture en temps r\u00e9el via le client PC du CMS ; prise en charge du protocole ONVIF pour l'ajout d'un enregistreur ;<\/li>\n<li>Microphone et haut-parleur standard ;<\/li>\n<li>Supporte le WiFi 2.4Ghz et le hotspot AP ;<\/li>\n<li>L'antenne int\u00e9gr\u00e9e 3DB standard \u00e0 haute intensit\u00e9 transmet les signaux, et la puissance du signal peut atteindre environ 10 m\u00e8tres ;<\/li>\n<li>Rotation : horizontale : 355 degr\u00e9s et verticale : 90 degr\u00e9s ;<\/li>\n<li>8 lampes matricielles LED standard, fonction de vision nocturne infrarouge noire et blanche ;<\/li>\n<li>\u00c9quipe de conception industrielle, conception ind\u00e9pendante de l'apparence, avec autorisation de brevet d'apparence ;<\/li>\n<\/ul>","protected":false},"featured_media":1386,"comment_status":"open","ping_status":"closed","template":"","meta":{"_seopress_robots_primary_cat":"none","_seopress_titles_title":"PTZ IP Camera - JER Company - CCTV OEM Manufacturer in China","_seopress_titles_desc":"JER is a global leader in the design, development, and manufacture of predictive PT IP Cameras. Please send us a copy of your purchase order.","_seopress_robots_index":""},"product_brand":[],"product_cat":[107],"product_tag":[],"class_list":{"0":"post-1354","1":"product","2":"type-product","3":"status-publish","4":"has-post-thumbnail","6":"product_cat-wireless-camera","8":"first","9":"instock","10":"shipping-taxable","11":"product-type-simple"},"_links":{"self":[{"href":"https:\/\/jer-tech.com\/fr\/wp-json\/wp\/v2\/product\/1354","targetHints":{"allow":["GET"]}}],"collection":[{"href":"https:\/\/jer-tech.com\/fr\/wp-json\/wp\/v2\/product"}],"about":[{"href":"https:\/\/jer-tech.com\/fr\/wp-json\/wp\/v2\/types\/product"}],"replies":[{"embeddable":true,"href":"https:\/\/jer-tech.com\/fr\/wp-json\/wp\/v2\/comments?post=1354"}],"wp:featuredmedia":[{"embeddable":true,"href":"https:\/\/jer-tech.com\/fr\/wp-json\/wp\/v2\/media\/1386"}],"wp:attachment":[{"href":"https:\/\/jer-tech.com\/fr\/wp-json\/wp\/v2\/media?parent=1354"}],"wp:term":[{"taxonomy":"product_brand","embeddable":true,"href":"https:\/\/jer-tech.com\/fr\/wp-json\/wp\/v2\/product_brand?post=1354"},{"taxonomy":"product_cat","embeddable":true,"href":"https:\/\/jer-tech.com\/fr\/wp-json\/wp\/v2\/product_cat?post=1354"},{"taxonomy":"product_tag","embeddable":true,"href":"https:\/\/jer-tech.com\/fr\/wp-json\/wp\/v2\/product_tag?post=1354"}],"curies":[{"name":"wp","href":"https:\/\/api.w.org\/{rel}","templated":true}]}}