{"id":1336,"date":"2022-04-13T16:21:45","date_gmt":"2022-04-13T08:21:45","guid":{"rendered":"https:\/\/jer-tech.com\/?post_type=product&#038;p=1336"},"modified":"2022-04-13T16:22:29","modified_gmt":"2022-04-13T08:22:29","slug":"4k-nvr","status":"publish","type":"product","link":"https:\/\/jer-tech.com\/fr\/produit\/4k-nvr\/","title":{"rendered":"9CH\/16CH\/32CH 4K NVR"},"content":{"rendered":"","protected":false},"excerpt":{"rendered":"<ul>\n<li>Gr\u00e2ce au service en nuage, il est facile de r\u00e9aliser la p\u00e9n\u00e9tration du r\u00e9seau, il n'y a qu'un pas \u00e0 franchir pour r\u00e9aliser la visualisation \u00e0 distance.<\/li>\n<li>Prise en charge de l'affichage des t\u00e9l\u00e9phones portables. \uff08iPhone Android)<\/li>\n<li>Prise en charge de nombreux types de navigateurs Web (\uff08IE\/Chrome\/Firefox\/Safari)<\/li>\n<li>Prise en charge simultan\u00e9e de la sortie VGA.<\/li>\n<li>Service de r\u00e9seau puissant\uff08DHCP\u3001PPPOE\u3001FTP\u3001DNS\u3001DDNS\u3001NTP\u3001UPNP\u3001Email etc. ) Support parfait\uff08WEB\u3001Client \u3001SDK), facilement r\u00e9aliser l'interconnexion.<\/li>\n<li>Prise en charge d'un plus grand nombre de langues.<\/li>\n<li>Prise en charge de l'alarme intelligente de base et de la fonction de p\u00e9rim\u00e8tre de la ligne de d\u00e9clenchement.<\/li>\n<li>Prise en charge de la lecture sur tout le canal.<\/li>\n<li>Prise en charge du changement de logo pour les petites fen\u00eatres ou le logo de bienvenue<\/li>\n<li>Prise en charge de la d\u00e9tection de mouvement<\/li>\n<li>Prise en charge de l'IRP et de la d\u00e9tection des visages (n\u00e9cessite la prise en charge de la cam\u00e9ra)<\/li>\n<li>Prise en charge d'un double disque dur, plus d'espace de stockage<\/li>\n<li>Prise en charge de l'entr\u00e9e et de la sortie audio multicanal<\/li>\n<\/ul>","protected":false},"featured_media":1338,"comment_status":"open","ping_status":"closed","template":"","meta":{"_seopress_robots_primary_cat":"none","_seopress_titles_title":"4K NVR Bulk Production - CCTV OEM Manufacturer - JER Company","_seopress_titles_desc":"Are you looking to purchase 4K NVRs in bulk? You have come to the right place! Check out our wide range of CCTV Products now!","_seopress_robots_index":""},"product_brand":[],"product_cat":[60],"product_tag":[],"class_list":{"0":"post-1336","1":"product","2":"type-product","3":"status-publish","4":"has-post-thumbnail","6":"product_cat-nvr","8":"first","9":"instock","10":"shipping-taxable","11":"product-type-simple"},"_links":{"self":[{"href":"https:\/\/jer-tech.com\/fr\/wp-json\/wp\/v2\/product\/1336","targetHints":{"allow":["GET"]}}],"collection":[{"href":"https:\/\/jer-tech.com\/fr\/wp-json\/wp\/v2\/product"}],"about":[{"href":"https:\/\/jer-tech.com\/fr\/wp-json\/wp\/v2\/types\/product"}],"replies":[{"embeddable":true,"href":"https:\/\/jer-tech.com\/fr\/wp-json\/wp\/v2\/comments?post=1336"}],"wp:featuredmedia":[{"embeddable":true,"href":"https:\/\/jer-tech.com\/fr\/wp-json\/wp\/v2\/media\/1338"}],"wp:attachment":[{"href":"https:\/\/jer-tech.com\/fr\/wp-json\/wp\/v2\/media?parent=1336"}],"wp:term":[{"taxonomy":"product_brand","embeddable":true,"href":"https:\/\/jer-tech.com\/fr\/wp-json\/wp\/v2\/product_brand?post=1336"},{"taxonomy":"product_cat","embeddable":true,"href":"https:\/\/jer-tech.com\/fr\/wp-json\/wp\/v2\/product_cat?post=1336"},{"taxonomy":"product_tag","embeddable":true,"href":"https:\/\/jer-tech.com\/fr\/wp-json\/wp\/v2\/product_tag?post=1336"}],"curies":[{"name":"wp","href":"https:\/\/api.w.org\/{rel}","templated":true}]}}