{"id":1331,"date":"2022-04-13T15:58:37","date_gmt":"2022-04-13T07:58:37","guid":{"rendered":"https:\/\/jer-tech.com\/?post_type=product&#038;p=1331"},"modified":"2022-04-13T15:58:37","modified_gmt":"2022-04-13T07:58:37","slug":"8ch-poe-nvr","status":"publish","type":"product","link":"https:\/\/jer-tech.com\/fr\/produit\/8ch-poe-nvr\/","title":{"rendered":"5MP\/4K 8CH POE NVR"},"content":{"rendered":"","protected":false},"excerpt":{"rendered":"<ul>\n<li>Commutateur POE int\u00e9gr\u00e9 NVR POE 8ch 8mp<\/li>\n<li>Sortie vid\u00e9o simultan\u00e9e HDMI 4K \/ VGA 1080P.<\/li>\n<li>Prise en charge du flux principal H.265\/264 et de l'encodage synchronis\u00e9 de vapeur suppl\u00e9mentaire<\/li>\n<li>Disque flash USB, disque dur portable USB et r\u00e9seau.<\/li>\n<li>R\u00e9tablissement automatique du syst\u00e8me apr\u00e8s une panne de courant<\/li>\n<li>T\u00e9l\u00e9commande facile et pratique sans r\u00e9glages compliqu\u00e9s.<\/li>\n<li>Prise en charge de plusieurs langues<\/li>\n<li>Permet l'affichage en direct, l'enregistrement, la lecture, la sauvegarde, la surveillance r\u00e9seau et mobile en m\u00eame temps.<\/li>\n<li>Prise en charge de l'\u00e9cran mobile (iPhone, iPad et t\u00e9l\u00e9phone Android).<\/li>\n<li>Prise en charge du service r\u00e9seau (prise en charge de DHCP, PPPOE, FTP, DNS, DDNS, NTP, UPNP, EMAIL, autorit\u00e9 IP, recherche IP, centre d'alarme, etc.), bo\u00eetier complet (WEB, CMS, SDK), pour r\u00e9aliser facilement l'interconnexion.<\/li>\n<li>Prise en charge du P2P cloud, 1 disque dur SATA.<\/li>\n<\/ul>","protected":false},"featured_media":1333,"comment_status":"open","ping_status":"closed","template":"","meta":{"_seopress_robots_primary_cat":"","_seopress_titles_title":"4K 8CH POE NVR  - CCTV OEM Manufacturer - JER Company","_seopress_titles_desc":"No more endlessly wasting time on the lousy 8CH POE NVR supplier. JER\u2019s goal is to let you sit back and relax. We take care of all the dirty works, including trade stuff clearance, logistics, etc.","_seopress_robots_index":""},"product_brand":[],"product_cat":[60],"product_tag":[],"class_list":{"0":"post-1331","1":"product","2":"type-product","3":"status-publish","4":"has-post-thumbnail","6":"product_cat-nvr","8":"first","9":"instock","10":"shipping-taxable","11":"product-type-simple"},"_links":{"self":[{"href":"https:\/\/jer-tech.com\/fr\/wp-json\/wp\/v2\/product\/1331","targetHints":{"allow":["GET"]}}],"collection":[{"href":"https:\/\/jer-tech.com\/fr\/wp-json\/wp\/v2\/product"}],"about":[{"href":"https:\/\/jer-tech.com\/fr\/wp-json\/wp\/v2\/types\/product"}],"replies":[{"embeddable":true,"href":"https:\/\/jer-tech.com\/fr\/wp-json\/wp\/v2\/comments?post=1331"}],"wp:featuredmedia":[{"embeddable":true,"href":"https:\/\/jer-tech.com\/fr\/wp-json\/wp\/v2\/media\/1333"}],"wp:attachment":[{"href":"https:\/\/jer-tech.com\/fr\/wp-json\/wp\/v2\/media?parent=1331"}],"wp:term":[{"taxonomy":"product_brand","embeddable":true,"href":"https:\/\/jer-tech.com\/fr\/wp-json\/wp\/v2\/product_brand?post=1331"},{"taxonomy":"product_cat","embeddable":true,"href":"https:\/\/jer-tech.com\/fr\/wp-json\/wp\/v2\/product_cat?post=1331"},{"taxonomy":"product_tag","embeddable":true,"href":"https:\/\/jer-tech.com\/fr\/wp-json\/wp\/v2\/product_tag?post=1331"}],"curies":[{"name":"wp","href":"https:\/\/api.w.org\/{rel}","templated":true}]}}