{"id":1320,"date":"2022-04-13T14:29:21","date_gmt":"2022-04-13T06:29:21","guid":{"rendered":"https:\/\/jer-tech.com\/?post_type=product&#038;p=1320"},"modified":"2022-04-13T14:29:22","modified_gmt":"2022-04-13T06:29:22","slug":"enregistreur-numerique-8ch-4k","status":"publish","type":"product","link":"https:\/\/jer-tech.com\/fr\/produit\/enregistreur-numerique-8ch-4k\/","title":{"rendered":"Le DVR 4K 8CH prend en charge la fonction AI"},"content":{"rendered":"","protected":false},"excerpt":{"rendered":"<ul>\n<li>Solution Hisilicon : 5 en 1, v\u00e9ritable solution H.265 HVR<\/li>\n<li>Prise en charge de la technologie de codage H.265, d\u00e9bit binaire tr\u00e8s faible, compatibilit\u00e9 descendante avec H.264<\/li>\n<li>Prise en charge de l'acc\u00e8s \u00e0 distance, DDNS pour r\u00e9aliser une surveillance \u00e0 distance en une seule fois.<\/li>\n<li>Avec la fonction UTC, les param\u00e8tres du menu de la cam\u00e9ra peuvent \u00eatre ajust\u00e9s via la fonction UTC.<\/li>\n<li>Prise en charge de AHD\/TVI\/CVI\/CVBS\/IP 5-en-1\uff0c signal vid\u00e9o- reconnaissance automatique<\/li>\n<li>Port Wifi ; supporte le wifi ; peut \u00eatre \u00e9tendu \u00e0 la 4G, 5G (Via USB extended) (Pas ok maintenant, sera mis \u00e0 jour dans le futur)<\/li>\n<li>Prise en charge de l'affichage simultan\u00e9 VGA\u3001HDMI, r\u00e9solution maximale jusqu'\u00e0 HDMI 4K<\/li>\n<li>La lecture des enregistrements peut \u00eatre affich\u00e9e par heure, le type d'enregistrement est affich\u00e9 par couleur, pour une recherche et une r\u00e9cup\u00e9ration pratiques et efficaces.<\/li>\n<li>La sauvegarde des enregistrements peut \u00eatre organis\u00e9e en fonction de l'heure et de la dur\u00e9e, avec une pr\u00e9cision de l'ordre de la seconde.<\/li>\n<li>Prise en charge de la modification en bloc de l'adresse de la cam\u00e9ra IP et de l'ajout \u00e0 distance d'un dispositif de cam\u00e9ra<\/li>\n<li>Peut se connecter \u00e0 une cam\u00e9ra IP, \u00e0 un d\u00f4me IP et \u00e0 Onvif.<\/li>\n<li class=\"nitro-offscreen\">Peut se connecter aux principales marques de cam\u00e9ras IP du march\u00e9 (protocole priv\u00e9 ou Onvif)<\/li>\n<li class=\"nitro-offscreen\">L'\u00e9cran de pr\u00e9visualisation peut \u00eatre \u00e9chang\u00e9 de mani\u00e8re al\u00e9atoire. La position de l'image peut \u00eatre modifi\u00e9e sans que l'adresse physique ne change, ce qui est pratique pour la construction.<\/li>\n<li class=\"nitro-offscreen\">Les vid\u00e9os et les images sauvegard\u00e9es sur disque dur peuvent \u00eatre lues et interrog\u00e9es sur l'h\u00f4te principal, ce qui est tr\u00e8s pratique.<\/li>\n<li class=\"nitro-offscreen\">Prise en charge de plusieurs modes de lecture : avance rapide, lecture lente, retour rapide, etc. Max. 16 fois l'avance ou le retour rapide<\/li>\n<li class=\"nitro-offscreen\">Prise en charge des cam\u00e9ras IP H.264\/H.265 (HEVC) ;<\/li>\n<li class=\"nitro-offscreen\">Prise en charge de WEB\u3001VMS, prise en charge du syst\u00e8me mobile Android\/IOS<\/li>\n<li class=\"nitro-offscreen\">Prise en charge du P2P, de la lecture du code QR et de la lecture via APP<\/li>\n<\/ul>","protected":false},"featured_media":1323,"comment_status":"open","ping_status":"closed","template":"","meta":{"_seopress_robots_primary_cat":"","_seopress_titles_title":"8CH 4K DVR - CCTV OEM Manufacturer - JER Company","_seopress_titles_desc":"CCTV OEM manufacturer with 12+ years of experience. A wide selection of CCTV Products. OEM and ODM services are available. Visit us for a free quote!","_seopress_robots_index":"yes"},"product_brand":[],"product_cat":[78],"product_tag":[],"class_list":{"0":"post-1320","1":"product","2":"type-product","3":"status-publish","4":"has-post-thumbnail","6":"product_cat-dvr","8":"first","9":"instock","10":"shipping-taxable","11":"product-type-simple"},"_links":{"self":[{"href":"https:\/\/jer-tech.com\/fr\/wp-json\/wp\/v2\/product\/1320","targetHints":{"allow":["GET"]}}],"collection":[{"href":"https:\/\/jer-tech.com\/fr\/wp-json\/wp\/v2\/product"}],"about":[{"href":"https:\/\/jer-tech.com\/fr\/wp-json\/wp\/v2\/types\/product"}],"replies":[{"embeddable":true,"href":"https:\/\/jer-tech.com\/fr\/wp-json\/wp\/v2\/comments?post=1320"}],"wp:featuredmedia":[{"embeddable":true,"href":"https:\/\/jer-tech.com\/fr\/wp-json\/wp\/v2\/media\/1323"}],"wp:attachment":[{"href":"https:\/\/jer-tech.com\/fr\/wp-json\/wp\/v2\/media?parent=1320"}],"wp:term":[{"taxonomy":"product_brand","embeddable":true,"href":"https:\/\/jer-tech.com\/fr\/wp-json\/wp\/v2\/product_brand?post=1320"},{"taxonomy":"product_cat","embeddable":true,"href":"https:\/\/jer-tech.com\/fr\/wp-json\/wp\/v2\/product_cat?post=1320"},{"taxonomy":"product_tag","embeddable":true,"href":"https:\/\/jer-tech.com\/fr\/wp-json\/wp\/v2\/product_tag?post=1320"}],"curies":[{"name":"wp","href":"https:\/\/api.w.org\/{rel}","templated":true}]}}