{"id":1305,"date":"2022-04-13T11:51:18","date_gmt":"2022-04-13T03:51:18","guid":{"rendered":"https:\/\/jer-tech.com\/?post_type=product&#038;p=1305"},"modified":"2022-04-13T13:40:53","modified_gmt":"2022-04-13T05:40:53","slug":"poe-nvr","status":"publish","type":"product","link":"https:\/\/jer-tech.com\/fr\/produit\/poe-nvr\/","title":{"rendered":"4 canaux 5MP POE NVR"},"content":{"rendered":"","protected":false},"excerpt":{"rendered":"<ul>\n<li>Prise en charge de plusieurs cam\u00e9ras r\u00e9seau haute d\u00e9finition ; jusqu'\u00e0 4*5MP, 4 ports POE Prise en charge de l'alimentation POE<\/li>\n<li>Prise en charge simultan\u00e9e de la sortie VGA, HDMI 1080P full HD ;<\/li>\n<li>Prise en charge des plateformes web, CMS et MYEYE, d\u00e9veloppement de SDK ;<\/li>\n<li>Prise en charge de plusieurs technologies en nuage, p\u00e9n\u00e9tration du r\u00e9seau, informations sur les alarmes transmises \u00e0 votre t\u00e9l\u00e9phone et autres fonctions ;<\/li>\n<li>Prise en charge de plusieurs services r\u00e9seau (prise en charge de DHCP, FTP, DNS, DDNS, NTP, UPNP, EMAIL, 3G, WIFI, recherches IP, centre d'alarme, etc ;)<\/li>\n<li>Supporte ONVIF et GB28181 ;<\/li>\n<li>Prise en charge de plusieurs syst\u00e8mes mobiles (iOS, Android) ;<\/li>\n<li>Prise en charge de plusieurs navigateurs web (IE, Chrome, Firefox, Safari) ;<\/li>\n<li>Plus de vingt langues ;<\/li>\n<li>Circuit de protection parfait, fonction unique de triple chien de garde ;<\/li>\n<li>Visite \u00e0 distance, ARSP int\u00e9gr\u00e9, surveillance \u00e0 distance en une seule \u00e9tape<\/li>\n<\/ul>","protected":false},"featured_media":1307,"comment_status":"open","ping_status":"closed","template":"","meta":{"_seopress_robots_primary_cat":"none","_seopress_titles_title":"4 Channels 5MP POE NVR - CCTV OEM Manufacturer in China - JER Company","_seopress_titles_desc":"Are you looking to purchase CCTV POE NVR in bulk? You have come to the right place! Check out our wide range of CCTV Products now!","_seopress_robots_index":""},"product_brand":[],"product_cat":[60],"product_tag":[],"class_list":{"0":"post-1305","1":"product","2":"type-product","3":"status-publish","4":"has-post-thumbnail","6":"product_cat-nvr","8":"first","9":"instock","10":"shipping-taxable","11":"product-type-simple"},"_links":{"self":[{"href":"https:\/\/jer-tech.com\/fr\/wp-json\/wp\/v2\/product\/1305","targetHints":{"allow":["GET"]}}],"collection":[{"href":"https:\/\/jer-tech.com\/fr\/wp-json\/wp\/v2\/product"}],"about":[{"href":"https:\/\/jer-tech.com\/fr\/wp-json\/wp\/v2\/types\/product"}],"replies":[{"embeddable":true,"href":"https:\/\/jer-tech.com\/fr\/wp-json\/wp\/v2\/comments?post=1305"}],"wp:featuredmedia":[{"embeddable":true,"href":"https:\/\/jer-tech.com\/fr\/wp-json\/wp\/v2\/media\/1307"}],"wp:attachment":[{"href":"https:\/\/jer-tech.com\/fr\/wp-json\/wp\/v2\/media?parent=1305"}],"wp:term":[{"taxonomy":"product_brand","embeddable":true,"href":"https:\/\/jer-tech.com\/fr\/wp-json\/wp\/v2\/product_brand?post=1305"},{"taxonomy":"product_cat","embeddable":true,"href":"https:\/\/jer-tech.com\/fr\/wp-json\/wp\/v2\/product_cat?post=1305"},{"taxonomy":"product_tag","embeddable":true,"href":"https:\/\/jer-tech.com\/fr\/wp-json\/wp\/v2\/product_tag?post=1305"}],"curies":[{"name":"wp","href":"https:\/\/api.w.org\/{rel}","templated":true}]}}