{"id":1295,"date":"2022-04-12T18:36:27","date_gmt":"2022-04-12T10:36:27","guid":{"rendered":"https:\/\/jer-tech.com\/?post_type=product&#038;p=1295"},"modified":"2022-04-12T18:36:27","modified_gmt":"2022-04-12T10:36:27","slug":"camera-ahd-1080p","status":"publish","type":"product","link":"https:\/\/jer-tech.com\/fr\/produit\/camera-ahd-1080p\/","title":{"rendered":"Cam\u00e9ra AHD 1080P tr\u00e8s demand\u00e9e"},"content":{"rendered":"","protected":false},"excerpt":{"rendered":"<ul>\n<li>Sortie AHD\/TVI\/CVI\/CVBS 4 en 1,<\/li>\n<li>720P, 1080P, 4MP, 5MP, 8MP (4K), la r\u00e9solution effective peut atteindre 3840*2160 ;<\/li>\n<li>L'OSD prend en charge 12 langues diff\u00e9rentes, l'exposition\/la balance des blancs\/l'am\u00e9lioration de l'image\/BLC, etc ;<\/li>\n<li>AGC, l'effet jour-nuit est distinct, les diff\u00e9rents modes jour-nuit peuvent \u00eatre commut\u00e9s librement par l'OSD ;<\/li>\n<li>Prise en charge de la fonction UTC, prise en charge du r\u00e9glage de la luminosit\u00e9, de la nettet\u00e9, du contraste et de la saturation<\/li>\n<\/ul>","protected":false},"featured_media":1297,"comment_status":"open","ping_status":"closed","template":"","meta":{"_seopress_robots_primary_cat":"none","_seopress_titles_title":"Hot-selling 1080P AHD Camera - CCTV OEM manufacturer from China - JER TECHNOLOGY","_seopress_titles_desc":"Finding a Reliable 1080P AHD Camera manufacturer can save you tons of money. Let JER Technology become your CCTV products partner.","_seopress_robots_index":"yes"},"product_brand":[],"product_cat":[28],"product_tag":[],"class_list":{"0":"post-1295","1":"product","2":"type-product","3":"status-publish","4":"has-post-thumbnail","6":"product_cat-ahd-cameras","8":"first","9":"instock","10":"shipping-taxable","11":"product-type-simple"},"_links":{"self":[{"href":"https:\/\/jer-tech.com\/fr\/wp-json\/wp\/v2\/product\/1295","targetHints":{"allow":["GET"]}}],"collection":[{"href":"https:\/\/jer-tech.com\/fr\/wp-json\/wp\/v2\/product"}],"about":[{"href":"https:\/\/jer-tech.com\/fr\/wp-json\/wp\/v2\/types\/product"}],"replies":[{"embeddable":true,"href":"https:\/\/jer-tech.com\/fr\/wp-json\/wp\/v2\/comments?post=1295"}],"wp:featuredmedia":[{"embeddable":true,"href":"https:\/\/jer-tech.com\/fr\/wp-json\/wp\/v2\/media\/1297"}],"wp:attachment":[{"href":"https:\/\/jer-tech.com\/fr\/wp-json\/wp\/v2\/media?parent=1295"}],"wp:term":[{"taxonomy":"product_brand","embeddable":true,"href":"https:\/\/jer-tech.com\/fr\/wp-json\/wp\/v2\/product_brand?post=1295"},{"taxonomy":"product_cat","embeddable":true,"href":"https:\/\/jer-tech.com\/fr\/wp-json\/wp\/v2\/product_cat?post=1295"},{"taxonomy":"product_tag","embeddable":true,"href":"https:\/\/jer-tech.com\/fr\/wp-json\/wp\/v2\/product_tag?post=1295"}],"curies":[{"name":"wp","href":"https:\/\/api.w.org\/{rel}","templated":true}]}}