{"id":1266,"date":"2022-04-12T17:31:04","date_gmt":"2022-04-12T09:31:04","guid":{"rendered":"https:\/\/jer-tech.com\/?post_type=product&#038;p=1266"},"modified":"2022-04-12T17:35:06","modified_gmt":"2022-04-12T09:35:06","slug":"camera-ip-poe","status":"publish","type":"product","link":"https:\/\/jer-tech.com\/fr\/produit\/camera-ip-poe\/","title":{"rendered":"Cam\u00e9ra IP POE 4MP avec double \u00e9clairage"},"content":{"rendered":"","protected":false},"excerpt":{"rendered":"<ul>\n<li>R\u00e9solution Ultra HD 2MP\/5MP\/4K disponible<\/li>\n<li>Installation PoE facile, cette cam\u00e9ra IP PoE ne n\u00e9cessite qu'un seul c\u00e2ble Ethernet pour transmettre les signaux vid\u00e9o et s'alimenter en m\u00eame temps, PoE en option.<\/li>\n<li>Prise en charge du format d'encodage H.265 + : Cette cam\u00e9ra IP de surveillance prend en charge le format d'encodage H.265 + \/ H.265 \/ H.264 + \/ H.264.<\/li>\n<li>ONVIF : prend en charge le protocole ONVIF et peut \u00eatre connect\u00e9 \u00e0 des NVR tiers compatibles ONVIF afin de cr\u00e9er un syst\u00e8me de s\u00e9curit\u00e9 int\u00e9gr\u00e9 pour une protection 24h\/24 et 7j\/7<\/li>\n<li>Application mobile gratuite pour vous permettre de visualiser \u00e0 distance \u00e0 l'aide de votre t\u00e9l\u00e9phone<\/li>\n<li>Logiciel de surveillance CMS gratuit pour vous permettre de surveiller la diffusion en direct \u00e0 partir de votre ordinateur Windows<\/li>\n<li>Double \u00e9clairage avec vision nocturne en couleurs<\/li>\n<\/ul>","protected":false},"featured_media":1268,"comment_status":"open","ping_status":"closed","template":"","meta":{"_seopress_robots_primary_cat":"none","_seopress_titles_title":"POE IP Camera - CCTV OEM manufacturer from China - JER TECHNOLOGY","_seopress_titles_desc":"JER Manufacturer Bulk production 4MP\/5MP\/8MP POE IP Camera, we accept OEM and ODM services.","_seopress_robots_index":""},"product_brand":[],"product_cat":[46],"product_tag":[],"class_list":{"0":"post-1266","1":"product","2":"type-product","3":"status-publish","4":"has-post-thumbnail","6":"product_cat-ip-cameras","8":"first","9":"instock","10":"shipping-taxable","11":"product-type-simple"},"_links":{"self":[{"href":"https:\/\/jer-tech.com\/fr\/wp-json\/wp\/v2\/product\/1266","targetHints":{"allow":["GET"]}}],"collection":[{"href":"https:\/\/jer-tech.com\/fr\/wp-json\/wp\/v2\/product"}],"about":[{"href":"https:\/\/jer-tech.com\/fr\/wp-json\/wp\/v2\/types\/product"}],"replies":[{"embeddable":true,"href":"https:\/\/jer-tech.com\/fr\/wp-json\/wp\/v2\/comments?post=1266"}],"wp:featuredmedia":[{"embeddable":true,"href":"https:\/\/jer-tech.com\/fr\/wp-json\/wp\/v2\/media\/1268"}],"wp:attachment":[{"href":"https:\/\/jer-tech.com\/fr\/wp-json\/wp\/v2\/media?parent=1266"}],"wp:term":[{"taxonomy":"product_brand","embeddable":true,"href":"https:\/\/jer-tech.com\/fr\/wp-json\/wp\/v2\/product_brand?post=1266"},{"taxonomy":"product_cat","embeddable":true,"href":"https:\/\/jer-tech.com\/fr\/wp-json\/wp\/v2\/product_cat?post=1266"},{"taxonomy":"product_tag","embeddable":true,"href":"https:\/\/jer-tech.com\/fr\/wp-json\/wp\/v2\/product_tag?post=1266"}],"curies":[{"name":"wp","href":"https:\/\/api.w.org\/{rel}","templated":true}]}}