{"id":1230,"date":"2022-04-11T16:29:39","date_gmt":"2022-04-11T08:29:39","guid":{"rendered":"https:\/\/jer-tech.com\/?post_type=product&#038;p=1230"},"modified":"2022-04-12T17:39:26","modified_gmt":"2022-04-12T09:39:26","slug":"cameras-exterieures-5mp-ahd","status":"publish","type":"product","link":"https:\/\/jer-tech.com\/fr\/produit\/cameras-exterieures-5mp-ahd\/","title":{"rendered":"Cam\u00e9ras ext\u00e9rieures 5MP AHD"},"content":{"rendered":"","protected":false},"excerpt":{"rendered":"<ul>\n<li>Sortie AHD\/TVI\/CVI\/CVBS 4 en 1,<\/li>\n<li>720P, 1080P, 4MP, 5MP, 8MP (4K), la r\u00e9solution effective peut atteindre 3840*2160 ;<\/li>\n<li>L'OSD prend en charge 12 langues diff\u00e9rentes, l'exposition\/la balance des blancs\/l'am\u00e9lioration de l'image\/BLC, etc ;<\/li>\n<li>AGC, l'effet jour-nuit est distinct, les diff\u00e9rents modes jour-nuit peuvent \u00eatre commut\u00e9s librement par l'OSD ;<\/li>\n<li>Prise en charge de la fonction UTC, prise en charge du r\u00e9glage de la luminosit\u00e9, de la nettet\u00e9, du contraste et de la saturation<\/li>\n<\/ul>","protected":false},"featured_media":1272,"comment_status":"open","ping_status":"closed","template":"","meta":{"_seopress_robots_primary_cat":"none","_seopress_titles_title":"","_seopress_titles_desc":" JER is a reliable AHD Camera manufacturer. We bulk production 2MP, 4MP, 5MP, 8MP(4K) AHD cameras.","_seopress_robots_index":""},"product_brand":[],"product_cat":[28],"product_tag":[],"class_list":{"0":"post-1230","1":"product","2":"type-product","3":"status-publish","4":"has-post-thumbnail","6":"product_cat-ahd-cameras","8":"first","9":"instock","10":"shipping-taxable","11":"product-type-simple"},"_links":{"self":[{"href":"https:\/\/jer-tech.com\/fr\/wp-json\/wp\/v2\/product\/1230","targetHints":{"allow":["GET"]}}],"collection":[{"href":"https:\/\/jer-tech.com\/fr\/wp-json\/wp\/v2\/product"}],"about":[{"href":"https:\/\/jer-tech.com\/fr\/wp-json\/wp\/v2\/types\/product"}],"replies":[{"embeddable":true,"href":"https:\/\/jer-tech.com\/fr\/wp-json\/wp\/v2\/comments?post=1230"}],"wp:featuredmedia":[{"embeddable":true,"href":"https:\/\/jer-tech.com\/fr\/wp-json\/wp\/v2\/media\/1272"}],"wp:attachment":[{"href":"https:\/\/jer-tech.com\/fr\/wp-json\/wp\/v2\/media?parent=1230"}],"wp:term":[{"taxonomy":"product_brand","embeddable":true,"href":"https:\/\/jer-tech.com\/fr\/wp-json\/wp\/v2\/product_brand?post=1230"},{"taxonomy":"product_cat","embeddable":true,"href":"https:\/\/jer-tech.com\/fr\/wp-json\/wp\/v2\/product_cat?post=1230"},{"taxonomy":"product_tag","embeddable":true,"href":"https:\/\/jer-tech.com\/fr\/wp-json\/wp\/v2\/product_tag?post=1230"}],"curies":[{"name":"wp","href":"https:\/\/api.w.org\/{rel}","templated":true}]}}