{"id":409,"date":"2022-02-28T17:55:10","date_gmt":"2022-02-28T09:55:10","guid":{"rendered":"https:\/\/jer-tech.com\/?page_id=409"},"modified":"2025-02-19T16:16:03","modified_gmt":"2025-02-19T08:16:03","slug":"systeme-de-cctv","status":"publish","type":"page","link":"https:\/\/jer-tech.com\/fr\/systeme-de-cctv\/","title":{"rendered":"Syst\u00e8me de t\u00e9l\u00e9vision en circuit ferm\u00e9 (DIY)"},"content":{"rendered":"","protected":false},"excerpt":{"rendered":"","protected":false},"author":1,"featured_media":0,"parent":0,"menu_order":0,"comment_status":"closed","ping_status":"closed","template":"","meta":{"_seopress_robots_primary_cat":"","_seopress_titles_title":"DIY CCTV System - HD Camera kits, POE NVR kits, wireless camera system","_seopress_titles_desc":"","_seopress_robots_index":"","footnotes":""},"class_list":["post-409","page","type-page","status-publish","hentry"],"_links":{"self":[{"href":"https:\/\/jer-tech.com\/fr\/wp-json\/wp\/v2\/pages\/409","targetHints":{"allow":["GET"]}}],"collection":[{"href":"https:\/\/jer-tech.com\/fr\/wp-json\/wp\/v2\/pages"}],"about":[{"href":"https:\/\/jer-tech.com\/fr\/wp-json\/wp\/v2\/types\/page"}],"author":[{"embeddable":true,"href":"https:\/\/jer-tech.com\/fr\/wp-json\/wp\/v2\/users\/1"}],"replies":[{"embeddable":true,"href":"https:\/\/jer-tech.com\/fr\/wp-json\/wp\/v2\/comments?post=409"}],"version-history":[{"count":5,"href":"https:\/\/jer-tech.com\/fr\/wp-json\/wp\/v2\/pages\/409\/revisions"}],"predecessor-version":[{"id":2128,"href":"https:\/\/jer-tech.com\/fr\/wp-json\/wp\/v2\/pages\/409\/revisions\/2128"}],"wp:attachment":[{"href":"https:\/\/jer-tech.com\/fr\/wp-json\/wp\/v2\/media?parent=409"}],"curies":[{"name":"wp","href":"https:\/\/api.w.org\/{rel}","templated":true}]}}