{"id":120,"date":"2022-02-15T16:46:59","date_gmt":"2022-02-15T08:46:59","guid":{"rendered":"https:\/\/jer-tech.com\/?page_id=120"},"modified":"2022-02-15T16:46:59","modified_gmt":"2022-02-15T08:46:59","slug":"conditions-generales","status":"publish","type":"page","link":"https:\/\/jer-tech.com\/fr\/conditions-generales\/","title":{"rendered":"Conditions g\u00e9n\u00e9rales d'utilisation"},"content":{"rendered":"<h3 class=\"wp-block-heading\" id=\"1-terms\">1. Conditions d'utilisation<\/h3>\n\n\n\n<p>En acc\u00e9dant au site web \u00e0 l'adresse suivante\u00a0<a href=\"https:\/\/jer-tech.com\/fr\/\">https:\/\/jer-tech.com<\/a>En acc\u00e9dant \u00e0 ce site, vous acceptez d'\u00eatre li\u00e9 par les pr\u00e9sentes conditions de service, par toutes les lois et r\u00e9glementations applicables, et vous acceptez d'\u00eatre responsable du respect de toutes les lois locales applicables. Si vous n'acceptez pas l'une de ces conditions, il vous est interdit d'utiliser ce site ou d'y acc\u00e9der. Le mat\u00e9riel contenu dans ce site est prot\u00e9g\u00e9 par la l\u00e9gislation applicable en mati\u00e8re de droits d'auteur et de marques d\u00e9pos\u00e9es.<\/p>\n\n\n\n<h3 class=\"wp-block-heading\" id=\"2-use-license\">2. Utiliser la licence<\/h3>\n\n\n\n<ol class=\"wp-block-list\" type=\"a\"><li>Il est permis de t\u00e9l\u00e9charger temporairement une copie des documents (informations ou logiciels) du site jer-tech.com \u00e0 des fins de visualisation transitoire personnelle et non commerciale uniquement. Il s'agit d'une licence et non d'un transfert de titre, et dans le cadre de cette licence, vous ne pouvez pas :<ol type=\"i\"><li>modifier ou copier le mat\u00e9riel ;<\/li><li>utiliser le mat\u00e9riel \u00e0 des fins commerciales ou pour une pr\u00e9sentation publique (commerciale ou non) ;<\/li><li>tenter de d\u00e9compiler ou d'inverser l'ing\u00e9nierie de tout logiciel contenu sur le site jer-tech.com ;<\/li><li>supprimer toute mention de droit d'auteur ou autre mention de propri\u00e9t\u00e9 du mat\u00e9riel ; ou<\/li><li>transf\u00e9rer le mat\u00e9riel \u00e0 une autre personne ou le \"refl\u00e9ter\" sur un autre serveur.<\/li><\/ol><\/li><li>Cette licence sera automatiquement r\u00e9sili\u00e9e si vous violez l'une de ces restrictions et peut \u00eatre r\u00e9sili\u00e9e par jer-tech.com \u00e0 tout moment. Lorsque vous cessez de consulter ces documents ou lorsque la pr\u00e9sente licence prend fin, vous devez d\u00e9truire tous les documents t\u00e9l\u00e9charg\u00e9s en votre possession, qu'ils soient sous forme \u00e9lectronique ou imprim\u00e9e.<\/li><\/ol>\n\n\n\n<h3 class=\"wp-block-heading\" id=\"3-disclaimer\">3. Clause de non-responsabilit\u00e9<\/h3>\n\n\n\n<ol class=\"wp-block-list\" type=\"a\"><li>Les \u00e9l\u00e9ments du site jer-tech.com sont fournis \"en l'\u00e9tat\". JER Technology ne donne aucune garantie, expresse ou implicite, et rejette par la pr\u00e9sente toutes les autres garanties, y compris, sans limitation, les garanties ou conditions implicites de qualit\u00e9 marchande, d'ad\u00e9quation \u00e0 un usage particulier, ou de non-violation de la propri\u00e9t\u00e9 intellectuelle ou d'autres violations des droits.<\/li><li>En outre, JER Technology ne garantit pas et ne fait aucune d\u00e9claration concernant l'exactitude, les r\u00e9sultats probables ou la fiabilit\u00e9 de l'utilisation des documents sur son site web ou concernant ces documents ou tout autre site li\u00e9 \u00e0 ce site.<\/li><\/ol>\n\n\n\n<h3 class=\"wp-block-heading\" id=\"4-limitations\">4. Limites<\/h3>\n\n\n\n<p>En aucun cas JER Technology ou ses fournisseurs ne seront responsables des dommages (y compris, mais sans s'y limiter, les dommages li\u00e9s \u00e0 la perte de donn\u00e9es ou de b\u00e9n\u00e9fices, ou \u00e0 l'interruption d'activit\u00e9) r\u00e9sultant de l'utilisation ou de l'impossibilit\u00e9 d'utiliser les documents du site jer-tech.com, m\u00eame si JER Technology ou un repr\u00e9sentant autoris\u00e9 de JER Technology a \u00e9t\u00e9 inform\u00e9 oralement ou par \u00e9crit de la possibilit\u00e9 de tels dommages. \u00c9tant donn\u00e9 que certaines juridictions n'autorisent pas les limitations sur les garanties implicites, ou les limitations de responsabilit\u00e9 pour les dommages cons\u00e9cutifs ou accessoires, ces limitations peuvent ne pas s'appliquer \u00e0 vous.<\/p>\n\n\n\n<h3 class=\"wp-block-heading\" id=\"5-accuracy-of-materials\">5. Pr\u00e9cision des mat\u00e9riaux<\/h3>\n\n\n\n<p>Les documents figurant sur le site jer-tech.com peuvent contenir des erreurs techniques, typographiques ou photographiques. JER Technology ne garantit pas que les documents figurant sur son site web sont exacts, complets ou \u00e0 jour. JER Technology peut apporter des modifications aux documents contenus sur son site web \u00e0 tout moment et sans pr\u00e9avis. Toutefois, JER Technology ne s'engage pas \u00e0 mettre \u00e0 jour les documents.<\/p>\n\n\n\n<h3 class=\"wp-block-heading\" id=\"6-links\">6. Liens<\/h3>\n\n\n\n<p>JER Technology n'a pas examin\u00e9 tous les sites li\u00e9s \u00e0 son site web et n'est pas responsable du contenu de ces sites. L'inclusion d'un lien n'implique pas l'approbation du site par JER Technology. L'utilisation de ces sites est aux risques et p\u00e9rils de l'utilisateur.<\/p>\n\n\n\n<h3 class=\"wp-block-heading\" id=\"7-modifications\">7. Modifications<\/h3>\n\n\n\n<p>JER Technology peut r\u00e9viser ces conditions de service pour son site web \u00e0 tout moment et sans pr\u00e9avis. En utilisant ce site web, vous acceptez d'\u00eatre li\u00e9 par la version la plus r\u00e9cente de ces conditions de service.<\/p>\n\n\n\n<h3 class=\"wp-block-heading\" id=\"8-governing-law\">8. Droit applicable<\/h3>\n\n\n\n<p>Les pr\u00e9sentes conditions g\u00e9n\u00e9rales sont r\u00e9gies et interpr\u00e9t\u00e9es conform\u00e9ment aux lois de la Chine et vous vous soumettez irr\u00e9vocablement \u00e0 la comp\u00e9tence exclusive des tribunaux de cet \u00c9tat ou de ce lieu.<\/p>","protected":false},"excerpt":{"rendered":"<p>1. Conditions En acc\u00e9dant au site web https:\/\/jer-tech.com, vous acceptez d'\u00eatre li\u00e9 par les pr\u00e9sentes conditions de service, par toutes les lois et r\u00e9glementations applicables, et vous acceptez d'\u00eatre responsable du respect de toutes les lois locales applicables. Si vous n'\u00eates pas d'accord avec l'une de ces conditions, il vous est interdit d'utiliser ce site ou d'y acc\u00e9der. [...]<\/p>","protected":false},"author":1,"featured_media":0,"parent":0,"menu_order":0,"comment_status":"closed","ping_status":"closed","template":"","meta":{"_seopress_robots_primary_cat":"","_seopress_titles_title":"","_seopress_titles_desc":"","_seopress_robots_index":"","footnotes":""},"class_list":["post-120","page","type-page","status-publish","hentry"],"_links":{"self":[{"href":"https:\/\/jer-tech.com\/fr\/wp-json\/wp\/v2\/pages\/120","targetHints":{"allow":["GET"]}}],"collection":[{"href":"https:\/\/jer-tech.com\/fr\/wp-json\/wp\/v2\/pages"}],"about":[{"href":"https:\/\/jer-tech.com\/fr\/wp-json\/wp\/v2\/types\/page"}],"author":[{"embeddable":true,"href":"https:\/\/jer-tech.com\/fr\/wp-json\/wp\/v2\/users\/1"}],"replies":[{"embeddable":true,"href":"https:\/\/jer-tech.com\/fr\/wp-json\/wp\/v2\/comments?post=120"}],"version-history":[{"count":1,"href":"https:\/\/jer-tech.com\/fr\/wp-json\/wp\/v2\/pages\/120\/revisions"}],"predecessor-version":[{"id":121,"href":"https:\/\/jer-tech.com\/fr\/wp-json\/wp\/v2\/pages\/120\/revisions\/121"}],"wp:attachment":[{"href":"https:\/\/jer-tech.com\/fr\/wp-json\/wp\/v2\/media?parent=120"}],"curies":[{"name":"wp","href":"https:\/\/api.w.org\/{rel}","templated":true}]}}