{"id":3593,"date":"2025-10-14T18:28:06","date_gmt":"2025-10-14T10:28:06","guid":{"rendered":"https:\/\/jer-tech.com\/?post_type=product&#038;p=3593"},"modified":"2025-10-16T19:24:29","modified_gmt":"2025-10-16T11:24:29","slug":"grabador-de-video-en-red-de-16-canales","status":"publish","type":"product","link":"https:\/\/jer-tech.com\/es\/producto\/grabador-de-video-en-red-de-16-canales\/","title":{"rendered":"HiEasy 16 Canales NVR 4K Network Video Recorder Soporte AI Funci\u00f3n"},"content":{"rendered":"","protected":false},"excerpt":{"rendered":"<p>JER-N316B Especificaciones<br \/>\n\u25cfSoporta 16 canales de acceso 4K; admite funciones de captura facial, comparaci\u00f3n facial y reconocimiento de matr\u00edculas;<br \/>\n\u25cfModo de trabajo de comparaci\u00f3n de captura facial: es necesario configurar el modo de canal Modo de captura frontal y comparaci\u00f3n frontal: conectado a 10 canales de c\u00e1maras de captura facial y comparaci\u00f3n, capaz de comparaci\u00f3n de 10 canales completos; c\u00e1mara de captura frontal y comparaci\u00f3n frontal: T5AI-F Modo mixto: Conectado a 10 canales de c\u00e1maras ordinarias, seleccione 1 canal para activar la compatibilidad con IA y, a continuaci\u00f3n, capture y realice la supervisi\u00f3n ordinaria en los dem\u00e1s canales;<br \/>\n\u25cfSoporta salida de v\u00eddeo 4K, y HDMI admite salida de audio simult\u00e1nea;<br \/>\n\u25cfOptimiza el ancho de banda de los recursos y admite un acceso de 80 Mbps;<br \/>\n\u25cfBase de datos de caras incorporada, que puede almacenar hasta 1.000 caras;<br \/>\n\u25cfSoporta funciones de alarma como la detecci\u00f3n de la forma humana y la detecci\u00f3n de la forma del veh\u00edculo con la c\u00e1mara P6S.<br \/>\n\u25cfSoporta captura y comparaci\u00f3n de caras (utiliza una grabadora de v\u00eddeo para potenciar la IA o coopera con la c\u00e1mara T5AI);<br \/>\n\u25cfAdmite el almacenamiento r\u00e1pido de caras en p\u00e1ginas capturadas, y admite la importaci\u00f3n por lotes de caras en la base de datos;<br \/>\nPermite buscar v\u00eddeos por nombre de persona e imagen facial; la b\u00fasqueda de v\u00eddeos es m\u00e1s r\u00e1pida.<br \/>\n\u25cfSoporta una variedad de reglas de comparaci\u00f3n, admite alarmas emergentes de videograbadora vinculada, transmisiones de voz y otras funciones;<br \/>\n\u25cfSoporta interfaz de altavoz para monitorizaci\u00f3n in situ del sonido de la c\u00e1mara; soporta interfaz de audio de 3,5 mm para entrada y salida ampliables.<br \/>\n\u25cfSoporta el acceso a discos duros de 1pc, el disco duro m\u00e1s grande soporta 14 TB;<br \/>\n\u25cfLa reproducci\u00f3n de v\u00eddeo se muestra en la l\u00ednea de tiempo y el tipo de v\u00eddeo se indica mediante colores, lo que facilita y agiliza la recuperaci\u00f3n de datos de v\u00eddeo.<br \/>\nSoporta la funci\u00f3n de copia de seguridad de v\u00eddeo, y la copia de seguridad puede ser exacta al segundo.<br \/>\nAdmite la modificaci\u00f3n por lotes de las direcciones de las c\u00e1maras frontales, la salida autom\u00e1tica de im\u00e1genes y las funciones de salida de im\u00e1genes de segmentos entre redes;<br \/>\nCompatible con el protocolo ONVIF;<br \/>\nCompatible con la funci\u00f3n de control de los par\u00e1metros de imagen de la c\u00e1mara frontal;<br \/>\n\u25cfM\u00faltiples modos de reproducci\u00f3n, avance r\u00e1pido, rebobinado y otras funciones;<br \/>\n\u25cfEl software cliente para ordenador EasyVMS puede utilizarse para supervisar y reproducir grabaciones a distancia.<br \/>\n\u25cfPuedes utilizar el software de tel\u00e9fono m\u00f3vil P6SLite para supervisar y reproducir grabaciones a distancia;<\/p>\n<p><strong>Especificaci\u00f3n:<\/strong><\/p>\n<table width=\"1164\">\n<tbody>\n<tr>\n<td colspan=\"2\" width=\"1164\">Sistema<\/td>\n<\/tr>\n<tr>\n<td>Modelo<\/td>\n<td width=\"970\">JER-N316B<\/td>\n<\/tr>\n<tr>\n<td>Chipset principal<\/td>\n<td width=\"970\">A1N<\/td>\n<\/tr>\n<tr>\n<td>Interfaz de funcionamiento<\/td>\n<td width=\"970\">Interfaz gr\u00e1fica, compatible con el rat\u00f3n<\/td>\n<\/tr>\n<tr>\n<td>Visualizaci\u00f3n de im\u00e1genes<\/td>\n<td width=\"970\">1\/4\/6\/9\/16 pantalla<\/td>\n<\/tr>\n<tr>\n<td colspan=\"2\">V\u00eddeo<\/td>\n<\/tr>\n<tr>\n<td>Acceso al v\u00eddeo<\/td>\n<td width=\"970\">16 canales 4K<\/td>\n<\/tr>\n<tr>\n<td>Fotograma de v\u00eddeo<\/td>\n<td width=\"970\">\u00a0NTSC@ 30fps\uff0cPAL@25fps<\/td>\n<\/tr>\n<tr>\n<td>Salida de v\u00eddeo<\/td>\n<td width=\"970\">VGA*1, HDMI*1<\/td>\n<\/tr>\n<tr>\n<td>Descodificaci\u00f3n de im\u00e1genes<\/td>\n<td width=\"970\">H.264\/H.265<\/td>\n<\/tr>\n<tr>\n<td>\u00c1rea de oclusi\u00f3n<\/td>\n<td width=\"970\">Soporte (necesita soporte para la c\u00e1mara)<\/td>\n<\/tr>\n<tr>\n<td>Detecci\u00f3n de movimiento<\/td>\n<td width=\"970\">Soporte (necesita soporte para la c\u00e1mara)<\/td>\n<\/tr>\n<tr>\n<td colspan=\"2\">Funci\u00f3n inteligente<\/td>\n<\/tr>\n<tr>\n<td>Valla electr\u00f3nica<\/td>\n<td width=\"970\">Soporte, enlace push, pantalla grande, alarma de voz NVR y otras funciones de alarma (necesita soporte de c\u00e1mara)<\/td>\n<\/tr>\n<tr>\n<td>cruzando<\/td>\n<td width=\"970\">Soporte, enlace push, pantalla grande, alarma de voz NVR y otras funciones de alarma (necesita soporte de c\u00e1mara)<\/td>\n<\/tr>\n<tr>\n<td>Detecci\u00f3n de apagado<\/td>\n<td width=\"970\">Soporte, enlace push, pantalla grande, alarma de voz NVR y otras funciones de alarma (necesita soporte de c\u00e1mara)<\/td>\n<\/tr>\n<tr>\n<td>estad\u00edsticas de flujo de pasajeros<\/td>\n<td width=\"970\">Soporte de consulta de flujo de pasajeros (necesita soporte de c\u00e1mara)<\/td>\n<\/tr>\n<tr>\n<td rowspan=\"2\">Captura facial<\/td>\n<td width=\"970\">Captura facial<\/td>\n<\/tr>\n<tr>\n<td width=\"970\">Captura NVR: Captura simult\u00e1nea de 8 personas por segundo, admite tama\u00f1os de p\u00edxel de cara de 20*20-384*384<\/td>\n<\/tr>\n<tr>\n<td rowspan=\"3\" width=\"194\">Comparaci\u00f3n de caras<\/td>\n<td width=\"970\">Captura de c\u00e1mara y modo de comparaci\u00f3n de c\u00e1mara: Conecte 10 c\u00e1maras de captura y comparaci\u00f3n facial, lo que permite una comparaci\u00f3n completa de 10 canales; (C\u00e1mara de captura y comparaci\u00f3n facial: T5AI-F)<\/p>\n<p>Modo h\u00edbrido: Conecte 10 c\u00e1maras normales, seleccione 1 canal para activar la IA y, a continuaci\u00f3n, capture, y utilice los dem\u00e1s canales para la supervisi\u00f3n normal.<\/p>\n<p>Soporta la funci\u00f3n de comparaci\u00f3n de listas blancas y negras, soporta m\u00faltiples configuraciones de reglas y puede enlazar m\u00faltiples m\u00e9todos de alarma.<\/p>\n<p>Admite 1000 caras;<\/td>\n<\/tr>\n<tr>\n<td width=\"970\">Soporta lista blanca y lista negra, soporta configuraci\u00f3n multiregla y enlaza m\u00faltiples formatos.<\/td>\n<\/tr>\n<tr>\n<td width=\"970\">Comparaci\u00f3n NVR: puede comparar 2 personas simult\u00e1neamente por segundo<\/td>\n<\/tr>\n<tr>\n<td>Funci\u00f3n de alarma<\/td>\n<td width=\"970\">Soporta ventanas emergentes de alarma NVR, soporta enlace de transmisi\u00f3n de voz NVR y soporta grabaci\u00f3n inteligente NVR.<br \/>\nAdmite la b\u00fasqueda de v\u00eddeos por rostro\/imagen de matr\u00edcula, la b\u00fasqueda de v\u00eddeos por nombre\/n\u00famero de matr\u00edcula y la b\u00fasqueda de v\u00eddeos mediante la carga de im\u00e1genes por USB;<\/td>\n<\/tr>\n<tr>\n<td>Reproducci\u00f3n inteligente<\/td>\n<td width=\"970\">Admite la recuperaci\u00f3n y reproducci\u00f3n de funciones de IA; Admite la b\u00fasqueda de v\u00eddeos por nombre de personal e im\u00e1genes de caras<\/td>\n<\/tr>\n<tr>\n<td colspan=\"2\">Audio<\/td>\n<\/tr>\n<tr>\n<td>Alarma por voz<\/td>\n<td width=\"970\">Configurar el aviso de alarma por voz de la c\u00e1mara (requiere que la c\u00e1mara admita avisos de alarma por voz)<\/td>\n<\/tr>\n<tr>\n<td>Formato de voz<\/td>\n<td width=\"970\">G.711U\u3001G.711A\u3001G.726<\/td>\n<\/tr>\n<tr>\n<td>Intercomunicador de audio<\/td>\n<td width=\"970\">Soportado, necesita tarjeta de audio extendida<\/td>\n<\/tr>\n<tr>\n<td>Entrada de audio<\/td>\n<td width=\"970\">Entrada de audio en red 1:1 seg\u00fan el n\u00famero de canales<\/td>\n<\/tr>\n<tr>\n<td>Salida de audio<\/td>\n<td width=\"970\">Admite salida de audio HDMI, salida de audio de 3,5 mm y conexi\u00f3n de 1,25 patillas con salida de sonido de altavoz<\/td>\n<\/tr>\n<tr>\n<td colspan=\"2\">Reproducci\u00f3n<\/td>\n<\/tr>\n<tr>\n<td>M\u00e9todo de grabaci\u00f3n<\/td>\n<td width=\"970\">Grabaci\u00f3n temporizada, grabaci\u00f3n por detecci\u00f3n de movimiento, grabaci\u00f3n manual y grabaci\u00f3n inteligente<\/td>\n<\/tr>\n<tr>\n<td width=\"194\">Canal de reproducci\u00f3n<\/td>\n<td width=\"970\">1*4K\/2*5MP<\/td>\n<\/tr>\n<tr>\n<td>Consulta de registros<\/td>\n<td width=\"970\">Reproducci\u00f3n de tiempo, reproducci\u00f3n de navegaci\u00f3n, reproducci\u00f3n inteligente de eventos, b\u00fasqueda de im\u00e1genes y grabaci\u00f3n<\/td>\n<\/tr>\n<tr>\n<td colspan=\"2\">Copia de seguridad<\/td>\n<\/tr>\n<tr>\n<td>Almacenamiento de v\u00eddeo<\/td>\n<td width=\"970\">Disco duro local, red<\/td>\n<\/tr>\n<tr>\n<td>Tipo de copia de seguridad<\/td>\n<td width=\"970\">USB Dispositivo de almacenamiento port\u00e1til, U-disk<\/td>\n<\/tr>\n<tr>\n<td colspan=\"2\">Control remoto<\/td>\n<\/tr>\n<tr>\n<td>Vigilancia m\u00f3vil<\/td>\n<td width=\"970\">APP: Hieasy\uff0c PC: EasyVMS<\/td>\n<\/tr>\n<tr>\n<td width=\"194\">N\u00famero de canales remotos<\/td>\n<td width=\"970\">Previsualizaci\u00f3n simult\u00e1nea de hasta 32 canales, con hasta 8 conexiones de usuario al mismo tiempo;<\/td>\n<\/tr>\n<tr>\n<td colspan=\"2\">Interfaz externa<\/td>\n<\/tr>\n<tr>\n<td>Salida de v\u00eddeo<\/td>\n<td width=\"970\">1 unidad VGA, 1 unidad HDMI<\/td>\n<\/tr>\n<tr>\n<td>Red<\/td>\n<td width=\"970\">1 pieza RJ45 100M, interfaz Ethernet autoadaptable<\/td>\n<\/tr>\n<tr>\n<td>USB<\/td>\n<td width=\"970\">2 unidades USB 2.0<\/td>\n<\/tr>\n<tr>\n<td>Disco duro<\/td>\n<td width=\"970\">1 unidad SATA 2.0; soporte m\u00e1ximo 14T<\/td>\n<\/tr>\n<tr>\n<td colspan=\"2\">Otros<\/td>\n<\/tr>\n<tr>\n<td>Control de inclinaci\u00f3n panor\u00e1mica<\/td>\n<td width=\"970\">Control de c\u00e1maras PTZ a trav\u00e9s de la red<\/td>\n<\/tr>\n<tr>\n<td>ONVIF<\/td>\n<td width=\"970\">Ayuda<\/td>\n<\/tr>\n<tr>\n<td>Potencia<\/td>\n<td width=\"970\">DC12V 5A<\/td>\n<\/tr>\n<tr>\n<td>Entorno de trabajo<\/td>\n<td width=\"970\">-10\u2103~+50\u2103 10%\uff5e95%RH<\/td>\n<\/tr>\n<\/tbody>\n<\/table>\n<p>&nbsp;<\/p>\n<p>&nbsp;<\/p>","protected":false},"featured_media":3596,"comment_status":"open","ping_status":"closed","template":"","meta":{"_seopress_robots_primary_cat":"none","_seopress_titles_title":"H.265 HiEasy 16CH NVR 4K Network Video Recorder Support AI Function","_seopress_titles_desc":"Professional 16ch 4K Network Video Recorder support human shape detection and vehicle shape detection. Contact JER Company for CCTV OEM services.","_seopress_robots_index":""},"product_brand":[],"product_cat":[60],"product_tag":[],"class_list":{"0":"post-3593","1":"product","2":"type-product","3":"status-publish","4":"has-post-thumbnail","6":"product_cat-nvr","8":"first","9":"instock","10":"shipping-taxable","11":"product-type-simple"},"_links":{"self":[{"href":"https:\/\/jer-tech.com\/es\/wp-json\/wp\/v2\/product\/3593","targetHints":{"allow":["GET"]}}],"collection":[{"href":"https:\/\/jer-tech.com\/es\/wp-json\/wp\/v2\/product"}],"about":[{"href":"https:\/\/jer-tech.com\/es\/wp-json\/wp\/v2\/types\/product"}],"replies":[{"embeddable":true,"href":"https:\/\/jer-tech.com\/es\/wp-json\/wp\/v2\/comments?post=3593"}],"wp:featuredmedia":[{"embeddable":true,"href":"https:\/\/jer-tech.com\/es\/wp-json\/wp\/v2\/media\/3596"}],"wp:attachment":[{"href":"https:\/\/jer-tech.com\/es\/wp-json\/wp\/v2\/media?parent=3593"}],"wp:term":[{"taxonomy":"product_brand","embeddable":true,"href":"https:\/\/jer-tech.com\/es\/wp-json\/wp\/v2\/product_brand?post=3593"},{"taxonomy":"product_cat","embeddable":true,"href":"https:\/\/jer-tech.com\/es\/wp-json\/wp\/v2\/product_cat?post=3593"},{"taxonomy":"product_tag","embeddable":true,"href":"https:\/\/jer-tech.com\/es\/wp-json\/wp\/v2\/product_tag?post=3593"}],"curies":[{"name":"wp","href":"https:\/\/api.w.org\/{rel}","templated":true}]}}