{"id":3587,"date":"2025-10-14T17:58:21","date_gmt":"2025-10-14T09:58:21","guid":{"rendered":"https:\/\/jer-tech.com\/?post_type=product&#038;p=3587"},"modified":"2025-10-14T18:02:56","modified_gmt":"2025-10-14T10:02:56","slug":"nvr-4k-de-64-canales","status":"publish","type":"product","link":"https:\/\/jer-tech.com\/es\/producto\/nvr-4k-de-64-canales\/","title":{"rendered":"64CH 4K NVR con Funci\u00f3n AI Soporte 8pcs 10TB Disco Duro"},"content":{"rendered":"","protected":false},"excerpt":{"rendered":"<p><strong>Caracter\u00edsticas<\/strong><\/p>\n<p>\u25c664ch acceso completo a v\u00eddeo en red en tiempo real, 64ch acceso 4K, 2U chasis NVR.<\/p>\n<p>\u25c6Decodificaci\u00f3n de H.265, sistema operativo Linux integrado.<\/p>\n<p>\u25c6Soporta grabaci\u00f3n sincr\u00f3nica, monitorizaci\u00f3n remota y copia de seguridad.<\/p>\n<p>\u25c6 Admite doble salida HDMI heterofuente y previsualizaci\u00f3n de alta definici\u00f3n 4K.<\/p>\n<p>\u25c6 Admite amplificaci\u00f3n electr\u00f3nica de im\u00e1genes de vista previa e im\u00e1genes de reproducci\u00f3n.<\/p>\n<p>\u25c6 Protocolos est\u00e1ndar ONVIF, RTSP, GB28181.<\/p>\n<p>\u25c6 Soporta alarma externa, puertos de red duales, intercomunicador de voz bidireccional, instant\u00e1nea de alarma y funciones de env\u00edo de correo electr\u00f3nico de alarma.<\/p>\n<p>\u25c6 Soporta DDNS, EMAIL, UPNP, NTP, P2P y otras funciones.<\/p>\n<p>\u25c6 Soporte WEB, monitorizaci\u00f3n de tel\u00e9fonos m\u00f3viles, cliente.<\/p>\n<p>\u25c6 Soporta dos modos de almacenamiento: cuota de grupo de discos y grupo de discos, que pueden asignar diferentes capacidades de almacenamiento de grabaci\u00f3n para diferentes canales.<\/p>\n<p>\u25c6 Soporta gesti\u00f3n centralizada IPC, incluyendo configuraci\u00f3n de par\u00e1metros IPC, importaci\u00f3n y exportaci\u00f3n de informaci\u00f3n, adquisici\u00f3n de informaci\u00f3n en tiempo real y otras funciones.<\/p>\n<p>\u25c6 Tarjetas de red Gigabit duales, que admiten configuraciones IP de red duales y otras.<\/p>\n<p>\u25c6 Soporta RAID0, RAID1, RAID5, RAID6 y RAID10, copia de seguridad global en caliente.<\/p>\n<p>\u25c6 Soporta agrupaci\u00f3n de canales y recorrido de vista previa.<\/p>\n<p>\u25c6 Admite detecci\u00f3n de red (supervisi\u00f3n del tr\u00e1fico de red, captura de paquetes de red, suavidad de red) y otras funciones.<\/p>\n<p>\u25c6 Admite reproducci\u00f3n sincronizada de v\u00eddeo 1080P de hasta 16 canales y reproducci\u00f3n inversa sincronizada multicanal.<\/p>\n<p>\u25c6Soporta la funci\u00f3n de reproducci\u00f3n instant\u00e1nea,<\/p>\n<p>\u25c6Brand nueva interfaz de operaci\u00f3n de interfaz de usuario, soporta un solo clic para iniciar la funci\u00f3n de grabaci\u00f3n.<\/p>\n<p>\u25c6 Admite copia de seguridad en caliente N+1 y filtrado IP.<\/p>\n<p>\u25c6 Admite el software cliente para ordenador EasyVMS para la supervisi\u00f3n remota y la reproducci\u00f3n de v\u00eddeo.<\/p>\n<p>\u25c6 Admite el software HiEasy para tel\u00e9fonos m\u00f3viles para la supervisi\u00f3n remota y la reproducci\u00f3n de v\u00eddeo.<\/p>\n<p>&nbsp;<\/p>","protected":false},"featured_media":3592,"comment_status":"open","ping_status":"closed","template":"","meta":{"_seopress_robots_primary_cat":"none","_seopress_titles_title":"H.265 Professional HiEasy 64CH 4K NVR with AI Function Support 8pcs 10TB Hard Disk","_seopress_titles_desc":"Looking for a reliable 64CH4K NVR supplier? Contact JER Company and we will provide you with professional CCTV solutions.","_seopress_robots_index":""},"product_brand":[],"product_cat":[60],"product_tag":[],"class_list":{"0":"post-3587","1":"product","2":"type-product","3":"status-publish","4":"has-post-thumbnail","6":"product_cat-nvr","8":"first","9":"instock","10":"shipping-taxable","11":"product-type-simple"},"_links":{"self":[{"href":"https:\/\/jer-tech.com\/es\/wp-json\/wp\/v2\/product\/3587","targetHints":{"allow":["GET"]}}],"collection":[{"href":"https:\/\/jer-tech.com\/es\/wp-json\/wp\/v2\/product"}],"about":[{"href":"https:\/\/jer-tech.com\/es\/wp-json\/wp\/v2\/types\/product"}],"replies":[{"embeddable":true,"href":"https:\/\/jer-tech.com\/es\/wp-json\/wp\/v2\/comments?post=3587"}],"wp:featuredmedia":[{"embeddable":true,"href":"https:\/\/jer-tech.com\/es\/wp-json\/wp\/v2\/media\/3592"}],"wp:attachment":[{"href":"https:\/\/jer-tech.com\/es\/wp-json\/wp\/v2\/media?parent=3587"}],"wp:term":[{"taxonomy":"product_brand","embeddable":true,"href":"https:\/\/jer-tech.com\/es\/wp-json\/wp\/v2\/product_brand?post=3587"},{"taxonomy":"product_cat","embeddable":true,"href":"https:\/\/jer-tech.com\/es\/wp-json\/wp\/v2\/product_cat?post=3587"},{"taxonomy":"product_tag","embeddable":true,"href":"https:\/\/jer-tech.com\/es\/wp-json\/wp\/v2\/product_tag?post=3587"}],"curies":[{"name":"wp","href":"https:\/\/api.w.org\/{rel}","templated":true}]}}