{"id":3338,"date":"2025-08-16T21:55:53","date_gmt":"2025-08-16T13:55:53","guid":{"rendered":"https:\/\/jer-tech.com\/?post_type=product&#038;p=3338"},"modified":"2025-08-16T21:55:54","modified_gmt":"2025-08-16T13:55:54","slug":"reconocimiento-facial-ai-camara-ip","status":"publish","type":"product","link":"https:\/\/jer-tech.com\/es\/producto\/reconocimiento-facial-ai-camara-ip\/","title":{"rendered":"Las c\u00e1maras IP AI de 5 MP admiten el reconocimiento facial"},"content":{"rendered":"","protected":false},"excerpt":{"rendered":"<p>1. 1\/2,7\u2033 T41NQ+SC500AI, sensor CMOS de alta sensibilidad HD,<br \/>\n2. Admite formatos de codificaci\u00f3n H.264, H.265<br \/>\nResoluciones de flujo principal: 5MP (2880 * 1624) \/ 4MP (2560 * 1440) \/ 3MP (2304 * 1296) \/ 2MP (1920 * 1080)<br \/>\nResoluciones Sub Stream: 448P (800 * 448) \/ D1 (704 * 576) \/ 360P (640 * 360) \/ CIF (352 * 288)<br \/>\n3. Admite salida simult\u00e1nea de doble flujo.<br \/>\n4. Para un rendimiento \u00f3ptimo con algoritmos de cara\/placa de matr\u00edcula, utilice una lente HD de 6 mm.<br \/>\n5. Activaci\u00f3n inteligente de algoritmos opcional: Reconocimiento facial, Algoritmo de estructuraci\u00f3n de matr\u00edculas, Algoritmo de detecci\u00f3n de llamas.<br \/>\n<strong>6. Algoritmo de detecci\u00f3n de forma humana\/veh\u00edculo (requiere la activaci\u00f3n del reconocimiento facial, el reconocimiento de matr\u00edculas o la detecci\u00f3n de llamas).<\/strong><br \/>\n1) Aplicaciones de extensi\u00f3n de IA: Valla electr\u00f3nica, detecci\u00f3n de intrusos, detecci\u00f3n de puestos desatendidos, recuento de personas, recuento de veh\u00edculos.<br \/>\n<strong>7. Algoritmo inteligente de captura y reconocimiento facial:<\/strong><br \/>\n1) Admite la detecci\u00f3n y el seguimiento de hasta 6 caras por fotograma.<br \/>\n2) Admite captura r\u00e1pida o captura de calidad (umbrales de calidad facial ajustables); captura hasta 6 caras simult\u00e1neamente; tama\u00f1o m\u00ednimo de cara detectable: 20\u00d720 p\u00edxeles.<br \/>\n3) Admite la comparaci\u00f3n de caras.<br \/>\n4) Admite la detecci\u00f3n de m\u00e1scaras.<br \/>\n5) Funciona de forma independiente (aut\u00f3noma); admite la carga de fotos de caras al dispositivo a trav\u00e9s de VMS, APP o NVR; admite la vinculaci\u00f3n de alarmas de lista blanca\/blanca.<br \/>\n6) Cuando se empareja con NVR inteligentes compatibles (modelos N310B, N316B, N336A), habilita las funciones: gesti\u00f3n de base de datos de caras, vinculaci\u00f3n de alarmas a listas blancas y negras, b\u00fasqueda de desconocidos y b\u00fasqueda de grabaciones por caras.<br \/>\n<strong>8. Algoritmo de captura, reconocimiento y estructuraci\u00f3n de matr\u00edculas:<\/strong><\/p>\n<p>1) Admite la captura global de matr\u00edculas.<br \/>\n2) Reconoce el color de la matr\u00edcula, la informaci\u00f3n de la placa y la informaci\u00f3n del tipo de veh\u00edculo.<br \/>\n3) Cambio autom\u00e1tico del modo de funcionamiento: Optimiza la visibilidad de la escena cuando no se detecta ninguna matr\u00edcula, cambia al modo de reconocimiento de matr\u00edculas y optimiza la exposici\u00f3n cuando se detecta una matr\u00edcula.<br \/>\n4) La informaci\u00f3n reconocida sobre el n\u00famero de matr\u00edcula y el tipo de veh\u00edculo puede superponerse al flujo de v\u00eddeo.<br \/>\n5) Admite el modo de captura autom\u00e1tica y el modo de captura manual para diversos escenarios de aplicaci\u00f3n.<br \/>\n6) Cuando se empareja con NVR inteligentes compatibles (modelos N310B, N316B, N336A), habilita las funciones: gesti\u00f3n de base de datos de matr\u00edculas, registro de matr\u00edculas desconocidas, vinculaci\u00f3n de alarmas de lista blanca\/lista negra, b\u00fasqueda de grabaciones por matr\u00edcula.<br \/>\n<strong>9. Algoritmo de detecci\u00f3n de llamas:<\/strong><br \/>\n1) Vigilancia continua 24 horas al d\u00eda, 7 d\u00edas a la semana, para seguridad general\/prevenci\u00f3n de robos; activa la alarma de incendios al detectar llamas.<br \/>\n2) Tama\u00f1o m\u00ednimo del p\u00edxel de detecci\u00f3n: 50\u00d780 p\u00edxeles.<br \/>\n3) Utiliza el an\u00e1lisis de im\u00e1genes combinado con la detecci\u00f3n de las caracter\u00edsticas espectrales de la llama y las caracter\u00edsticas del cuerpo del incendio para obtener una alta sensibilidad y reducir al m\u00ednimo las falsas alarmas.<br \/>\n10. Admite entrada y salida de audio para comunicaci\u00f3n de audio bidireccional; admite entrada y salida de alarma.<br \/>\n11. Soporta funcionalidad FTP (incluyendo subida de im\u00e1genes); soporta protocolos: GB28181, MQTT, HTTP\/HTTPS.<br \/>\n12. Admite almacenamiento mediante tarjeta TF (hasta 512 GB de capacidad).<br \/>\n13. Admite m\u00e1scara de privacidad (para oscurecer \u00e1reas espec\u00edficas); admite superposici\u00f3n de texto OSD;<br \/>\n14. admite la sincronizaci\u00f3n horaria en red (NTP).<br \/>\n15. Admite supervisi\u00f3n remota a trav\u00e9s de aplicaciones m\u00f3viles (iOS, Android) y clientes de PC.<\/p>\n<table style=\"border-collapse: collapse; width: 756.62pt;\" border=\"0\" width=\"1261\" cellspacing=\"0\" cellpadding=\"0\">\n<tbody>\n<tr style=\"height: 31.00pt;\">\n<td class=\"et3\" style=\"height: 31.00pt; width: 756.60pt;\" colspan=\"2\" width=\"1261\" height=\"51\">Funci\u00f3n<\/td>\n<\/tr>\n<tr style=\"height: 38.00pt;\">\n<td class=\"et4\" style=\"height: 38.00pt; width: 129.60pt;\" width=\"216\" height=\"63\">Interruptor D\/N<\/td>\n<td class=\"et4\" style=\"width: 627.00pt;\" width=\"1045\">Soporta conmutaci\u00f3n D\/N (IR-CUT opcional)<\/td>\n<\/tr>\n<tr style=\"height: 38.00pt;\">\n<td class=\"et4\" style=\"height: 38.00pt; width: 129.60pt;\" width=\"216\" height=\"63\">Balance de blancos<\/td>\n<td class=\"et4\" style=\"width: 627.00pt;\" width=\"1045\">Admite balance de blancos autom\u00e1tico<\/td>\n<\/tr>\n<tr style=\"height: 38.00pt;\">\n<td class=\"et4\" style=\"height: 38.00pt; width: 129.60pt;\" width=\"216\" height=\"63\">Reducci\u00f3n del ruido<\/td>\n<td class=\"et4\" style=\"width: 627.00pt;\" width=\"1045\">Apoye al 3DNR<\/td>\n<\/tr>\n<tr style=\"height: 38.00pt;\">\n<td class=\"et4\" style=\"height: 38.00pt; width: 129.60pt;\" width=\"216\" height=\"63\">WDR<\/td>\n<td class=\"et4\" style=\"width: 627.00pt;\" width=\"1045\">Ayuda<\/td>\n<\/tr>\n<tr style=\"height: 38.00pt;\">\n<td class=\"et4\" style=\"height: 38.00pt; width: 129.60pt;\" width=\"216\" height=\"63\">Refugio de privacidad<\/td>\n<td class=\"et4\" style=\"width: 627.00pt;\" width=\"1045\">Ayuda<\/td>\n<\/tr>\n<tr style=\"height: 38.00pt;\">\n<td class=\"et4\" style=\"height: 38.00pt; width: 129.60pt;\" width=\"216\" height=\"63\">Espejo<\/td>\n<td class=\"et4\" style=\"width: 627.00pt;\" width=\"1045\">Ayuda<\/td>\n<\/tr>\n<tr style=\"height: 38.00pt;\">\n<td class=\"et4\" style=\"height: 38.00pt; width: 129.60pt;\" width=\"216\" height=\"63\">OSD<\/td>\n<td class=\"et4\" style=\"width: 627.00pt;\" width=\"1045\">Soporta ajuste OSD, arrastra la posici\u00f3n libremente<\/td>\n<\/tr>\n<tr style=\"height: 38.00pt;\">\n<td class=\"et4\" style=\"height: 38.00pt; width: 129.60pt;\" width=\"216\" height=\"63\">Reinicie<\/td>\n<td class=\"et4\" style=\"width: 627.00pt;\" width=\"1045\">Ayuda<\/td>\n<\/tr>\n<tr style=\"height: 38.00pt;\">\n<td class=\"et3\" style=\"height: 38.00pt; width: 756.60pt;\" colspan=\"2\" width=\"1261\" height=\"63\">Funci\u00f3n inteligente<\/td>\n<\/tr>\n<tr style=\"height: 66.00pt;\">\n<td class=\"et4\" style=\"height: 66.00pt; width: 129.60pt;\" width=\"216\" height=\"110\">Detecci\u00f3n inteligente<\/td>\n<td class=\"et4\" style=\"width: 627.00pt;\" width=\"1045\">Puede detectar la forma humana para una alarma inteligente y estad\u00edsticas sobre el n\u00famero de personas.<br \/>\nAplicaciones ampliadas: Valla electr\u00f3nica, detecci\u00f3n de cruces, detecci\u00f3n de salidas y estad\u00edsticas de flujo de pasajeros.<\/td>\n<\/tr>\n<tr style=\"height: 36.00pt;\">\n<td class=\"et5\" style=\"height: 36.00pt; width: 756.60pt; border-right: .5pt solid #000000;\" colspan=\"2\" width=\"1261\" height=\"60\">Algoritmo inteligente de captura y reconocimiento facial<\/td>\n<\/tr>\n<tr style=\"height: 38.00pt;\">\n<td class=\"et4\" style=\"height: 38.00pt; width: 129.60pt;\" width=\"216\" height=\"63\">Detecci\u00f3n de m\u00e1scaras<\/td>\n<td class=\"et4\" style=\"width: 627.00pt;\" width=\"1045\">Ayuda<\/td>\n<\/tr>\n<tr style=\"height: 86.00pt;\">\n<td class=\"et4\" style=\"height: 86.00pt; width: 129.60pt;\" width=\"216\" height=\"143\">Captura facial<\/td>\n<td class=\"et4\" style=\"width: 627.00pt;\" width=\"1045\">Admite la eliminaci\u00f3n de duplicados faciales y puede configurar los modos de captura r\u00e1pida y captura de calidad.<br \/>\nCaptura r\u00e1pida: Empuja r\u00e1pidamente las im\u00e1genes faciales que aparecen<br \/>\nCaptura de calidad: Empuje la mejor imagen facial en el per\u00edodo de tiempo de la apariencia facial<br \/>\nCalidad facial ajustable, compatible con la detecci\u00f3n y el seguimiento de rostros de 6 personas por fotograma.<br \/>\nCaptura simult\u00e1nea de 6 personas, con un tama\u00f1o m\u00ednimo de p\u00edxel facial de 20 * 20<\/td>\n<\/tr>\n<tr style=\"height: 86.00pt;\">\n<td class=\"et4\" style=\"height: 86.00pt; width: 129.60pt;\" width=\"216\" height=\"143\">Comparaci\u00f3n de caras<\/td>\n<td class=\"et4\" style=\"width: 627.00pt;\" width=\"1045\">Admite la funci\u00f3n de comparaci\u00f3n, admite la carga de bibliotecas de rostros en dispositivos mediante EasyVMS, APP y NVR, y admite la comparaci\u00f3n de rostros en una sola m\u00e1quina.<br \/>\nApoyar la denuncia de extra\u00f1os a la polic\u00eda y la elaboraci\u00f3n de listas negras y blancas.<\/td>\n<\/tr>\n<tr style=\"height: 47.00pt;\">\n<td class=\"et4\" style=\"height: 47.00pt; width: 129.60pt;\" width=\"216\" height=\"78\">El n\u00famero de bases de datos de rostros<\/td>\n<td class=\"et4\" style=\"width: 627.00pt;\" width=\"1045\">Admite 1000 bases de datos de caras (se utiliza junto con N310B, N316B, N336A NVR)<br \/>\nAdmite una base de datos de caras de 5.000 caras (utilizada junto con EasyVMS y APP)<\/td>\n<\/tr>\n<tr style=\"height: 47.00pt;\">\n<td class=\"et4\" style=\"height: 47.00pt; width: 129.60pt;\" width=\"216\" height=\"78\">Distancia de reconocimiento<\/td>\n<td class=\"et4\" style=\"width: 627.00pt;\" width=\"1045\">Lente de 6 mm: 3-5 metros<\/td>\n<\/tr>\n<tr style=\"height: 77.00pt;\">\n<td class=\"et4\" style=\"height: 77.00pt; width: 129.60pt;\" width=\"216\" height=\"128\">V\u00ednculo funcional<\/td>\n<td class=\"et4\" style=\"width: 627.00pt;\" width=\"1045\">Admite emisi\u00f3n de voz, salida de alarma, captura de im\u00e1genes en tarjeta TF, grabaci\u00f3n de v\u00eddeo en tarjeta TF y carga FTP;<\/p>\n<p>Cuando se empareja con un host NVR inteligente, puede lograr funciones como la gesti\u00f3n de bases de datos de rostros, la vinculaci\u00f3n de alarmas de listas blancas y negras, la consulta r\u00e1pida de desconocidos y la consulta de v\u00eddeo por rostro. (N310B, N316B, N336A)<\/td>\n<\/tr>\n<tr style=\"height: 29.00pt;\">\n<td class=\"et5\" style=\"height: 29.00pt; width: 756.60pt; border-right: .5pt solid #000000;\" colspan=\"2\" width=\"1261\" height=\"48\">Algoritmo inteligente de captura y reconocimiento facial:<\/td>\n<\/tr>\n<tr style=\"height: 93.00pt;\">\n<td class=\"et4\" style=\"height: 93.00pt; width: 129.60pt;\" width=\"216\" height=\"155\">Modo de reconocimiento de matr\u00edculas<\/td>\n<td class=\"et4\" style=\"width: 627.00pt;\" width=\"1045\">Soporta modo autom\u00e1tico y modo manual;<br \/>\nPuede utilizarse tanto para la vigilancia como para el reconocimiento de matr\u00edculas. Cuando no hay matr\u00edcula, se puede ver claramente el entorno circundante. Tras detectar una matr\u00edcula, se llevar\u00e1 a cabo la captaci\u00f3n de luz.<br \/>\nSoporte de captura global de matr\u00edculas, reconocimiento de matr\u00edculas en China y Vietnam;<\/td>\n<\/tr>\n<tr style=\"height: 57.00pt;\">\n<td class=\"et4\" style=\"height: 57.00pt; width: 129.60pt;\" width=\"216\" height=\"95\">M\u00e9todo de identificaci\u00f3n<\/td>\n<td class=\"et4\" style=\"width: 627.00pt;\" width=\"1045\">Algoritmo de reconocimiento estructurado de matr\u00edculas<\/td>\n<\/tr>\n<tr style=\"height: 57.00pt;\">\n<td class=\"et4\" style=\"height: 57.00pt; width: 129.60pt;\" width=\"216\" height=\"95\">Informaci\u00f3n de salida<\/td>\n<td class=\"et4\" style=\"width: 627.00pt;\" width=\"1045\">Admite el reconocimiento del color de la matr\u00edcula, el n\u00famero de matr\u00edcula y la informaci\u00f3n sobre el modelo del veh\u00edculo.<br \/>\nAdmite la visualizaci\u00f3n superpuesta OSD de la informaci\u00f3n de la matr\u00edcula;<\/td>\n<\/tr>\n<tr style=\"height: 57.00pt;\">\n<td class=\"et4\" style=\"height: 57.00pt; width: 129.60pt;\" width=\"216\" height=\"95\">Velocidad del veh\u00edculo<\/td>\n<td class=\"et4\" style=\"width: 627.00pt;\" width=\"1045\">Modo autom\u00e1tico: Por debajo de 60Km\/h, velocidad ajustable en modo manual.<\/td>\n<\/tr>\n<tr style=\"height: 57.00pt;\">\n<td class=\"et4\" style=\"height: 57.00pt; width: 129.60pt;\" width=\"216\" height=\"95\">Distancia de reconocimiento<\/td>\n<td class=\"et4\" style=\"width: 627.00pt;\" width=\"1045\">Objetivo de 6 mm: 4-13 metros<\/td>\n<\/tr>\n<tr style=\"height: 73.00pt;\">\n<td class=\"et4\" style=\"height: 73.00pt; width: 129.60pt;\" width=\"216\" height=\"121\">V\u00ednculo funcional<\/td>\n<td class=\"et4\" style=\"width: 627.00pt;\" width=\"1045\">Admite emisi\u00f3n de voz, salida de alarma, captura de im\u00e1genes en tarjeta TF, grabaci\u00f3n de v\u00eddeo en tarjeta TF y carga FTP;<\/p>\n<p>Cuando se empareja con un host NVR inteligente, puede lograr funciones como la gesti\u00f3n de bases de datos de matr\u00edculas, la grabaci\u00f3n de matr\u00edculas desconocidas, la vinculaci\u00f3n de alarmas de listas blancas y negras, y la consulta de matr\u00edculas y grabaci\u00f3n de v\u00eddeo. (N310B, N316B, N336A)<\/td>\n<\/tr>\n<tr style=\"height: 43.00pt;\">\n<td class=\"et5\" style=\"height: 43.00pt; width: 756.60pt; border-right: .5pt solid #000000;\" colspan=\"2\" width=\"1261\" height=\"71\">Detecci\u00f3n de llama<\/td>\n<\/tr>\n<tr style=\"height: 52.00pt;\">\n<td class=\"et4\" style=\"height: 52.00pt; width: 129.60pt;\" width=\"216\" height=\"86\">M\u00e9todo de detecci\u00f3n<\/td>\n<td class=\"et4\" style=\"width: 627.00pt;\" width=\"1045\">El algoritmo de imagen combinado con las caracter\u00edsticas espectrales de la llama y las caracter\u00edsticas del cuerpo del incendio garantiza una detecci\u00f3n sensible al tiempo que elimina las falsas alarmas.<\/td>\n<\/tr>\n<tr style=\"height: 52.00pt;\">\n<td class=\"et4\" style=\"height: 52.00pt; width: 129.60pt;\" width=\"216\" height=\"86\">Requisitos m\u00ednimos para los puntos de p\u00edxel de llama<\/td>\n<td class=\"et4\" style=\"width: 627.00pt;\" width=\"1045\">50*80 p\u00edxeles<\/td>\n<\/tr>\n<tr style=\"height: 52.00pt;\">\n<td class=\"et4\" style=\"height: 52.00pt; width: 129.60pt;\" width=\"216\" height=\"86\">Distancia de detecci\u00f3n<\/td>\n<td class=\"et4\" style=\"width: 627.00pt;\" width=\"1045\">Lente de 6 mm: 10-15 metros (en funci\u00f3n del tama\u00f1o de la llama)<\/td>\n<\/tr>\n<tr style=\"height: 52.00pt;\">\n<td class=\"et4\" style=\"height: 52.00pt; width: 129.60pt;\" width=\"216\" height=\"86\">Funci\u00f3n de alarma<\/td>\n<td class=\"et4\" style=\"width: 627.00pt;\" width=\"1045\">Admite emisi\u00f3n de voz, salida de alarma, captura de im\u00e1genes en tarjeta TF, grabaci\u00f3n de v\u00eddeo en tarjeta TF, carga FTP y APP push.<\/td>\n<\/tr>\n<tr style=\"height: 38.00pt;\">\n<td class=\"et3\" style=\"height: 38.00pt; width: 756.60pt;\" colspan=\"2\" width=\"1261\" height=\"63\">V\u00eddeo<\/td>\n<\/tr>\n<tr style=\"height: 38.00pt;\">\n<td class=\"et4\" style=\"height: 38.00pt; width: 129.60pt;\" width=\"216\" height=\"63\">Ethernet<\/td>\n<td class=\"et4\" style=\"width: 627.00pt;\" width=\"1045\">RJ-45 10M\/100M autoadaptable<\/td>\n<\/tr>\n<tr style=\"height: 38.00pt;\">\n<td class=\"et8\" style=\"height: 76.00pt; width: 129.60pt; border-bottom: .5pt solid #000000;\" rowspan=\"2\" width=\"216\" height=\"126\">Resoluci\u00f3n<\/td>\n<td class=\"et4\" style=\"width: 627.00pt;\" width=\"1045\">5MP (2880 * 1624) \/ 4MP (2560 * 1440) \/ 3MP (2304 * 1296) \/ 2MP (1920 * 1080)<\/td>\n<\/tr>\n<tr style=\"height: 38.00pt;\">\n<td class=\"et4\" style=\"width: 627.00pt;\" width=\"1045\">Resoluciones Sub Stream: 448P (800 * 448) \/ D1 (704 * 576) \/ 360P (640 * 360) \/ CIF (352 * 288)<\/td>\n<\/tr>\n<tr style=\"height: 38.00pt;\">\n<td class=\"et4\" style=\"height: 38.00pt; width: 129.60pt;\" width=\"216\" height=\"63\">Protocolo<\/td>\n<td class=\"et4\" style=\"width: 627.00pt;\" width=\"1045\"><span class=\"font2\">ONVIF<\/span><span class=\"font5\">\uff0c<\/span><span class=\"font2\">P2P<\/span><span class=\"font5\">\uff0c<\/span><span class=\"font2\">CGI<\/span><span class=\"font5\">\uff0c<\/span><span class=\"font2\">HTTP<\/span><span class=\"font5\">\uff0c<\/span><span class=\"font2\">TCP\/IP<\/span><span class=\"font5\">\uff0c<\/span><span class=\"font2\">IPv4<\/span><span class=\"font5\">\uff0c<\/span><span class=\"font2\">RTSP<\/span><span class=\"font5\">\uff0c<\/span><span class=\"font2\">UDP<\/span><span class=\"font5\">\uff0c<\/span><span class=\"font2\">NTP<\/span><span class=\"font5\">\uff0c<\/span><span class=\"font2\">DHCP<\/span><span class=\"font5\">\uff0c<\/span><span class=\"font2\">DNS<\/span><span class=\"font5\">\uff0c<\/span><span class=\"font2\">Filtro IP<\/span><span class=\"font5\">\uff0c<\/span><span class=\"font2\">FTP<\/span><\/td>\n<\/tr>\n<tr style=\"height: 38.00pt;\">\n<td class=\"et4\" style=\"height: 38.00pt; width: 129.60pt;\" width=\"216\" height=\"63\">Protocolo de acceso<\/td>\n<td class=\"et4\" style=\"width: 627.00pt;\" width=\"1045\">Protocolo ONVIF\/Protocolo privado \/CGI<\/td>\n<\/tr>\n<tr style=\"height: 38.00pt;\">\n<td class=\"et4\" style=\"height: 38.00pt; width: 129.60pt;\" width=\"216\" height=\"63\">Conexi\u00f3n m\u00e1xima<\/td>\n<td class=\"et4\" style=\"width: 627.00pt;\" width=\"1045\"><span class=\"font2\">3 corriente principal<\/span><span class=\"font5\">\uff0c<\/span><span class=\"font2\">3 subflujos<\/span><\/td>\n<\/tr>\n<tr style=\"height: 38.00pt;\">\n<td class=\"et4\" style=\"height: 38.00pt; width: 129.60pt;\" width=\"216\" height=\"63\">Cliente<\/td>\n<td class=\"et4\" style=\"width: 627.00pt;\" width=\"1045\"><span class=\"font2\">IOS<\/span><span class=\"font5\">\uff0c<\/span><span class=\"font2\">Android<\/span><span class=\"font5\">\uff0c<\/span><span class=\"font2\">Windows<\/span><\/td>\n<\/tr>\n<tr style=\"height: 38.00pt;\">\n<td class=\"et3\" style=\"height: 38.00pt; width: 756.60pt;\" colspan=\"2\" width=\"1261\" height=\"63\">Audio<\/td>\n<\/tr>\n<tr style=\"height: 38.00pt;\">\n<td class=\"et4\" style=\"height: 38.00pt; width: 129.60pt;\" width=\"216\" height=\"63\">Audio<\/td>\n<td class=\"et4\" style=\"width: 627.00pt;\" width=\"1045\"><span class=\"font2\">G.711U<\/span><span class=\"font5\">\u3001<\/span><span class=\"font2\">G711A<\/span><\/td>\n<\/tr>\n<tr style=\"height: 38.00pt;\">\n<td class=\"et4\" style=\"height: 38.00pt; width: 129.60pt;\" width=\"216\" height=\"63\">Entrada de audio<\/td>\n<td class=\"et4\" style=\"width: 627.00pt;\" width=\"1045\">Ayuda<\/td>\n<\/tr>\n<tr style=\"height: 38.00pt;\">\n<td class=\"et4\" style=\"height: 38.00pt; width: 129.60pt;\" width=\"216\" height=\"63\">Salida de audio<\/td>\n<td class=\"et4\" style=\"width: 627.00pt;\" width=\"1045\">Ayuda<\/td>\n<\/tr>\n<tr style=\"height: 38.00pt;\">\n<td class=\"et3\" style=\"height: 38.00pt; width: 756.60pt;\" colspan=\"2\" width=\"1261\" height=\"63\">Otras interfaces<\/td>\n<\/tr>\n<tr style=\"height: 38.00pt;\">\n<td class=\"et10\" style=\"height: 38.00pt; width: 129.60pt;\" width=\"216\" height=\"63\">Leds IR<\/td>\n<td class=\"et10\" style=\"width: 627.00pt;\" width=\"1045\">4pcs Blanco Led(Dual-Light)<\/td>\n<\/tr>\n<tr style=\"height: 38.00pt;\">\n<td class=\"et10\" style=\"height: 38.00pt; width: 129.60pt;\" width=\"216\" height=\"63\">Corte IR<\/td>\n<td class=\"et10\" style=\"width: 627.00pt;\" width=\"1045\">S\u00ed<\/td>\n<\/tr>\n<tr style=\"height: 38.00pt;\">\n<td class=\"et10\" style=\"height: 38.00pt; width: 129.60pt;\" width=\"216\" height=\"63\">Lente<\/td>\n<td class=\"et10\" style=\"width: 627.00pt;\" width=\"1045\">3,6\/6 mm (2,8 mm opcional)<\/td>\n<\/tr>\n<tr style=\"height: 38.00pt;\">\n<td class=\"et10\" style=\"height: 38.00pt; width: 129.60pt;\" width=\"216\" height=\"63\">Distancia IR<\/td>\n<td class=\"et10\" style=\"width: 627.00pt;\" width=\"1045\">30m<\/td>\n<\/tr>\n<tr style=\"height: 38.00pt;\">\n<td class=\"et10\" style=\"height: 38.00pt; width: 129.60pt;\" width=\"216\" height=\"63\">Impermeable<\/td>\n<td class=\"et10\" style=\"width: 627.00pt;\" width=\"1045\">IP66<\/td>\n<\/tr>\n<tr style=\"height: 38.00pt;\">\n<td class=\"et4\" style=\"height: 38.00pt; width: 129.60pt;\" width=\"216\" height=\"63\">Potencia<\/td>\n<td class=\"et4\" style=\"width: 627.00pt;\" width=\"1045\">CC12V \/ POE 48V<\/td>\n<\/tr>\n<tr style=\"height: 38.00pt;\">\n<td class=\"et4\" style=\"height: 38.00pt; width: 129.60pt;\" width=\"216\" height=\"63\">Tarjeta TF<\/td>\n<td class=\"et4\" style=\"width: 627.00pt;\" width=\"1045\">Soporta 512G TF<\/td>\n<\/tr>\n<tr style=\"height: 38.00pt;\">\n<td class=\"et4\" style=\"height: 38.00pt; width: 129.60pt;\" width=\"216\" height=\"63\">Temperatura<\/td>\n<td class=\"et4\" style=\"width: 627.00pt;\" width=\"1045\"><span class=\"font2\">-30\u2103<\/span><span class=\"font5\">\uff5e<\/span><span class=\"font2\">+70\u2103<\/span><\/td>\n<\/tr>\n<\/tbody>\n<\/table>","protected":false},"featured_media":549,"comment_status":"open","ping_status":"closed","template":"","meta":{"_seopress_robots_primary_cat":"","_seopress_titles_title":"5MP AI IP Cameras Support Face Recognition","_seopress_titles_desc":"5MP AI IP camera support Face Recognition, License Plate Recognition, or Flame Detection","_seopress_robots_index":""},"product_brand":[],"product_cat":[46],"product_tag":[],"class_list":{"0":"post-3338","1":"product","2":"type-product","3":"status-publish","4":"has-post-thumbnail","6":"product_cat-ip-cameras","8":"first","9":"instock","10":"shipping-taxable","11":"product-type-simple"},"_links":{"self":[{"href":"https:\/\/jer-tech.com\/es\/wp-json\/wp\/v2\/product\/3338","targetHints":{"allow":["GET"]}}],"collection":[{"href":"https:\/\/jer-tech.com\/es\/wp-json\/wp\/v2\/product"}],"about":[{"href":"https:\/\/jer-tech.com\/es\/wp-json\/wp\/v2\/types\/product"}],"replies":[{"embeddable":true,"href":"https:\/\/jer-tech.com\/es\/wp-json\/wp\/v2\/comments?post=3338"}],"wp:featuredmedia":[{"embeddable":true,"href":"https:\/\/jer-tech.com\/es\/wp-json\/wp\/v2\/media\/549"}],"wp:attachment":[{"href":"https:\/\/jer-tech.com\/es\/wp-json\/wp\/v2\/media?parent=3338"}],"wp:term":[{"taxonomy":"product_brand","embeddable":true,"href":"https:\/\/jer-tech.com\/es\/wp-json\/wp\/v2\/product_brand?post=3338"},{"taxonomy":"product_cat","embeddable":true,"href":"https:\/\/jer-tech.com\/es\/wp-json\/wp\/v2\/product_cat?post=3338"},{"taxonomy":"product_tag","embeddable":true,"href":"https:\/\/jer-tech.com\/es\/wp-json\/wp\/v2\/product_tag?post=3338"}],"curies":[{"name":"wp","href":"https:\/\/api.w.org\/{rel}","templated":true}]}}