{"id":3311,"date":"2025-08-01T22:05:07","date_gmt":"2025-08-01T14:05:07","guid":{"rendered":"https:\/\/jer-tech.com\/?post_type=product&#038;p=3311"},"modified":"2025-08-01T22:05:34","modified_gmt":"2025-08-01T14:05:34","slug":"camara-solar-4g-aov","status":"publish","type":"product","link":"https:\/\/jer-tech.com\/es\/producto\/camara-solar-4g-aov\/","title":{"rendered":"AOV 4 lentes 4G C\u00e1mara Solar Ptz C\u00e1mara 8MP Bater\u00eda incorporada AI Detecci\u00f3n Humana"},"content":{"rendered":"","protected":false},"excerpt":{"rendered":"<p><strong><b>Caracter\u00edsticas\uff1a<\/b><\/strong><\/p>\n<ul>\n<li>4G AOV(Always On Video)c\u00e1mara de c\u00fapula de velocidad de la bater\u00eda solar<\/li>\n<li>C\u00e1mara domo de 3 pulgadas 4G con bater\u00eda solar y velocidad AI<\/li>\n<li>Grabaci\u00f3n de v\u00eddeo AOV (Always On Video) 7*24 d\u00edas completos<\/li>\n<li>Seguimiento autom\u00e1tico de personas, detecci\u00f3n de movimiento<\/li>\n<li>Soporta audio bidireccional, micr\u00f3fono y altavoz integrados<\/li>\n<li>Visi\u00f3n diurna y nocturna a todo color con doble luz<\/li>\n<li>Panel solar de 16 W, tiempo de espera ultralargo y grabaci\u00f3n prolongada<\/li>\n<li>Soporta ranura para tarjeta TF (m\u00e1x. 256G)<\/li>\n<li>App: HiEasy<\/li>\n<\/ul>\n<table>\n<tbody>\n<tr>\n<td width=\"226\"><strong><b>Modelo <\/b><\/strong><strong><b>NO<\/b><\/strong><strong><b>.<\/b><\/strong><\/td>\n<td width=\"609\"><strong><b>JER-AOV590<\/b><\/strong><\/td>\n<\/tr>\n<tr>\n<td colspan=\"2\" width=\"835\"><strong><b>C\u00e1mara<\/b><\/strong><\/td>\n<\/tr>\n<tr>\n<td width=\"226\">Sensor de imagen<\/td>\n<td width=\"609\">4 piezas 1\/3.2\u2033 CMOS 2MP \uff082MP+2MP+2MP+2MP\uff09<\/td>\n<\/tr>\n<tr>\n<td width=\"226\">Longitud focal del objetivo<\/td>\n<td width=\"609\">4MM*4<\/td>\n<\/tr>\n<tr>\n<td width=\"226\">Mini iluminaci\u00f3n<\/td>\n<td width=\"609\">D\u00eda 1Lux<\/p>\n<p>Noche: 0,01 Lux<\/td>\n<\/tr>\n<tr>\n<td width=\"226\">Reducci\u00f3n digital del ruido<\/td>\n<td width=\"609\">DNR 2D y 3D<\/td>\n<\/tr>\n<tr>\n<td width=\"226\">Ajustes apestosos<\/td>\n<td width=\"609\">OFF\/50HZ\/60HZ<\/td>\n<\/tr>\n<tr>\n<td width=\"226\">Red est\u00e1ndar<\/td>\n<td width=\"609\">4G LTE<\/td>\n<\/tr>\n<tr>\n<td width=\"226\">Banda de frecuencia 4G (Asia)<\/td>\n<td width=\"609\">LTE-FDD\uff1aB1\/B3\/B5\/B8 LTE-TDD\uff1aB34\/B38\/B39\/B40\/B41<\/td>\n<\/tr>\n<tr>\n<td width=\"226\">Banda de frecuencia 4G (UE)<\/td>\n<td width=\"609\">LTE-FDD\uff1aB1\/B3\/B5\/B7\/B8\/B20\/B28<\/td>\n<\/tr>\n<tr>\n<td width=\"226\">Modo de funcionamiento<\/td>\n<td width=\"609\">Modelo Electricidad, Modo Rendimiento, Modo Personalizado<\/td>\n<\/tr>\n<tr>\n<td colspan=\"2\" width=\"835\"><strong><b>Lente<\/b><\/strong><\/td>\n<\/tr>\n<tr>\n<td width=\"226\">Longitud focal del objetivo<\/td>\n<td width=\"609\">4mm\u00b15%<\/td>\n<\/tr>\n<tr>\n<td width=\"226\">Apertura<\/td>\n<td width=\"609\">F.4\/F2.0\u00b110%<\/td>\n<\/tr>\n<tr>\n<td width=\"226\">Campo de visi\u00f3n<\/td>\n<td width=\"609\">Diagonal 104,0\u00b0 Horizontal: 89,2\u00b0 Vertical: 47,8<\/td>\n<\/tr>\n<tr>\n<td colspan=\"2\" width=\"835\"><strong><b>V\u00eddeo<\/b><\/strong><\/td>\n<\/tr>\n<tr>\n<td width=\"226\">Streaming<\/td>\n<td width=\"609\">Streaming principal, substreaming<\/td>\n<\/tr>\n<tr>\n<td width=\"226\">Salida de im\u00e1genes<\/td>\n<td width=\"609\">1920*1080p(2MP)*4<\/td>\n<\/tr>\n<tr>\n<td width=\"226\">Indicador de carga de la bater\u00eda<\/td>\n<td width=\"609\">Ayuda<\/td>\n<\/tr>\n<tr>\n<td colspan=\"2\" width=\"835\"><strong><b>Audio<\/b><\/strong><\/td>\n<\/tr>\n<tr>\n<td width=\"226\">Audio bidireccional<\/td>\n<td width=\"609\">Ayuda<\/td>\n<\/tr>\n<tr>\n<td width=\"226\">Micr\u00f3fono<\/td>\n<td width=\"609\">Incorporado<\/td>\n<\/tr>\n<tr>\n<td width=\"226\">Altavoz<\/td>\n<td width=\"609\">Incorporado<\/td>\n<\/tr>\n<tr>\n<td colspan=\"2\" width=\"835\"><strong><b>Almacenamiento<\/b><\/strong><\/td>\n<\/tr>\n<tr>\n<td width=\"226\">Almacenamiento<\/td>\n<td width=\"609\">Tarjeta TF (m\u00e1x. 256 G); admite reproducci\u00f3n 4X en avance r\u00e1pido<\/td>\n<\/tr>\n<tr>\n<td colspan=\"2\" width=\"835\"><strong><b>Puerto<\/b><\/strong><\/td>\n<\/tr>\n<tr>\n<td width=\"226\">Puerto 4G<\/td>\n<td width=\"609\">Interfaz de antena 4G<\/td>\n<\/tr>\n<tr>\n<td width=\"226\">Restablecer datos de f\u00e1brica<\/td>\n<td width=\"609\">Ayuda<\/td>\n<\/tr>\n<tr>\n<td colspan=\"2\" width=\"835\"><strong><b>Funci\u00f3n inteligente<\/b><\/strong><\/td>\n<\/tr>\n<tr>\n<td width=\"226\">Alarma<\/td>\n<td width=\"609\">Seguimiento inteligente de personas, detecci\u00f3n de movimiento, alarma de cruce de l\u00edneas<\/td>\n<\/tr>\n<tr>\n<td width=\"226\">Distancia de detecci\u00f3n<\/td>\n<td width=\"609\">40 metros<\/td>\n<\/tr>\n<tr>\n<td width=\"226\">Precisi\u00f3n<\/td>\n<td width=\"609\">Algoritmo AI, tasa de precisi\u00f3n de hasta el 99,9%<\/td>\n<\/tr>\n<tr>\n<td colspan=\"2\" width=\"835\"><strong><b>Mando a distancia<\/b><\/strong><\/td>\n<\/tr>\n<tr>\n<td width=\"226\">APP<\/td>\n<td width=\"609\">APP: HiEasy<\/td>\n<\/tr>\n<tr>\n<td width=\"226\">Idioma<\/td>\n<td width=\"609\">Chino simplificado\/Chino tradicional\/Ingl\u00e9s\/Fin\u00e9s\/Coreano\/Franc\u00e9s\/Portugu\u00e9s\/Tailand\u00e9s\/Espa\u00f1ol\/Polaco\/Indonesio\/Alem\u00e1n\/Italiano\/Ruso\/Japon\u00e9s\/Vietnamita\/\u00c1rabe\/Turco<\/td>\n<\/tr>\n<tr>\n<td colspan=\"2\" width=\"835\"><strong><b>Luz<\/b><\/strong><\/td>\n<\/tr>\n<tr>\n<td width=\"226\">Modo Luz<\/td>\n<td width=\"609\">Visi\u00f3n nocturna IR\/ Visi\u00f3n nocturna inteligente\/ Visi\u00f3n nocturna a todo color<\/td>\n<\/tr>\n<tr>\n<td width=\"226\">Distancia de luz blanca<\/td>\n<td width=\"609\">Hasta 20 m<\/td>\n<\/tr>\n<tr>\n<td width=\"226\">Distancia de la luz IR<\/td>\n<td width=\"609\">Hasta 20 m<\/td>\n<\/tr>\n<tr>\n<td width=\"226\">LEDS<\/td>\n<td width=\"609\">LED IR+ LED blanco<\/td>\n<\/tr>\n<tr>\n<td colspan=\"2\" width=\"835\"><strong><b>Control PTZ<\/b><\/strong><\/td>\n<\/tr>\n<tr>\n<td width=\"226\">Rango de rotaci\u00f3n<\/td>\n<td width=\"609\">Pan\uff1a0- 270\u00ba Inclinaci\u00f3n\uff1a0- 90 \u00ba<\/td>\n<\/tr>\n<tr>\n<td width=\"226\">Velocidad de rotaci\u00f3n<\/td>\n<td width=\"609\">Pan\uff1a0~30\u00b0\/s Inclinaci\u00f3n\uff1a0~3\u00b0\/s<\/td>\n<\/tr>\n<tr>\n<td colspan=\"2\" width=\"835\"><strong><b>General<\/b><\/strong><\/td>\n<\/tr>\n<tr>\n<td width=\"226\">Fuente de alimentaci\u00f3n<\/td>\n<td width=\"609\">Alimentaci\u00f3n por bater\u00eda de 3,7 V, carga solar; admite alimentaci\u00f3n por cargador<\/td>\n<\/tr>\n<tr>\n<td width=\"226\">Panel solar<\/td>\n<td width=\"609\">8 W; Tensi\u00f3n de salida 5 V<\/td>\n<\/tr>\n<tr>\n<td width=\"226\">Conector de alimentaci\u00f3n<\/td>\n<td width=\"609\">TIPO-C<\/td>\n<\/tr>\n<tr>\n<td width=\"226\">Capacidad de la bater\u00eda<\/td>\n<td width=\"609\">16000mAh<\/td>\n<\/tr>\n<tr>\n<td width=\"226\">Energ\u00eda nominal<\/td>\n<td width=\"609\">39,96 Wh<\/td>\n<\/tr>\n<tr>\n<td width=\"226\">Condiciones de funcionamiento<\/td>\n<td width=\"609\">-20\u2103 ~ 50\u2103; humedad inferior a 95%<\/td>\n<\/tr>\n<tr>\n<td width=\"226\">Restablecer datos de f\u00e1brica<\/td>\n<td width=\"609\">Ayuda<\/td>\n<\/tr>\n<tr>\n<td width=\"226\">Material<\/td>\n<td width=\"609\">ABS blanco<\/td>\n<\/tr>\n<tr>\n<td width=\"226\">Resistencia a la intemperie<\/td>\n<td width=\"609\">IP66<\/td>\n<\/tr>\n<tr>\n<td width=\"226\">Dimensiones\/peso<\/td>\n<td width=\"609\">Product\uff1a255*177*109mm<\/p>\n<p>Paquete\uff1a<\/p>\n<p>275*310*200mm\/unidad 2.45KG\/unidad<\/p>\n<p>623*530*610mm\/Cart\u00f3n 12pcs\/Cart\u00f3n 32KG\/cart\u00f3n<\/td>\n<\/tr>\n<\/tbody>\n<\/table>","protected":false},"featured_media":3314,"comment_status":"open","ping_status":"closed","template":"","meta":{"_seopress_robots_primary_cat":"none","_seopress_titles_title":"AOV 4-lens 4G Solar Camera Ptz Camera 8MP Built-in Battery AI Human Detection","_seopress_titles_desc":"AOV 4lens 4g Solar Camera Ptz Camera 8MP Built-in Battery PIR AI Human Detection Color Night Vision Outdoor Waterproof Security","_seopress_robots_index":""},"product_brand":[],"product_cat":[358,135],"product_tag":[],"class_list":{"0":"post-3311","1":"product","2":"type-product","3":"status-publish","4":"has-post-thumbnail","6":"product_cat-4g-solar-camera","7":"product_cat-solar-battery-camera","9":"first","10":"instock","11":"shipping-taxable","12":"product-type-simple"},"_links":{"self":[{"href":"https:\/\/jer-tech.com\/es\/wp-json\/wp\/v2\/product\/3311","targetHints":{"allow":["GET"]}}],"collection":[{"href":"https:\/\/jer-tech.com\/es\/wp-json\/wp\/v2\/product"}],"about":[{"href":"https:\/\/jer-tech.com\/es\/wp-json\/wp\/v2\/types\/product"}],"replies":[{"embeddable":true,"href":"https:\/\/jer-tech.com\/es\/wp-json\/wp\/v2\/comments?post=3311"}],"wp:featuredmedia":[{"embeddable":true,"href":"https:\/\/jer-tech.com\/es\/wp-json\/wp\/v2\/media\/3314"}],"wp:attachment":[{"href":"https:\/\/jer-tech.com\/es\/wp-json\/wp\/v2\/media?parent=3311"}],"wp:term":[{"taxonomy":"product_brand","embeddable":true,"href":"https:\/\/jer-tech.com\/es\/wp-json\/wp\/v2\/product_brand?post=3311"},{"taxonomy":"product_cat","embeddable":true,"href":"https:\/\/jer-tech.com\/es\/wp-json\/wp\/v2\/product_cat?post=3311"},{"taxonomy":"product_tag","embeddable":true,"href":"https:\/\/jer-tech.com\/es\/wp-json\/wp\/v2\/product_tag?post=3311"}],"curies":[{"name":"wp","href":"https:\/\/api.w.org\/{rel}","templated":true}]}}