{"id":2197,"date":"2025-02-23T17:17:38","date_gmt":"2025-02-23T09:17:38","guid":{"rendered":"https:\/\/jer-tech.com\/?post_type=product&#038;p=2197"},"modified":"2025-02-23T17:18:06","modified_gmt":"2025-02-23T09:18:06","slug":"camara-wifi-de-doble-objetivo","status":"publish","type":"product","link":"https:\/\/jer-tech.com\/es\/producto\/camara-wifi-de-doble-objetivo\/","title":{"rendered":"Reconocimiento humanoide AI C\u00e1mara WiFi de doble lente"},"content":{"rendered":"","protected":false},"excerpt":{"rendered":"<p><strong>Reconocimiento humanoide AI C\u00e1mara WiFi de doble lente<\/strong><\/p>\n<ul>\n<li>Pistola superior 3.6MM, bola 3.6MM, un enlace est\u00e1tico y din\u00e1mico, sin\u00e9rgico, un soporte superior 2 (bola + pistola) para Bluetooth r\u00e1pido con la red<\/li>\n<li>El soporte superior se puede girar manualmente para ajustar la direcci\u00f3n de monitoreo proceso de dise\u00f1o de material de mijo, Antena de dise\u00f1o de molde independiente, una nueva generaci\u00f3n de canales de hasta 5DB;<\/li>\n<li>Dise\u00f1o de \u00e1ngulo de luz h\u00edbrido bi\u00f3nico 6 + 6 + ca\u00f1\u00f3n superior 4 + 4, luz de relleno m\u00e1s potente<\/li>\n<li>Sensor de iluminaci\u00f3n ultrabaja, efecto de visi\u00f3n nocturna ante tus ojos<\/li>\n<li>Monitorizaci\u00f3n sincronizada de doble pantalla y doble canal (admite vista previa de doble pantalla)<\/li>\n<li>Detecci\u00f3n de humanoides admite detecci\u00f3n multipersona, distancia 15 m + humanoide seguimiento autom\u00e1tico humanoide con grabaci\u00f3n de fotogramas<\/li>\n<li>Disipador de calor de nano grafeno incorporado para eliminar la ducha caliente de visi\u00f3n nocturna<\/li>\n<li>Admite tarjetas TF de 8-128 G<\/li>\n<\/ul>\n<table width=\"1016\">\n<tbody>\n<tr>\n<td width=\"141\">Control maestro<\/td>\n<td colspan=\"2\" width=\"875\">DSP de 32 bits y doble n\u00facleo (XM650V200)<\/td>\n<\/tr>\n<tr>\n<td width=\"141\">Sensor<\/td>\n<td colspan=\"2\">Sensores CMOS de alto rendimiento 2*3MP 1\/2,9\u2033Color 2*MIS2336<\/td>\n<\/tr>\n<tr>\n<td width=\"141\">Iluminaci\u00f3n m\u00ednima<\/td>\n<td colspan=\"2\" width=\"875\">Color:0.01Lux @(F1.2,AGC ON); 0 Lux con IR\uff1b<br \/>\nBlanco y negro:0,001 Lux @ (F1.2, AGC ON),0 Lux con IR<\/td>\n<\/tr>\n<tr>\n<td width=\"141\">Persiana<\/td>\n<td colspan=\"2\">1\/50 (1\/60) seg. a 1\/10.000 seg.<\/td>\n<\/tr>\n<tr>\n<td width=\"141\">Lente<\/td>\n<td colspan=\"2\">Pistola 3.6MM \/ Bola: 3.6MM<\/td>\n<\/tr>\n<tr>\n<td width=\"141\">Reducci\u00f3n del ruido<\/td>\n<td colspan=\"2\">Soporta reducci\u00f3n de ruido 2D\/3D<\/td>\n<\/tr>\n<tr>\n<td width=\"141\">Formato de v\u00eddeo<\/td>\n<td colspan=\"2\">H.265AI<\/td>\n<\/tr>\n<tr>\n<td width=\"141\">Poder de resoluci\u00f3n<\/td>\n<td colspan=\"2\">Resoluci\u00f3n principal: 2304*2592; Subresoluci\u00f3n: 640*720<\/td>\n<\/tr>\n<tr>\n<td width=\"141\">Frecuencia de imagen<\/td>\n<td colspan=\"2\" width=\"875\">12 fps<\/td>\n<\/tr>\n<tr>\n<td width=\"141\">An\u00e1lisis inteligente<\/td>\n<td colspan=\"2\" width=\"875\">Detecci\u00f3n de la forma humana<\/td>\n<\/tr>\n<tr>\n<td width=\"141\">Funci\u00f3n de seguimiento<\/td>\n<td colspan=\"2\" width=\"875\">Seguimiento de la forma humana<\/td>\n<\/tr>\n<tr>\n<td width=\"141\">fuente de luz<\/td>\n<td colspan=\"2\" width=\"875\">10pcs luces infrarrojas + 10pcs luces blancas<\/td>\n<\/tr>\n<tr>\n<td width=\"141\">Modo Luz<\/td>\n<td colspan=\"2\" width=\"875\">Starlight a todo color\/visi\u00f3n nocturna por infrarrojos\/aviso de doble luz<\/td>\n<\/tr>\n<tr>\n<td width=\"141\">Voz bidireccional<\/td>\n<td colspan=\"2\">Ayuda<\/td>\n<\/tr>\n<tr>\n<td width=\"141\">Almacenamiento en la nube<\/td>\n<td colspan=\"2\">Ayuda<\/td>\n<\/tr>\n<tr>\n<td width=\"141\">Acuerdo de apoyo<\/td>\n<td colspan=\"2\" width=\"875\">Soporta protocolo NETIP, soporta protocolo ONVIF, soporta red de distribuci\u00f3n Bluetooth<\/td>\n<\/tr>\n<tr>\n<td width=\"141\">Interfaz de red<\/td>\n<td colspan=\"2\">Puerto Ethernet adaptable 10M\/100M<\/td>\n<\/tr>\n<tr>\n<td width=\"141\">Interfaz de almacenamiento<\/td>\n<td colspan=\"2\">Tarjeta TF local (admite hasta 128 G)<\/td>\n<\/tr>\n<tr>\n<td width=\"141\">Tecla Reset Interfaz<\/td>\n<td colspan=\"2\">Recuperaci\u00f3n con un solo clic<\/td>\n<\/tr>\n<tr>\n<td width=\"141\">Est\u00e1ndar inal\u00e1mbrico<\/td>\n<td colspan=\"2\">IEEE802.11b, 802.11g, 802.11n<\/td>\n<\/tr>\n<tr>\n<td width=\"141\">Gama de frecuencias<\/td>\n<td colspan=\"2\">2,4 GHz ~ 2,4835 GHz<\/td>\n<\/tr>\n<tr>\n<td width=\"141\">Residuos de energ\u00eda<\/td>\n<td colspan=\"2\">24W<\/td>\n<\/tr>\n<tr>\n<td width=\"141\">Tama\u00f1o del producto<\/td>\n<td colspan=\"2\">98*127*175mm<\/td>\n<\/tr>\n<tr>\n<td width=\"141\">Color Tama\u00f1o de la caja<\/td>\n<td colspan=\"2\">163*150*110mm<\/td>\n<\/tr>\n<tr>\n<td width=\"141\">Temperatura<\/td>\n<td colspan=\"2\">Cero 10 \u00b0 C -60 \u00b0 C, humedad inferior a 90% [sin condensaci\u00f3n]<\/td>\n<\/tr>\n<tr>\n<td width=\"141\">Fuente de alimentaci\u00f3n<\/td>\n<td colspan=\"2\">CC 12V \u00b1 10%<\/td>\n<\/tr>\n<tr>\n<td width=\"141\">Peso<\/td>\n<td colspan=\"2\">0,453kg\uff08Peso bruto\uff09<\/td>\n<\/tr>\n<\/tbody>\n<\/table>","protected":false},"featured_media":2200,"comment_status":"open","ping_status":"closed","template":"","meta":{"_seopress_robots_primary_cat":"none","_seopress_titles_title":"Humanoid Recognition AI Dual-Lens WiFi Camera","_seopress_titles_desc":"Upgrade your security with the Humanoid Recognition AI Dual-Lens WiFi Camera. Featuring advanced AI for humanoid detection, dual-lens clarity, and Wi-Fi connectivity for seamless remote monitoring, ideal for both indoor and outdoor use.","_seopress_robots_index":""},"product_brand":[],"product_cat":[107],"product_tag":[],"class_list":{"0":"post-2197","1":"product","2":"type-product","3":"status-publish","4":"has-post-thumbnail","6":"product_cat-wireless-camera","8":"first","9":"instock","10":"shipping-taxable","11":"product-type-simple"},"_links":{"self":[{"href":"https:\/\/jer-tech.com\/es\/wp-json\/wp\/v2\/product\/2197","targetHints":{"allow":["GET"]}}],"collection":[{"href":"https:\/\/jer-tech.com\/es\/wp-json\/wp\/v2\/product"}],"about":[{"href":"https:\/\/jer-tech.com\/es\/wp-json\/wp\/v2\/types\/product"}],"replies":[{"embeddable":true,"href":"https:\/\/jer-tech.com\/es\/wp-json\/wp\/v2\/comments?post=2197"}],"wp:featuredmedia":[{"embeddable":true,"href":"https:\/\/jer-tech.com\/es\/wp-json\/wp\/v2\/media\/2200"}],"wp:attachment":[{"href":"https:\/\/jer-tech.com\/es\/wp-json\/wp\/v2\/media?parent=2197"}],"wp:term":[{"taxonomy":"product_brand","embeddable":true,"href":"https:\/\/jer-tech.com\/es\/wp-json\/wp\/v2\/product_brand?post=2197"},{"taxonomy":"product_cat","embeddable":true,"href":"https:\/\/jer-tech.com\/es\/wp-json\/wp\/v2\/product_cat?post=2197"},{"taxonomy":"product_tag","embeddable":true,"href":"https:\/\/jer-tech.com\/es\/wp-json\/wp\/v2\/product_tag?post=2197"}],"curies":[{"name":"wp","href":"https:\/\/api.w.org\/{rel}","templated":true}]}}