{"id":2190,"date":"2025-02-23T15:16:12","date_gmt":"2025-02-23T07:16:12","guid":{"rendered":"https:\/\/jer-tech.com\/?post_type=product&#038;p=2190"},"modified":"2025-02-23T15:16:13","modified_gmt":"2025-02-23T07:16:13","slug":"camara-de-seguridad-inalambrica-de-doble-lente-de-9-mp","status":"publish","type":"product","link":"https:\/\/jer-tech.com\/es\/producto\/camara-de-seguridad-inalambrica-de-doble-lente-de-9-mp\/","title":{"rendered":"C\u00e1mara de seguridad inal\u00e1mbrica de doble lente de 9 MP"},"content":{"rendered":"","protected":false},"excerpt":{"rendered":"<p><strong>C\u00e1mara de seguridad inal\u00e1mbrica de doble lente de 9 MP<\/strong><\/p>\n<p>Ca\u00f1\u00f3n superior 3,6MM, la bola 2,8MM-12MM, el zoom m\u00e1ximo a 250 metros,<br \/>\nUn enlace est\u00e1tico y cooperativo, un top 3 (bal\u00f3n + pistola)<br \/>\nEl soporte superior se puede girar manualmente para ajustar la direcci\u00f3n de control, el proceso de dise\u00f1o de material de mijo<br \/>\nDise\u00f1o de molde independiente de la antena, una nueva generaci\u00f3n de canales de hasta 5DB; soporte para Bluetooth r\u00e1pido con la red<br \/>\nDise\u00f1o de \u00e1ngulo de luz h\u00edbrido bi\u00f3nico 6 + 6 + ca\u00f1\u00f3n superior 4 + 4, luz de relleno m\u00e1s potente<br \/>\nSensor de iluminaci\u00f3n ultrabaja dentro del disipador de calor de nano grafeno en pasta para eliminar la visi\u00f3n nocturna y el ba\u00f1o caliente ante tus ojos<br \/>\nVisualizaci\u00f3n de supervisi\u00f3n sincronizada de doble pantalla (admite vista previa de doble pantalla)<br \/>\nLa detecci\u00f3n de humanoides admite la detecci\u00f3n de varias personas, distancia de 15 m + zoom de seguimiento autom\u00e1tico de humanoides Registro de fotogramas de seguimiento de humanoides<br \/>\nAdmite tarjetas TF de 8-128 G<\/p>\n<table style=\"border-collapse: collapse; width: 701.43pt;\" border=\"0\" width=\"1169\" cellspacing=\"0\" cellpadding=\"0\">\n<tbody>\n<tr style=\"height: 20.00pt;\">\n<td class=\"et4\" style=\"height: 20.00pt; width: 124.30pt;\" width=\"207\" height=\"33\">control principal<\/td>\n<td class=\"et5\" style=\"width: 577.50pt;\" colspan=\"2\" width=\"962\">DSP de 32 bits y doble n\u00facleo (XM650V200)<\/td>\n<\/tr>\n<tr style=\"height: 20.00pt;\">\n<td class=\"et4\" style=\"height: 20.00pt; width: 124.30pt;\" width=\"207\" height=\"33\">sensor<\/td>\n<td class=\"et5\" colspan=\"2\">3*3MP 1\/2,7\u2033Color 3*Sensores CMOS de alto rendimiento MIS2009<\/td>\n<\/tr>\n<tr style=\"height: 28.00pt;\">\n<td class=\"et4\" style=\"height: 28.00pt; width: 124.30pt;\" width=\"207\" height=\"46\">Iluminaci\u00f3n m\u00ednima<\/td>\n<td class=\"et7\" style=\"width: 577.50pt;\" colspan=\"2\" width=\"962\">Color:0.01Lux @(F1.2,AGC ON); 0 Lux con IR\uff1b<br \/>\nBlanco y negro:0,001 Lux @ (F1.2, AGC ON),0 Lux con IR<\/td>\n<\/tr>\n<tr style=\"height: 20.00pt;\">\n<td class=\"et4\" style=\"height: 20.00pt; width: 124.30pt;\" width=\"207\" height=\"33\">obturador<\/td>\n<td class=\"et9\" colspan=\"2\">1\/50(1\/60) segundos - 1\/10000 segundos<\/td>\n<\/tr>\n<tr style=\"height: 20.00pt;\">\n<td class=\"et4\" style=\"height: 20.00pt; width: 124.30pt;\" width=\"207\" height=\"33\">distancia local<\/td>\n<td class=\"et9\" colspan=\"2\">Ca\u00f1\u00f3n: F2.0*3.6MM \/ Bola: 2.8MM-12MM<\/td>\n<\/tr>\n<tr style=\"height: 20.00pt;\">\n<td class=\"et4\" style=\"height: 20.00pt; width: 124.30pt;\" width=\"207\" height=\"33\">reducci\u00f3n del ruido<\/td>\n<td class=\"et9\" colspan=\"2\">Soporta reducci\u00f3n de ruido 2D\/3D<\/td>\n<\/tr>\n<tr style=\"height: 20.00pt;\">\n<td class=\"et4\" style=\"height: 20.00pt; width: 124.30pt;\" width=\"207\" height=\"33\">Formato de v\u00eddeo<\/td>\n<td class=\"et9\" colspan=\"2\">H.265AI<\/td>\n<\/tr>\n<tr style=\"height: 20.00pt;\">\n<td class=\"et4\" style=\"height: 20.00pt; width: 124.30pt;\" width=\"207\" height=\"33\">poder de resoluci\u00f3n<\/td>\n<td class=\"et9\" colspan=\"2\">Resoluci\u00f3n principal: 2304*2592; Subresoluci\u00f3n: 640*720<\/td>\n<\/tr>\n<tr style=\"height: 20.00pt;\">\n<td class=\"et4\" style=\"height: 20.00pt; width: 124.30pt;\" width=\"207\" height=\"33\">Frecuencia de imagen<\/td>\n<td class=\"et7\" style=\"width: 577.50pt;\" colspan=\"2\" width=\"962\">12 fps<\/td>\n<\/tr>\n<tr style=\"height: 20.00pt;\">\n<td class=\"et4\" style=\"height: 20.00pt; width: 124.30pt;\" width=\"207\" height=\"33\">An\u00e1lisis inteligente<\/td>\n<td class=\"et7\" style=\"width: 577.50pt;\" colspan=\"2\" width=\"962\">Detecci\u00f3n de la forma humana<\/td>\n<\/tr>\n<tr style=\"height: 20.00pt;\">\n<td class=\"et4\" style=\"height: 20.00pt; width: 124.30pt;\" width=\"207\" height=\"33\">Funci\u00f3n de seguimiento<\/td>\n<td class=\"et7\" style=\"width: 577.50pt;\" colspan=\"2\" width=\"962\">Seguimiento de la forma humana<\/td>\n<\/tr>\n<tr style=\"height: 20.00pt;\">\n<td class=\"et4\" style=\"height: 20.00pt; width: 124.30pt;\" width=\"207\" height=\"33\">fuente luminosa<\/td>\n<td class=\"et13\" style=\"width: 577.50pt; border-right: 1.0pt solid #000000;\" colspan=\"2\" width=\"962\">10pcs luces infrarrojas + 10pcs luces blancas<\/td>\n<\/tr>\n<tr style=\"height: 20.00pt;\">\n<td class=\"et4\" style=\"height: 20.00pt; width: 124.30pt;\" width=\"207\" height=\"33\">Modo luz<\/td>\n<td class=\"et7\" style=\"width: 577.50pt;\" colspan=\"2\" width=\"962\">Starlight a todo color\/visi\u00f3n nocturna por infrarrojos\/aviso de doble luz<\/td>\n<\/tr>\n<tr style=\"height: 20.00pt;\">\n<td class=\"et4\" style=\"height: 20.00pt; width: 124.30pt;\" width=\"207\" height=\"33\">Voz bidireccional<\/td>\n<td class=\"et9\" colspan=\"2\">Ayuda<\/td>\n<\/tr>\n<tr style=\"height: 20.00pt;\">\n<td class=\"et4\" style=\"height: 20.00pt; width: 124.30pt;\" width=\"207\" height=\"33\">Almacenamiento en la nube<\/td>\n<td class=\"et9\" colspan=\"2\">Ayuda<\/td>\n<\/tr>\n<tr style=\"height: 20.00pt;\">\n<td class=\"et4\" style=\"height: 20.00pt; width: 124.30pt;\" width=\"207\" height=\"33\">Acuerdo de apoyo<\/td>\n<td class=\"et7\" style=\"width: 577.50pt;\" colspan=\"2\" width=\"962\">Soporta los protocolos NETIP y ONVIF y la red de distribuci\u00f3n Bluetooth<\/td>\n<\/tr>\n<tr style=\"height: 20.00pt;\">\n<td class=\"et4\" style=\"height: 20.00pt; width: 124.30pt;\" width=\"207\" height=\"33\">interfaz de red<\/td>\n<td class=\"et9\" colspan=\"2\">Puerto Ethernet adaptable 10M\/100M<\/td>\n<\/tr>\n<tr style=\"height: 20.00pt;\">\n<td class=\"et4\" style=\"height: 20.00pt; width: 124.30pt;\" width=\"207\" height=\"33\">Interfaz de almacenamiento<\/td>\n<td class=\"et9\" colspan=\"2\">Tarjeta TF local (hasta 128 G)<\/td>\n<\/tr>\n<tr style=\"height: 20.00pt;\">\n<td class=\"et4\" style=\"height: 20.00pt; width: 124.30pt;\" width=\"207\" height=\"33\">Interfaz de la tecla Reset<\/td>\n<td class=\"et15\" style=\"border-right: 1.0pt solid #000000;\" colspan=\"2\">Recuperaci\u00f3n con un solo clic<\/td>\n<\/tr>\n<tr style=\"height: 20.00pt;\">\n<td class=\"et4\" style=\"height: 20.00pt; width: 124.30pt;\" width=\"207\" height=\"33\">Norma inal\u00e1mbrica<\/td>\n<td class=\"et9\" colspan=\"2\">IEEE802.11b, 802.11g, 802.11n<\/td>\n<\/tr>\n<tr style=\"height: 20.00pt;\">\n<td class=\"et4\" style=\"height: 20.00pt; width: 124.30pt;\" width=\"207\" height=\"33\">gama de frecuencias<\/td>\n<td class=\"et9\" colspan=\"2\">2,4 GHz ~ 2,4835 GHz<\/td>\n<\/tr>\n<tr style=\"height: 20.00pt;\">\n<td class=\"et4\" style=\"height: 20.00pt; width: 124.30pt;\" width=\"207\" height=\"33\">derroche de energ\u00eda<\/td>\n<td class=\"et9\" colspan=\"2\">24W<\/td>\n<\/tr>\n<tr style=\"height: 20.00pt;\">\n<td class=\"et4\" style=\"height: 20.00pt; width: 124.30pt;\" width=\"207\" height=\"33\">Tama\u00f1o del producto<\/td>\n<td class=\"et9\" colspan=\"2\">98*127*175mm<\/td>\n<\/tr>\n<tr style=\"height: 20.00pt;\">\n<td class=\"et4\" style=\"height: 20.00pt; width: 124.30pt;\" width=\"207\" height=\"33\">Tama\u00f1o de la caja de color<\/td>\n<td class=\"et9\" colspan=\"2\">178*164*105mm<\/td>\n<\/tr>\n<tr style=\"height: 20.00pt;\">\n<td class=\"et4\" style=\"height: 20.00pt; width: 124.30pt;\" width=\"207\" height=\"33\">temperatura<\/td>\n<td class=\"et9\" colspan=\"2\">-10\u2103~60\u2103, humedad inferior a 90% [sin condensaci\u00f3n].<\/td>\n<\/tr>\n<tr style=\"height: 20.00pt;\">\n<td class=\"et4\" style=\"height: 20.00pt; width: 124.30pt;\" width=\"207\" height=\"33\">Fuente de alimentaci\u00f3n<\/td>\n<td class=\"et9\" colspan=\"2\">CC 12V \u00b1 10%<\/td>\n<\/tr>\n<tr style=\"height: 20.00pt;\">\n<td class=\"et17\" style=\"height: 20.00pt; width: 124.30pt;\" width=\"207\" height=\"33\">peso<\/td>\n<td class=\"et18\" colspan=\"2\">0,538 kg (peso bruto)<\/td>\n<\/tr>\n<\/tbody>\n<\/table>","protected":false},"featured_media":2193,"comment_status":"open","ping_status":"closed","template":"","meta":{"_seopress_robots_primary_cat":"","_seopress_titles_title":"9MP Dual-lens wireless security camera","_seopress_titles_desc":"Enhance your security with the 9MP Dual-lens wireless security camera, offering high-definition clarity and a wide-angle view for round-the-clock protection of your home or office.","_seopress_robots_index":""},"product_brand":[],"product_cat":[107],"product_tag":[],"class_list":{"0":"post-2190","1":"product","2":"type-product","3":"status-publish","4":"has-post-thumbnail","6":"product_cat-wireless-camera","8":"first","9":"instock","10":"shipping-taxable","11":"product-type-simple"},"_links":{"self":[{"href":"https:\/\/jer-tech.com\/es\/wp-json\/wp\/v2\/product\/2190","targetHints":{"allow":["GET"]}}],"collection":[{"href":"https:\/\/jer-tech.com\/es\/wp-json\/wp\/v2\/product"}],"about":[{"href":"https:\/\/jer-tech.com\/es\/wp-json\/wp\/v2\/types\/product"}],"replies":[{"embeddable":true,"href":"https:\/\/jer-tech.com\/es\/wp-json\/wp\/v2\/comments?post=2190"}],"wp:featuredmedia":[{"embeddable":true,"href":"https:\/\/jer-tech.com\/es\/wp-json\/wp\/v2\/media\/2193"}],"wp:attachment":[{"href":"https:\/\/jer-tech.com\/es\/wp-json\/wp\/v2\/media?parent=2190"}],"wp:term":[{"taxonomy":"product_brand","embeddable":true,"href":"https:\/\/jer-tech.com\/es\/wp-json\/wp\/v2\/product_brand?post=2190"},{"taxonomy":"product_cat","embeddable":true,"href":"https:\/\/jer-tech.com\/es\/wp-json\/wp\/v2\/product_cat?post=2190"},{"taxonomy":"product_tag","embeddable":true,"href":"https:\/\/jer-tech.com\/es\/wp-json\/wp\/v2\/product_tag?post=2190"}],"curies":[{"name":"wp","href":"https:\/\/api.w.org\/{rel}","templated":true}]}}