{"id":2160,"date":"2025-02-22T12:24:33","date_gmt":"2025-02-22T04:24:33","guid":{"rendered":"https:\/\/jer-tech.com\/?post_type=product&#038;p=2160"},"modified":"2025-02-22T12:29:07","modified_gmt":"2025-02-22T04:29:07","slug":"camara-solar-4g-aov-con-grabacion-24-horas","status":"publish","type":"product","link":"https:\/\/jer-tech.com\/es\/producto\/camara-solar-4g-aov-con-grabacion-24-horas\/","title":{"rendered":"C\u00e1mara solar 4G AOV con grabaci\u00f3n 24 horas"},"content":{"rendered":"","protected":false},"excerpt":{"rendered":"<ul>\n<li>Soporte gratuito para Amazon Amazon Alex\/Echo Show;<\/li>\n<li>AOV-7* Grabaci\u00f3n de v\u00eddeo de 24 horas, consumo ultrabajo.<\/li>\n<li>C\u00e1mara solar de bajo consumo, con panel solar de 9,2W\uff0c21700 Dos bater\u00edas;<\/li>\n<li>2 F1.9 filtro de polvo starlight lente 3.6MM,4+4 luces de doble n\u00facleo, 6 luces infrarrojas, 6 luces blancas, Doble luz de visi\u00f3n nocturna a todo color;<\/li>\n<li>Soporta escucha de voz d\u00faplex bidireccional, intercomunicador, env\u00edo de mensajes de alarma;<\/li>\n<li>AI humanoid screening push, AI area intrusion detection (multiple monitoring areas) AI alarm voice DIY;<\/li>\n<li>Soporta v\u00eddeo de 1 segundo y 1 fotograma (estado AOV) + v\u00eddeo a m\u00e1xima velocidad de fotogramas (estado wake); ;<\/li>\n<li>Fuente de alimentaci\u00f3n: DC 5V 1,5A (no est\u00e1ndar), interfaz Type-C;<\/li>\n<li>Soporta almacenamiento de tarjeta TF 8-512G, temperatura de trabajo: -10\u2103-\uff0b55\u2103;<\/li>\n<\/ul>\n<table width=\"1200\">\n<tbody>\n<tr>\n<td width=\"199\">control principal<\/td>\n<td colspan=\"2\" width=\"1001\">DSP de doble n\u00facleo y 32 bits (RV1106G2)<\/td>\n<\/tr>\n<tr>\n<td width=\"199\">sensor<\/td>\n<td colspan=\"2\">2 sensores CMOS de 1\/3 pulgadas para poca luz<\/td>\n<\/tr>\n<tr>\n<td width=\"199\">Iluminaci\u00f3n m\u00ednima<\/td>\n<td colspan=\"2\" width=\"1001\">Color:0,01 Lux @(F1.2,AGC ON); 0 Lux con IR\uff1b Blanco y negro:0,001 Lux @ (F1.2,AGC ON),0 Lux con IR<\/td>\n<\/tr>\n<tr>\n<td width=\"199\">obturador<\/td>\n<td colspan=\"2\">1\/50 (1\/60) segundos a 1\/10000 segundos<\/td>\n<\/tr>\n<tr>\n<td width=\"199\">distancia focal<\/td>\n<td colspan=\"2\">Bola: F1.9 * 3.6MM\/Pistola: F1.9 * 3.6MM<\/td>\n<\/tr>\n<tr>\n<td width=\"199\">reducci\u00f3n del ruido<\/td>\n<td colspan=\"2\">Soporta reducci\u00f3n de ruido 2D\/3D<\/td>\n<\/tr>\n<tr>\n<td width=\"199\">Formato de v\u00eddeo<\/td>\n<td colspan=\"2\">H.265AI<\/td>\n<\/tr>\n<tr>\n<td width=\"199\">poder de resoluci\u00f3n<\/td>\n<td colspan=\"2\">Flujo de c\u00f3digo principal: 1920*2160; Flujo secundario: 800*896<\/td>\n<\/tr>\n<tr>\n<td width=\"199\">Frecuencia de imagen<\/td>\n<td colspan=\"2\">12 fotogramas (estado de activaci\u00f3n)<\/td>\n<\/tr>\n<tr>\n<td width=\"199\">AI<\/td>\n<td colspan=\"2\">Detecci\u00f3n de humanoides por IA<\/td>\n<\/tr>\n<tr>\n<td width=\"199\">modo de funcionamiento<\/td>\n<td colspan=\"2\" width=\"1001\">Soporta v\u00eddeo de 1 segundo y 1 fotograma (estado AOV) + v\u00eddeo a m\u00e1xima velocidad de fotogramas (estado de vigilia); env\u00edo de mensajes de alarma<\/td>\n<\/tr>\n<tr>\n<td width=\"199\">fuente luminosa<\/td>\n<td colspan=\"2\" width=\"1001\">M\u00e1quina domo: 6 luces infrarrojas + 6 luces blancas<br \/>\nPerno: 4 luces blancas infrarrojas<\/td>\n<\/tr>\n<tr>\n<td width=\"199\">Modo luz<\/td>\n<td colspan=\"2\">Visi\u00f3n nocturna por infrarrojos\/luz dual inteligente<\/td>\n<\/tr>\n<tr>\n<td width=\"199\">Voz bidireccional<\/td>\n<td colspan=\"2\">Ayuda<\/td>\n<\/tr>\n<tr>\n<td width=\"199\">Almacenamiento en la nube<\/td>\n<td colspan=\"2\">Ayuda<\/td>\n<\/tr>\n<tr>\n<td width=\"199\">Acuerdo de apoyo<\/td>\n<td colspan=\"2\" width=\"1001\">Admite el protocolo NETIP<\/td>\n<\/tr>\n<tr>\n<td width=\"199\">interfaz de red<\/td>\n<td colspan=\"2\">4G<\/td>\n<\/tr>\n<tr>\n<td width=\"199\">Interfaz de almacenamiento<\/td>\n<td colspan=\"2\">Tarjeta TF local (admite hasta 256 G)<\/td>\n<\/tr>\n<tr>\n<td width=\"199\">Interfaz de la tecla Reset<\/td>\n<td colspan=\"2\">Recuperaci\u00f3n con un solo clic<\/td>\n<\/tr>\n<tr>\n<td width=\"199\">gama de frecuencias<\/td>\n<td colspan=\"2\" width=\"1001\">LTE-TDD:B34\/B38\/B39\/B40\/B41 LTE-FDD:B1\/B3\/B5\/B8 (versi\u00f3n 4G Asia Pac\u00edfico)<\/td>\n<\/tr>\n<tr>\n<td width=\"199\">Panel de carga solar<\/td>\n<td colspan=\"2\">Paneles solares de 9,2 W<\/td>\n<\/tr>\n<tr>\n<td width=\"199\">Capacidad de la bater\u00eda<\/td>\n<td colspan=\"2\">10400mA\uff0821700 Dos pilas\uff09<\/td>\n<\/tr>\n<tr>\n<td width=\"199\">Tama\u00f1o del producto<\/td>\n<td colspan=\"2\">3,8 pulgadas<\/td>\n<\/tr>\n<tr>\n<td width=\"199\">Tama\u00f1o de la caja de color<\/td>\n<td colspan=\"2\">250*180*165mm<\/td>\n<\/tr>\n<tr>\n<td width=\"199\">temperatura<\/td>\n<td colspan=\"2\">Cero 10 \u00b0 C -55 \u00b0 C, humedad inferior a 90% [sin condensaci\u00f3n]<\/td>\n<\/tr>\n<tr>\n<td width=\"199\">fuente<\/td>\n<td colspan=\"2\">DC 5V\uff08Tipo-C\uff09<\/td>\n<\/tr>\n<tr>\n<td width=\"199\">peso<\/td>\n<td colspan=\"2\" width=\"1001\">1,38 kg (peso bruto)<\/td>\n<\/tr>\n<\/tbody>\n<\/table>\n<p>&nbsp;<\/p>\n<p>&nbsp;<\/p>","protected":false},"featured_media":2172,"comment_status":"open","ping_status":"closed","template":"","meta":{"_seopress_robots_primary_cat":"135","_seopress_titles_title":"24 Hours Recording 4G AOV Solar Camera - JER Company","_seopress_titles_desc":"We supply AOV Solar 4G  Camera with AI human\/vehicle detection (99% accuracy), dual-mode recording, solar panel for 15-day rainy endurance. 5V optimized circuit, IP66 weatherproof design.","_seopress_robots_index":""},"product_brand":[],"product_cat":[135,107],"product_tag":[],"class_list":{"0":"post-2160","1":"product","2":"type-product","3":"status-publish","4":"has-post-thumbnail","6":"product_cat-solar-battery-camera","7":"product_cat-wireless-camera","9":"first","10":"instock","11":"shipping-taxable","12":"product-type-simple"},"_links":{"self":[{"href":"https:\/\/jer-tech.com\/es\/wp-json\/wp\/v2\/product\/2160","targetHints":{"allow":["GET"]}}],"collection":[{"href":"https:\/\/jer-tech.com\/es\/wp-json\/wp\/v2\/product"}],"about":[{"href":"https:\/\/jer-tech.com\/es\/wp-json\/wp\/v2\/types\/product"}],"replies":[{"embeddable":true,"href":"https:\/\/jer-tech.com\/es\/wp-json\/wp\/v2\/comments?post=2160"}],"wp:featuredmedia":[{"embeddable":true,"href":"https:\/\/jer-tech.com\/es\/wp-json\/wp\/v2\/media\/2172"}],"wp:attachment":[{"href":"https:\/\/jer-tech.com\/es\/wp-json\/wp\/v2\/media?parent=2160"}],"wp:term":[{"taxonomy":"product_brand","embeddable":true,"href":"https:\/\/jer-tech.com\/es\/wp-json\/wp\/v2\/product_brand?post=2160"},{"taxonomy":"product_cat","embeddable":true,"href":"https:\/\/jer-tech.com\/es\/wp-json\/wp\/v2\/product_cat?post=2160"},{"taxonomy":"product_tag","embeddable":true,"href":"https:\/\/jer-tech.com\/es\/wp-json\/wp\/v2\/product_tag?post=2160"}],"curies":[{"name":"wp","href":"https:\/\/api.w.org\/{rel}","templated":true}]}}