{"id":1624,"date":"2023-03-07T11:31:06","date_gmt":"2023-03-07T03:31:06","guid":{"rendered":"https:\/\/jer-tech.com\/?post_type=product&#038;p=1624"},"modified":"2023-03-07T17:46:35","modified_gmt":"2023-03-07T09:46:35","slug":"camara-inalambrica-solar-4g","status":"publish","type":"product","link":"https:\/\/jer-tech.com\/es\/producto\/camara-inalambrica-solar-4g\/","title":{"rendered":"4K Doble Lente 180\u00b0 Super Gran Angular 4G C\u00e1mara Solar Inal\u00e1mbrica"},"content":{"rendered":"","protected":false},"excerpt":{"rendered":"<p><strong>4K Doble Lente 180\u00b0 Super Gran Angular 4G C\u00e1mara Solar Inal\u00e1mbrica<\/strong><\/p>\n<ul>\n<li>Calidad de superalta definici\u00f3n 4K, im\u00e1genes y v\u00eddeos n\u00edtidos<\/li>\n<li>100 detecciones al d\u00eda, 80 d\u00edas de duraci\u00f3n continua de la bater\u00eda sin luz solar<\/li>\n<li>Lente doble sin algoritmo de cosido, 180\u00b0 s\u00faper gran angular sin distorsiones<\/li>\n<li>Seguimiento Humanoide Inteligente, monitorizando cada detalle globalmente<\/li>\n<li>Doble PIR para detecci\u00f3n de personas, notificaciones de alarma a tiempo<\/li>\n<li>Captura en milisegundos, acceso remoto en cualquier momento, vinculaci\u00f3n inteligente<\/li>\n<li>40M Visi\u00f3n nocturna por infrarrojos, 20M Visi\u00f3n a todo color con luz blanca<\/li>\n<li>IP66 resistente al agua y al polvo, sin miedo al mal tiempo en exteriores<\/li>\n<\/ul>","protected":false},"featured_media":1627,"comment_status":"open","ping_status":"closed","template":"","meta":{"_seopress_robots_primary_cat":"none","_seopress_titles_title":"Dual-Lens 180\u00b0 Super Wide-Angle 4G Solar Wireless Camera | Jer Technology Co., Ltd","_seopress_titles_desc":"Protect your property with our 4G solar wireless camera. This eco-friendly and wireless outdoor security solution provides reliable surveillance in remote locations without the need for electricity or Wi-Fi. With 4G connectivity, you can monitor your property from anywhere. Choose us for reliable and eco-friendly wireless security technology.","_seopress_robots_index":""},"product_brand":[],"product_cat":[135,107],"product_tag":[],"class_list":{"0":"post-1624","1":"product","2":"type-product","3":"status-publish","4":"has-post-thumbnail","6":"product_cat-solar-battery-camera","7":"product_cat-wireless-camera","9":"first","10":"instock","11":"shipping-taxable","12":"product-type-simple"},"_links":{"self":[{"href":"https:\/\/jer-tech.com\/es\/wp-json\/wp\/v2\/product\/1624","targetHints":{"allow":["GET"]}}],"collection":[{"href":"https:\/\/jer-tech.com\/es\/wp-json\/wp\/v2\/product"}],"about":[{"href":"https:\/\/jer-tech.com\/es\/wp-json\/wp\/v2\/types\/product"}],"replies":[{"embeddable":true,"href":"https:\/\/jer-tech.com\/es\/wp-json\/wp\/v2\/comments?post=1624"}],"wp:featuredmedia":[{"embeddable":true,"href":"https:\/\/jer-tech.com\/es\/wp-json\/wp\/v2\/media\/1627"}],"wp:attachment":[{"href":"https:\/\/jer-tech.com\/es\/wp-json\/wp\/v2\/media?parent=1624"}],"wp:term":[{"taxonomy":"product_brand","embeddable":true,"href":"https:\/\/jer-tech.com\/es\/wp-json\/wp\/v2\/product_brand?post=1624"},{"taxonomy":"product_cat","embeddable":true,"href":"https:\/\/jer-tech.com\/es\/wp-json\/wp\/v2\/product_cat?post=1624"},{"taxonomy":"product_tag","embeddable":true,"href":"https:\/\/jer-tech.com\/es\/wp-json\/wp\/v2\/product_tag?post=1624"}],"curies":[{"name":"wp","href":"https:\/\/api.w.org\/{rel}","templated":true}]}}