{"id":1610,"date":"2023-03-07T10:53:58","date_gmt":"2023-03-07T02:53:58","guid":{"rendered":"https:\/\/jer-tech.com\/?post_type=product&#038;p=1610"},"modified":"2023-03-07T10:53:59","modified_gmt":"2023-03-07T02:53:59","slug":"camara-ptz-solar-4g","status":"publish","type":"product","link":"https:\/\/jer-tech.com\/es\/producto\/camara-ptz-solar-4g\/","title":{"rendered":"C\u00e1mara PTZ solar 4G con detecci\u00f3n de movimiento y doble lente 4K"},"content":{"rendered":"","protected":false},"excerpt":{"rendered":"<p><strong>C\u00e1mara PTZ solar 4G con detecci\u00f3n de movimiento y doble lente 4K<\/strong><\/p>\n<ol>\n<li>4K doble lente 4G solar alimentado por bater\u00eda reflector PTZ c\u00e1mara<\/li>\n<li>M\u00f3dulo 4G integrado, diferentes m\u00f3dulos en diferentes pa\u00edses<\/li>\n<li>Pan&amp;Tilt:Pan 355 grados&amp;Tilt 90 grados<\/li>\n<li>Panel solar de 6 vatios, bater\u00edas incorporadas de 20000mAh<\/li>\n<li>Intercomunicador de voz bidireccional<\/li>\n<li>Soporta almacenamiento en la nube y almacenamiento en tarjeta TF m\u00e1ximo de 128G<\/li>\n<li>Soporta visualizaci\u00f3n\/reproducci\u00f3n remota mediante APP Android, IOS (APP: NiView)<\/li>\n<li>PIR + detecci\u00f3n de humanoide grabaci\u00f3n de v\u00eddeo de activaci\u00f3n y env\u00edo de mensajes<\/li>\n<li>Grabaci\u00f3n de 24 horas, 24 horas + grabaci\u00f3n por activaci\u00f3n, grabaci\u00f3n por activaci\u00f3n tres modos de trabajo<\/li>\n<li>Objetivo gran angular de 2,5 mm + objetivo zoom \u00f3ptico de 5-50 mm y 10 aumentos, para ver con claridad de cerca y de lejos<\/li>\n<li>Admite detecci\u00f3n de movimiento, detecci\u00f3n de humanoides, seguimiento autom\u00e1tico de humanoides y posicionamiento 3D por v\u00eddeo.<\/li>\n<li>Grado de estanqueidad IP66<\/li>\n<\/ol>","protected":false},"featured_media":1614,"comment_status":"open","ping_status":"closed","template":"","meta":{"_seopress_robots_primary_cat":"","_seopress_titles_title":"4G Solar PTZ Camera | Wireless Outdoor Security Camera | JER Technology Co., Ltd","_seopress_titles_desc":"As a wholesaler or distributor, offer your clients the best in outdoor security technology with our 4G solar PTZ camera. Our camera features powerful pan-tilt-zoom capabilities and 4G connectivity, making it an ideal solution for remote locations. Choose JER to provide your customers with reliable, wireless security technology.","_seopress_robots_index":""},"product_brand":[],"product_cat":[135,107],"product_tag":[],"class_list":{"0":"post-1610","1":"product","2":"type-product","3":"status-publish","4":"has-post-thumbnail","6":"product_cat-solar-battery-camera","7":"product_cat-wireless-camera","9":"first","10":"instock","11":"shipping-taxable","12":"product-type-simple"},"_links":{"self":[{"href":"https:\/\/jer-tech.com\/es\/wp-json\/wp\/v2\/product\/1610","targetHints":{"allow":["GET"]}}],"collection":[{"href":"https:\/\/jer-tech.com\/es\/wp-json\/wp\/v2\/product"}],"about":[{"href":"https:\/\/jer-tech.com\/es\/wp-json\/wp\/v2\/types\/product"}],"replies":[{"embeddable":true,"href":"https:\/\/jer-tech.com\/es\/wp-json\/wp\/v2\/comments?post=1610"}],"wp:featuredmedia":[{"embeddable":true,"href":"https:\/\/jer-tech.com\/es\/wp-json\/wp\/v2\/media\/1614"}],"wp:attachment":[{"href":"https:\/\/jer-tech.com\/es\/wp-json\/wp\/v2\/media?parent=1610"}],"wp:term":[{"taxonomy":"product_brand","embeddable":true,"href":"https:\/\/jer-tech.com\/es\/wp-json\/wp\/v2\/product_brand?post=1610"},{"taxonomy":"product_cat","embeddable":true,"href":"https:\/\/jer-tech.com\/es\/wp-json\/wp\/v2\/product_cat?post=1610"},{"taxonomy":"product_tag","embeddable":true,"href":"https:\/\/jer-tech.com\/es\/wp-json\/wp\/v2\/product_tag?post=1610"}],"curies":[{"name":"wp","href":"https:\/\/api.w.org\/{rel}","templated":true}]}}