{"id":1476,"date":"2022-07-18T18:03:46","date_gmt":"2022-07-18T10:03:46","guid":{"rendered":"https:\/\/jer-tech.com\/?post_type=product&#038;p=1476"},"modified":"2022-07-18T18:03:47","modified_gmt":"2022-07-18T10:03:47","slug":"camara-solar-4g","status":"publish","type":"product","link":"https:\/\/jer-tech.com\/es\/producto\/camara-solar-4g\/","title":{"rendered":"C\u00e1mara solar 4G C\u00e1mara inal\u00e1mbrica Pan-Tilt"},"content":{"rendered":"","protected":false},"excerpt":{"rendered":"<ul>\n<li>Calidad de imagen HD: calidad de imagen HD de 3,0 MP, im\u00e1genes claras y delicadas.<\/li>\n<li>Funcionamiento de bajo consumo: El dispositivo tiene una funci\u00f3n de suspensi\u00f3n, funcionamiento de ultra bajo consumo, largo tiempo de espera, ahorro de energ\u00eda inteligente, y puede ser despertado a distancia por el tel\u00e9fono m\u00f3vil.<\/li>\n<li>PIR inteligente: Sensor de infrarrojos del cuerpo humano PIR incorporado, cuando el dispositivo detecta que el cuerpo humano deambula, enviar\u00e1 autom\u00e1ticamente informaci\u00f3n de alarma anormal al tel\u00e9fono m\u00f3vil.<\/li>\n<li>Mensajes push de WeChat\/APP: admite la transmisi\u00f3n de informaci\u00f3n de alarma a Wechat\/APP, recibe el mensaje de alarma y gestiona las emergencias a tiempo.<\/li>\n<li>Modo de visi\u00f3n nocturna de doble luz opcional: visi\u00f3n diurna y nocturna a todo color y visi\u00f3n nocturna por infrarrojos, que pueden conmutarse a voluntad.<\/li>\n<li>Alimentaci\u00f3n por energ\u00eda solar: El equipo funciona con energ\u00eda solar (requiere una placa de alimentaci\u00f3n solar externa).<\/li>\n<li>Intercomunicador de voz: intercomunicador de voz bidireccional, la comunicaci\u00f3n no tiene barreras.<\/li>\n<li>Control PTZ: giro horizontal 350\u00b0, giro vertical 90\u00b0, amplio campo de visi\u00f3n, gran alcance de vigilancia.<\/li>\n<li>Gesti\u00f3n de almacenamiento: soporta almacenamiento local de tarjeta TF, el m\u00e1ximo puede soportar 128G, cobertura de ciclo autom\u00e1tico completo; soporta almacenamiento en la nube.<\/li>\n<li>Modo de conexi\u00f3n: admite conexi\u00f3n inal\u00e1mbrica.<\/li>\n<li>IP66 impermeable: toda la m\u00e1quina es impermeable, nivel de protecci\u00f3n IP66, y no teme al viento ni a la lluvia.<\/li>\n<li>Supervisi\u00f3n de tel\u00e9fonos m\u00f3viles: admite la supervisi\u00f3n remota de tel\u00e9fonos m\u00f3viles (IOS, Android).<\/li>\n<\/ul>","protected":false},"featured_media":1478,"comment_status":"open","ping_status":"closed","template":"","meta":{"_seopress_robots_primary_cat":"","_seopress_titles_title":"4G Solar camera - JER Company - CCTV Supplier in China","_seopress_titles_desc":"Finding a Reliable 4G Solar camera supplier can save you tons of money. Let JER Technology become your CCTV products partner.","_seopress_robots_index":""},"product_brand":[],"product_cat":[107],"product_tag":[],"class_list":{"0":"post-1476","1":"product","2":"type-product","3":"status-publish","4":"has-post-thumbnail","6":"product_cat-wireless-camera","8":"first","9":"instock","10":"shipping-taxable","11":"product-type-simple"},"_links":{"self":[{"href":"https:\/\/jer-tech.com\/es\/wp-json\/wp\/v2\/product\/1476","targetHints":{"allow":["GET"]}}],"collection":[{"href":"https:\/\/jer-tech.com\/es\/wp-json\/wp\/v2\/product"}],"about":[{"href":"https:\/\/jer-tech.com\/es\/wp-json\/wp\/v2\/types\/product"}],"replies":[{"embeddable":true,"href":"https:\/\/jer-tech.com\/es\/wp-json\/wp\/v2\/comments?post=1476"}],"wp:featuredmedia":[{"embeddable":true,"href":"https:\/\/jer-tech.com\/es\/wp-json\/wp\/v2\/media\/1478"}],"wp:attachment":[{"href":"https:\/\/jer-tech.com\/es\/wp-json\/wp\/v2\/media?parent=1476"}],"wp:term":[{"taxonomy":"product_brand","embeddable":true,"href":"https:\/\/jer-tech.com\/es\/wp-json\/wp\/v2\/product_brand?post=1476"},{"taxonomy":"product_cat","embeddable":true,"href":"https:\/\/jer-tech.com\/es\/wp-json\/wp\/v2\/product_cat?post=1476"},{"taxonomy":"product_tag","embeddable":true,"href":"https:\/\/jer-tech.com\/es\/wp-json\/wp\/v2\/product_tag?post=1476"}],"curies":[{"name":"wp","href":"https:\/\/api.w.org\/{rel}","templated":true}]}}