{"id":1454,"date":"2022-07-18T16:47:03","date_gmt":"2022-07-18T08:47:03","guid":{"rendered":"https:\/\/jer-tech.com\/?post_type=product&#038;p=1454"},"modified":"2022-07-18T16:47:03","modified_gmt":"2022-07-18T08:47:03","slug":"camara-ip-ptz","status":"publish","type":"product","link":"https:\/\/jer-tech.com\/es\/producto\/camara-ip-ptz\/","title":{"rendered":"Visi\u00f3n nocturna a todo color C\u00e1mara IP PTZ POE Opcional"},"content":{"rendered":"","protected":false},"excerpt":{"rendered":"<p>Rango de rotaci\u00f3n panor\u00e1mica: 0-360\u00b0,Rango de rotaci\u00f3n de inclinaci\u00f3n: 0-93\u00b0.<br \/>\nVelocidad de rotaci\u00f3n panor\u00e1mica: 45\u00b0\/s ,Velocidad de rotaci\u00f3n de inclinaci\u00f3n: 30\u00b0\/s.<br \/>\nIP66 a prueba de golpes, Protecci\u00f3n contra rayos: instant\u00e1neamente 6000V<br \/>\n2pcs Laser led+7pcs IR led, distancia IR 150meters<br \/>\nSoporte POE (opcional)<br \/>\nTarjeta TF Opcional<br \/>\nTama\u00f1o: 1 unidad 25,5\u00d721,5\u00d741(3kg)<br \/>\nTama\u00f1o: 4pcs 52x42x43.5(13.6kg)<\/p>","protected":false},"featured_media":1469,"comment_status":"open","ping_status":"closed","template":"","meta":{"_seopress_robots_primary_cat":"","_seopress_titles_title":"Full-color night vision IP PTZ Camera - JER Company - CCTV OEM Manufacturer","_seopress_titles_desc":"Looking for a PTZ IP camera manufacturer where you can buy CCTV Cameras for wholesale price? Let JER Company help you.","_seopress_robots_index":""},"product_brand":[],"product_cat":[46],"product_tag":[],"class_list":{"0":"post-1454","1":"product","2":"type-product","3":"status-publish","4":"has-post-thumbnail","6":"product_cat-ip-cameras","8":"first","9":"instock","10":"shipping-taxable","11":"product-type-simple"},"_links":{"self":[{"href":"https:\/\/jer-tech.com\/es\/wp-json\/wp\/v2\/product\/1454","targetHints":{"allow":["GET"]}}],"collection":[{"href":"https:\/\/jer-tech.com\/es\/wp-json\/wp\/v2\/product"}],"about":[{"href":"https:\/\/jer-tech.com\/es\/wp-json\/wp\/v2\/types\/product"}],"replies":[{"embeddable":true,"href":"https:\/\/jer-tech.com\/es\/wp-json\/wp\/v2\/comments?post=1454"}],"wp:featuredmedia":[{"embeddable":true,"href":"https:\/\/jer-tech.com\/es\/wp-json\/wp\/v2\/media\/1469"}],"wp:attachment":[{"href":"https:\/\/jer-tech.com\/es\/wp-json\/wp\/v2\/media?parent=1454"}],"wp:term":[{"taxonomy":"product_brand","embeddable":true,"href":"https:\/\/jer-tech.com\/es\/wp-json\/wp\/v2\/product_brand?post=1454"},{"taxonomy":"product_cat","embeddable":true,"href":"https:\/\/jer-tech.com\/es\/wp-json\/wp\/v2\/product_cat?post=1454"},{"taxonomy":"product_tag","embeddable":true,"href":"https:\/\/jer-tech.com\/es\/wp-json\/wp\/v2\/product_tag?post=1454"}],"curies":[{"name":"wp","href":"https:\/\/api.w.org\/{rel}","templated":true}]}}