{"id":1365,"date":"2022-05-24T18:30:31","date_gmt":"2022-05-24T10:30:31","guid":{"rendered":"https:\/\/jer-tech.com\/?post_type=product&#038;p=1365"},"modified":"2025-02-23T14:47:26","modified_gmt":"2025-02-23T06:47:26","slug":"camaras-ip-inalambricas","status":"publish","type":"product","link":"https:\/\/jer-tech.com\/es\/producto\/camaras-ip-inalambricas\/","title":{"rendered":"C\u00e1maras IP inal\u00e1mbricas al por mayor"},"content":{"rendered":"","protected":false},"excerpt":{"rendered":"<ul>\n<li>El almacenamiento en la nube es gratuito durante 30 d\u00edas, universal en el pa\u00eds y en el extranjero;<\/li>\n<li>Seguimiento humano inteligente AI, funci\u00f3n de posicionamiento de punto fijo Watchpoint [1080P&amp;3,0MP].<\/li>\n<li>Detecci\u00f3n humana inteligente AI (detecci\u00f3n de l\u00edneas cruzadas\/detecci\u00f3n de \u00e1rea) [1080P&amp;3.0MP]<\/li>\n<li>DC 5V\/2A, fuente de alimentaci\u00f3n est\u00e1ndar de EE.UU. por defecto; (normativas europeas \/ brit\u00e1nicas \/ australianas personalizadas)<\/li>\n<li>Soporta Micro SD de 8G a 128G, la tecnolog\u00eda de codificaci\u00f3n H.265X duplica el almacenamiento;<\/li>\n<li>Intercomunicador de voz bidireccional, informaci\u00f3n de alarma de detecci\u00f3n humana por pulsaci\u00f3n;<\/li>\n<li>Empuje mensajes de alarma a trav\u00e9s de WeChat directamente<\/li>\n<li>Grabaci\u00f3n y reproducci\u00f3n en tiempo real a trav\u00e9s del cliente CMS para PC; admite protocolo ONVIF para a\u00f1adir grabador;<\/li>\n<li>Pastilla y altavoz est\u00e1ndar;<\/li>\n<li>Soporta WiFi inal\u00e1mbrico de 2.4Ghz y AP hotspot;<\/li>\n<li>La antena incorporada 3DB est\u00e1ndar de alta intensidad transmite se\u00f1ales, y la intensidad de la se\u00f1al puede alcanzar unos 10 metros;<\/li>\n<li>Rotaci\u00f3n: horizontal: 355 grados y vertical: 90 grados;<\/li>\n<li>Est\u00e1ndar 8PCS LED luces de matriz de puntos, negro infrarrojo, y la funci\u00f3n de visi\u00f3n nocturna blanco;<\/li>\n<li>Equipo de dise\u00f1o industrial, dise\u00f1o de apariencia independiente, con autorizaci\u00f3n de patente de apariencia;<\/li>\n<\/ul>\n<table style=\"border-collapse: collapse; width: 589.23pt;\" border=\"0\" width=\"982\" cellspacing=\"0\" cellpadding=\"0\">\n<tbody>\n<tr style=\"height: 20.10pt;\">\n<td class=\"et2\" style=\"height: 20.10pt; width: 97.90pt;\" width=\"163\" height=\"33\">sensor<\/td>\n<td class=\"et3\" style=\"width: 491.40pt; border-right: 1.0pt solid #000000;\" colspan=\"2\" width=\"819\">Sensor CMOS de alto rendimiento<\/td>\n<\/tr>\n<tr style=\"height: 30.00pt;\">\n<td class=\"et2\" style=\"height: 30.00pt; width: 97.90pt;\" width=\"163\" height=\"50\">Iluminaci\u00f3n m\u00ednima<\/td>\n<td class=\"et5\" style=\"width: 491.40pt; border-right: 1.0pt solid #000000;\" colspan=\"2\" width=\"819\">Color:0.01Lux @(F1.2,AGC ON); 0 Lux con IR\uff1b<br \/>\nBlanco y negro:0,001 Lux @ (F1.2, AGC ON),0 Lux con IR<\/td>\n<\/tr>\n<tr style=\"height: 20.10pt;\">\n<td class=\"et2\" style=\"height: 20.10pt; width: 97.90pt;\" width=\"163\" height=\"33\">obturador<\/td>\n<td class=\"et7\" colspan=\"2\">1\/50 (1\/60) segundos a 1\/10000 segundos<\/td>\n<\/tr>\n<tr style=\"height: 20.10pt;\">\n<td class=\"et9\" style=\"height: 20.10pt; width: 97.90pt;\" width=\"163\" height=\"33\">distancia focal<\/td>\n<td class=\"et10\" style=\"border-right: 1.0pt solid #000000;\" colspan=\"2\">2,8MM<\/td>\n<\/tr>\n<tr style=\"height: 20.10pt;\">\n<td class=\"et2\" style=\"height: 20.10pt; width: 97.90pt;\" width=\"163\" height=\"33\">reducci\u00f3n del ruido<\/td>\n<td class=\"et12\" colspan=\"2\">Soporta reducci\u00f3n de ruido 2D\/3D<\/td>\n<\/tr>\n<tr style=\"height: 20.10pt;\">\n<td class=\"et2\" style=\"height: 20.10pt; width: 97.90pt;\" width=\"163\" height=\"33\">Formato de v\u00eddeo<\/td>\n<td class=\"et14\" colspan=\"2\">H.265AI<\/td>\n<\/tr>\n<tr style=\"height: 20.10pt;\">\n<td class=\"et2\" style=\"height: 20.10pt; width: 97.90pt;\" width=\"163\" height=\"33\">poder de resoluci\u00f3n<\/td>\n<td class=\"et10\" style=\"border-right: 1.0pt solid #000000;\" colspan=\"2\">Flujo de c\u00f3digo principal: 2304*1296; Flujo secundario: 800 * 448<\/td>\n<\/tr>\n<tr style=\"height: 20.10pt;\">\n<td class=\"et2\" style=\"height: 20.10pt; width: 97.90pt;\" width=\"163\" height=\"33\">Frecuencia de imagen<\/td>\n<td class=\"et17\" style=\"border-right: 1.0pt solid #000000;\" colspan=\"2\">12 fps<\/td>\n<\/tr>\n<tr style=\"height: 20.10pt;\">\n<td class=\"et2\" style=\"height: 20.10pt; width: 97.90pt;\" width=\"163\" height=\"33\">An\u00e1lisis inteligente<\/td>\n<td class=\"et19\" colspan=\"2\">Detecci\u00f3n de la forma humana<\/td>\n<\/tr>\n<tr style=\"height: 20.10pt;\">\n<td class=\"et2\" style=\"height: 20.10pt; width: 97.90pt;\" width=\"163\" height=\"33\">Funci\u00f3n de seguimiento<\/td>\n<td class=\"et21\" style=\"border-right: 1.0pt solid #000000;\" colspan=\"2\">Seguimiento de la forma humana<\/td>\n<\/tr>\n<tr style=\"height: 20.10pt;\">\n<td class=\"et2\" style=\"height: 20.10pt; width: 97.90pt;\" width=\"163\" height=\"33\">fuente luminosa<\/td>\n<td class=\"et21\" style=\"border-right: 1.0pt solid #000000;\" colspan=\"2\">Infrarrojos 6 luces<\/td>\n<\/tr>\n<tr style=\"height: 20.10pt;\">\n<td class=\"et2\" style=\"height: 20.10pt; width: 97.90pt;\" width=\"163\" height=\"33\">Modo luz<\/td>\n<td class=\"et19\" colspan=\"2\">Modo infrarrojos<\/td>\n<\/tr>\n<tr style=\"height: 20.10pt;\">\n<td class=\"et2\" style=\"height: 20.10pt; width: 97.90pt;\" width=\"163\" height=\"33\">Voz bidireccional<\/td>\n<td class=\"et12\" colspan=\"2\">Sostenga<\/td>\n<\/tr>\n<tr style=\"height: 20.10pt;\">\n<td class=\"et2\" style=\"height: 20.10pt; width: 97.90pt;\" width=\"163\" height=\"33\">Almacenamiento en la nube<\/td>\n<td class=\"et19\" colspan=\"2\">Sostenga<\/td>\n<\/tr>\n<tr style=\"height: 20.10pt;\">\n<td class=\"et2\" style=\"height: 20.10pt; width: 97.90pt;\" width=\"163\" height=\"33\">Acuerdo de apoyo<\/td>\n<td class=\"et23\" style=\"width: 491.40pt;\" colspan=\"2\" width=\"819\">Admite el protocolo NETIP<\/td>\n<\/tr>\n<tr style=\"height: 20.10pt;\">\n<td class=\"et2\" style=\"height: 20.10pt; width: 97.90pt;\" width=\"163\" height=\"33\">interfaz de red<\/td>\n<td class=\"et19\" colspan=\"2\">No lo apoyar\u00e9<\/td>\n<\/tr>\n<tr style=\"height: 20.10pt;\">\n<td class=\"et2\" style=\"height: 20.10pt; width: 97.90pt;\" width=\"163\" height=\"33\">Interfaz de almacenamiento<\/td>\n<td class=\"et19\" colspan=\"2\">Tarjeta TF local (hasta 128 G)<\/td>\n<\/tr>\n<tr style=\"height: 20.10pt;\">\n<td class=\"et2\" style=\"height: 20.10pt; width: 97.90pt;\" width=\"163\" height=\"33\">Interfaz de la tecla Reset<\/td>\n<td class=\"et21\" style=\"border-right: 1.0pt solid #000000;\" colspan=\"2\">Recuperaci\u00f3n con un solo clic<\/td>\n<\/tr>\n<tr style=\"height: 20.10pt;\">\n<td class=\"et2\" style=\"height: 20.10pt; width: 97.90pt;\" width=\"163\" height=\"33\">Norma inal\u00e1mbrica<\/td>\n<td class=\"et19\" colspan=\"2\">IEEE802.11b, 802.11g, 802.11n<\/td>\n<\/tr>\n<tr style=\"height: 20.10pt;\">\n<td class=\"et2\" style=\"height: 20.10pt; width: 97.90pt;\" width=\"163\" height=\"33\">gama de frecuencias<\/td>\n<td class=\"et19\" colspan=\"2\">2,4 GHz ~ 2,4835 GHz<\/td>\n<\/tr>\n<tr style=\"height: 20.10pt;\">\n<td class=\"et2\" style=\"height: 20.10pt; width: 97.90pt;\" width=\"163\" height=\"33\">disipaci\u00f3n de energ\u00eda<\/td>\n<td class=\"et19\" colspan=\"2\">5W<\/td>\n<\/tr>\n<tr style=\"height: 20.10pt;\">\n<td class=\"et2\" style=\"height: 20.10pt; width: 97.90pt;\" width=\"163\" height=\"33\">Tama\u00f1o del producto<\/td>\n<td class=\"et19\" colspan=\"2\">77*77*115mm<\/td>\n<\/tr>\n<tr style=\"height: 20.10pt;\">\n<td class=\"et2\" style=\"height: 20.10pt; width: 97.90pt;\" width=\"163\" height=\"33\">Tama\u00f1o de la caja de color<\/td>\n<td class=\"et19\" colspan=\"2\">92*92*160mm<\/td>\n<\/tr>\n<tr style=\"height: 20.10pt;\">\n<td class=\"et2\" style=\"height: 20.10pt; width: 97.90pt;\" width=\"163\" height=\"33\">temperatura<\/td>\n<td class=\"et19\" colspan=\"2\">-10\u2103~60\u2103, humedad inferior a 90% [sin condensaci\u00f3n].<\/td>\n<\/tr>\n<tr style=\"height: 20.10pt;\">\n<td class=\"et2\" style=\"height: 20.10pt; width: 97.90pt;\" width=\"163\" height=\"33\">fuente<\/td>\n<td class=\"et19\" colspan=\"2\">5V\u3010tipo-C\u3011<\/td>\n<\/tr>\n<tr style=\"height: 20.10pt;\">\n<td class=\"et2\" style=\"height: 20.10pt; width: 97.90pt;\" width=\"163\" height=\"33\">peso<\/td>\n<td class=\"et25\" colspan=\"2\">0,3128 kg (peso bruto)<\/td>\n<\/tr>\n<\/tbody>\n<\/table>","protected":false},"featured_media":1383,"comment_status":"open","ping_status":"closed","template":"","meta":{"_seopress_robots_primary_cat":"none","_seopress_titles_title":"Wholesale wireless IP Cameras - JER Company - IP Cameras supplier in China","_seopress_titles_desc":"","_seopress_robots_index":"yes"},"product_brand":[],"product_cat":[107],"product_tag":[],"class_list":{"0":"post-1365","1":"product","2":"type-product","3":"status-publish","4":"has-post-thumbnail","6":"product_cat-wireless-camera","8":"first","9":"instock","10":"shipping-taxable","11":"product-type-simple"},"_links":{"self":[{"href":"https:\/\/jer-tech.com\/es\/wp-json\/wp\/v2\/product\/1365","targetHints":{"allow":["GET"]}}],"collection":[{"href":"https:\/\/jer-tech.com\/es\/wp-json\/wp\/v2\/product"}],"about":[{"href":"https:\/\/jer-tech.com\/es\/wp-json\/wp\/v2\/types\/product"}],"replies":[{"embeddable":true,"href":"https:\/\/jer-tech.com\/es\/wp-json\/wp\/v2\/comments?post=1365"}],"wp:featuredmedia":[{"embeddable":true,"href":"https:\/\/jer-tech.com\/es\/wp-json\/wp\/v2\/media\/1383"}],"wp:attachment":[{"href":"https:\/\/jer-tech.com\/es\/wp-json\/wp\/v2\/media?parent=1365"}],"wp:term":[{"taxonomy":"product_brand","embeddable":true,"href":"https:\/\/jer-tech.com\/es\/wp-json\/wp\/v2\/product_brand?post=1365"},{"taxonomy":"product_cat","embeddable":true,"href":"https:\/\/jer-tech.com\/es\/wp-json\/wp\/v2\/product_cat?post=1365"},{"taxonomy":"product_tag","embeddable":true,"href":"https:\/\/jer-tech.com\/es\/wp-json\/wp\/v2\/product_tag?post=1365"}],"curies":[{"name":"wp","href":"https:\/\/api.w.org\/{rel}","templated":true}]}}