{"id":1360,"date":"2022-05-24T17:15:37","date_gmt":"2022-05-24T09:15:37","guid":{"rendered":"https:\/\/jer-tech.com\/?post_type=product&#038;p=1360"},"modified":"2022-07-20T11:20:55","modified_gmt":"2022-07-20T03:20:55","slug":"camara-wifi-ptz","status":"publish","type":"product","link":"https:\/\/jer-tech.com\/es\/producto\/camara-wifi-ptz\/","title":{"rendered":"C\u00e1mara PTZ WiFi con zoom h\u00edbrido 8x a todo color y visi\u00f3n nocturna"},"content":{"rendered":"","protected":false},"excerpt":{"rendered":"<ul>\n<li>Doble 4MP FHD Lens: 2pcs * 4MP de alta definici\u00f3n de flujo de v\u00eddeo y la imagen transmiten la escena en vivo extremadamente clara y precisa. todo capturado por esta c\u00e1mara se presentar\u00e1 a usted a trav\u00e9s de v\u00eddeos fluidos. El flujo de vida se puede acceder a trav\u00e9s de iOS \/ Android tel\u00e9fono m\u00f3vil y la tableta \/ iPad \/ PC, etc (NOTA: La c\u00e1mara funciona con 2.4G WiFi, no es compatible con la red 5G).<\/li>\n<li>Smart Pan\/Tilt\/Zoom: Ofrece un rango de visi\u00f3n de 350\u00b0 en horizontal y 110\u00b0 en vertical y un zoom \u00f3ptico + digital de 8X para conseguir una visi\u00f3n panor\u00e1mica de casi 360\u00b0, cubriendo todos los rincones de su casa.<\/li>\n<li>Detecci\u00f3n de movimiento y audio bidireccional: Cuando se detecta movimiento, una notificaci\u00f3n de alerta o v\u00eddeo de detecci\u00f3n se enviar\u00e1 a su tel\u00e9fono en tiempo real, puede utilizarlo al aire libre para comunicarse sin problemas y claramente con la gente cerca de la c\u00e1mara a trav\u00e9s de la APP y ahuyentar a los intrusos.Soporta el movimiento del cuerpo humano modo de alarma de seguimiento autom\u00e1tico para evitar falsas alarmas como transe\u00fante en la calle o las hojas en movimiento en su patio.<\/li>\n<li>Visi\u00f3n nocturna clara y colorida: Equipado con 10pcs LEDs, incluso en la oscuridad total con clara visi\u00f3n nocturna colorida distancia de hasta 40 metros, que le da una experiencia de visi\u00f3n nocturna super.<\/li>\n<li>Nivel de impermeabilidad y protecci\u00f3n contra el polvo IP66: IP66 excelente funci\u00f3n impermeable y a prueba de polvo es una buena opci\u00f3n para el uso al aire libre. Utiliza materiales ABS de alta calidad para garantizar un uso seguro en el rango de temperatura de 14 \u00b0F a 113 \u00b0F (-10\u2103 a 45\u2103). Tanto si llueve como si hace sol, es lo bastante resistente como para soportar las inclemencias del tiempo.<\/li>\n<li>Dos formas de almacenamiento: la tarjeta SD y el almacenamiento en la nube est\u00e1n disponibles y son opcionales, almacene toda su videovigilancia 24\/7, el protocolo de cifrado de seguridad protege su privacidad personal, admite ONVIF y es compatible con la mayor\u00eda de los dispositivos NVR.<\/li>\n<li>M\u00faltiples miembros de la familia compartiendo: Soporta multi-usuarios viendo simult\u00e1neamente y soporte multi c\u00e1maras a\u00f1adir en una APP de usar.<\/li>\n<li>Apoyar el modo de conexi\u00f3n AP: Si la c\u00e1mara se desconecta cuando su red est\u00e1 abajo, la c\u00e1mara tiene un built-in AP WiFi, todav\u00eda se puede conectar a la AP WiFi para trabajar para \u00e9l con su tel\u00e9fono dentro de 10 metros.<\/li>\n<li>F\u00e1cil de configurar: con las instrucciones paso a paso a trav\u00e9s de la aplicaci\u00f3n gratuita. Podr\u00e1s acceder a distancia a tu tel\u00e9fono\/dispositivo m\u00f3vil f\u00e1cilmente.<\/li>\n<\/ul>","protected":false},"featured_media":1389,"comment_status":"open","ping_status":"closed","template":"","meta":{"_seopress_robots_primary_cat":"none","_seopress_titles_title":"Full Color night vision WIFI PTZ Camera - Wholesale PTZ Camera - JER Company","_seopress_titles_desc":"Dual Lens 8X Zoom 2K 4MP High-Quality WIFI PTZ Camera AI Humanoid Tracking Smart Binocular Camera Waterproof.","_seopress_robots_index":""},"product_brand":[],"product_cat":[107],"product_tag":[],"class_list":{"0":"post-1360","1":"product","2":"type-product","3":"status-publish","4":"has-post-thumbnail","6":"product_cat-wireless-camera","8":"first","9":"instock","10":"shipping-taxable","11":"product-type-simple"},"_links":{"self":[{"href":"https:\/\/jer-tech.com\/es\/wp-json\/wp\/v2\/product\/1360","targetHints":{"allow":["GET"]}}],"collection":[{"href":"https:\/\/jer-tech.com\/es\/wp-json\/wp\/v2\/product"}],"about":[{"href":"https:\/\/jer-tech.com\/es\/wp-json\/wp\/v2\/types\/product"}],"replies":[{"embeddable":true,"href":"https:\/\/jer-tech.com\/es\/wp-json\/wp\/v2\/comments?post=1360"}],"wp:featuredmedia":[{"embeddable":true,"href":"https:\/\/jer-tech.com\/es\/wp-json\/wp\/v2\/media\/1389"}],"wp:attachment":[{"href":"https:\/\/jer-tech.com\/es\/wp-json\/wp\/v2\/media?parent=1360"}],"wp:term":[{"taxonomy":"product_brand","embeddable":true,"href":"https:\/\/jer-tech.com\/es\/wp-json\/wp\/v2\/product_brand?post=1360"},{"taxonomy":"product_cat","embeddable":true,"href":"https:\/\/jer-tech.com\/es\/wp-json\/wp\/v2\/product_cat?post=1360"},{"taxonomy":"product_tag","embeddable":true,"href":"https:\/\/jer-tech.com\/es\/wp-json\/wp\/v2\/product_tag?post=1360"}],"curies":[{"name":"wp","href":"https:\/\/api.w.org\/{rel}","templated":true}]}}