{"id":1345,"date":"2022-07-18T17:30:23","date_gmt":"2022-07-18T09:30:23","guid":{"rendered":"https:\/\/jer-tech.com\/?post_type=product&#038;p=1345"},"modified":"2022-07-18T17:30:23","modified_gmt":"2022-07-18T09:30:23","slug":"camara-ip-domo","status":"publish","type":"product","link":"https:\/\/jer-tech.com\/es\/producto\/camara-ip-domo\/","title":{"rendered":"C\u00e1mara IP domo POE de 4MP con luz dual"},"content":{"rendered":"","protected":false},"excerpt":{"rendered":"<p><strong>C\u00e1mara IP domo de 2MP, 4MP, 5MP, 8MP, soporta POE, visi\u00f3n nocturna a todo color<\/strong><\/p>\n<ul>\n<li>Resoluci\u00f3n Ultra HD de 2MP\/5MP\/4K disponible<\/li>\n<li>F\u00e1cil configuraci\u00f3n PoE, esta c\u00e1mara IP PoE requiere s\u00f3lo un cable Ethernet para transmitir se\u00f1ales de v\u00eddeo y obtener energ\u00eda al mismo tiempo, PoE opcional<\/li>\n<li>Soporta H.265 + formato de codificaci\u00f3n: Esta c\u00e1mara IP de vigilancia es compatible con el formato de codificaci\u00f3n H.265 + \/ H.265 \/ H.264 + \/ H.264.<\/li>\n<li>ONVIF: admite el protocolo ONVIF y puede conectarse a NVR de otros fabricantes compatibles con ONVIF para crear un sistema de seguridad integrado que ofrezca protecci\u00f3n las 24 horas del d\u00eda, los 7 d\u00edas de la semana.<\/li>\n<li>Aplicaci\u00f3n m\u00f3vil gratuita para ver a distancia desde el tel\u00e9fono<\/li>\n<li>Software de monitorizaci\u00f3n CMS gratuito para que puedas ver streaming en directo a trav\u00e9s de tu ordenador Windows.<\/li>\n<li>Visi\u00f3n nocturna inteligente: Iluminaci\u00f3n inteligente (detecci\u00f3n de movimiento) e imagen a todo color. La iluminaci\u00f3n blanca se apagar\u00e1 autom\u00e1ticamente despu\u00e9s de 10 segundos y luego cambiar a la visi\u00f3n nocturna en blanco y negro ordinario.<\/li>\n<\/ul>","protected":false},"featured_media":1472,"comment_status":"open","ping_status":"closed","template":"","meta":{"_seopress_robots_primary_cat":"none","_seopress_titles_title":"POE dome IP Camera wholesale - JER Company - CCTV Manufacturer in China","_seopress_titles_desc":"JER Company supplies 4MP, 5MP, and 4K POE dome cameras, we accept OEM and ODM Services.","_seopress_robots_index":""},"product_brand":[],"product_cat":[46],"product_tag":[],"class_list":{"0":"post-1345","1":"product","2":"type-product","3":"status-publish","4":"has-post-thumbnail","6":"product_cat-ip-cameras","8":"first","9":"instock","10":"shipping-taxable","11":"product-type-simple"},"_links":{"self":[{"href":"https:\/\/jer-tech.com\/es\/wp-json\/wp\/v2\/product\/1345","targetHints":{"allow":["GET"]}}],"collection":[{"href":"https:\/\/jer-tech.com\/es\/wp-json\/wp\/v2\/product"}],"about":[{"href":"https:\/\/jer-tech.com\/es\/wp-json\/wp\/v2\/types\/product"}],"replies":[{"embeddable":true,"href":"https:\/\/jer-tech.com\/es\/wp-json\/wp\/v2\/comments?post=1345"}],"wp:featuredmedia":[{"embeddable":true,"href":"https:\/\/jer-tech.com\/es\/wp-json\/wp\/v2\/media\/1472"}],"wp:attachment":[{"href":"https:\/\/jer-tech.com\/es\/wp-json\/wp\/v2\/media?parent=1345"}],"wp:term":[{"taxonomy":"product_brand","embeddable":true,"href":"https:\/\/jer-tech.com\/es\/wp-json\/wp\/v2\/product_brand?post=1345"},{"taxonomy":"product_cat","embeddable":true,"href":"https:\/\/jer-tech.com\/es\/wp-json\/wp\/v2\/product_cat?post=1345"},{"taxonomy":"product_tag","embeddable":true,"href":"https:\/\/jer-tech.com\/es\/wp-json\/wp\/v2\/product_tag?post=1345"}],"curies":[{"name":"wp","href":"https:\/\/api.w.org\/{rel}","templated":true}]}}