{"id":1336,"date":"2022-04-13T16:21:45","date_gmt":"2022-04-13T08:21:45","guid":{"rendered":"https:\/\/jer-tech.com\/?post_type=product&#038;p=1336"},"modified":"2022-04-13T16:22:29","modified_gmt":"2022-04-13T08:22:29","slug":"4k-nvr","status":"publish","type":"product","link":"https:\/\/jer-tech.com\/es\/producto\/4k-nvr\/","title":{"rendered":"9CH\/16CH\/32CH 4K NVR"},"content":{"rendered":"","protected":false},"excerpt":{"rendered":"<ul>\n<li>A trav\u00e9s del servicio en la nube, realice f\u00e1cilmente la penetraci\u00f3n en la red, s\u00f3lo un paso para lograr la visualizaci\u00f3n remota.<\/li>\n<li>Apoyar la vista del tel\u00e9fono m\u00f3vil. \uff08iPhone Android)<\/li>\n<li>Compatible con muchos tipos de navegadores (Chrome\/Firefox\/Safari).<\/li>\n<li>Soporta salida VGA al mismo tiempo.<\/li>\n<li>Potente servicio de red\uff08DHCP\u3001PPPOE\u3001FTP\u3001DNS\u3001DDNS\u3001NTP\u3001UPNP\u3001Email etc. ) Perfecto Supporting\uff08WEB\u3001Client\u3001SDK), lograr f\u00e1cilmente la interconexi\u00f3n.<\/li>\n<li>Soporta m\u00e1s tipos de idiomas.<\/li>\n<li>Soporta alarma inteligente b\u00e1sica y funci\u00f3n de per\u00edmetro de l\u00ednea de disparo.<\/li>\n<li>Admite la reproducci\u00f3n de canales completos.<\/li>\n<li>Soporta cambio de logo para las ventanas peque\u00f1as o logo de bienvenida<\/li>\n<li>Detecci\u00f3n de movimiento<\/li>\n<li>Soporta PIR; Detecci\u00f3n facial (necesita soporte de c\u00e1mara)<\/li>\n<li>Soporta doble HDD, m\u00e1s espacio de almacenamiento<\/li>\n<li>Admite entrada y salida de audio multicanal<\/li>\n<\/ul>","protected":false},"featured_media":1338,"comment_status":"open","ping_status":"closed","template":"","meta":{"_seopress_robots_primary_cat":"none","_seopress_titles_title":"4K NVR Bulk Production - CCTV OEM Manufacturer - JER Company","_seopress_titles_desc":"Are you looking to purchase 4K NVRs in bulk? You have come to the right place! Check out our wide range of CCTV Products now!","_seopress_robots_index":""},"product_brand":[],"product_cat":[60],"product_tag":[],"class_list":{"0":"post-1336","1":"product","2":"type-product","3":"status-publish","4":"has-post-thumbnail","6":"product_cat-nvr","8":"first","9":"instock","10":"shipping-taxable","11":"product-type-simple"},"_links":{"self":[{"href":"https:\/\/jer-tech.com\/es\/wp-json\/wp\/v2\/product\/1336","targetHints":{"allow":["GET"]}}],"collection":[{"href":"https:\/\/jer-tech.com\/es\/wp-json\/wp\/v2\/product"}],"about":[{"href":"https:\/\/jer-tech.com\/es\/wp-json\/wp\/v2\/types\/product"}],"replies":[{"embeddable":true,"href":"https:\/\/jer-tech.com\/es\/wp-json\/wp\/v2\/comments?post=1336"}],"wp:featuredmedia":[{"embeddable":true,"href":"https:\/\/jer-tech.com\/es\/wp-json\/wp\/v2\/media\/1338"}],"wp:attachment":[{"href":"https:\/\/jer-tech.com\/es\/wp-json\/wp\/v2\/media?parent=1336"}],"wp:term":[{"taxonomy":"product_brand","embeddable":true,"href":"https:\/\/jer-tech.com\/es\/wp-json\/wp\/v2\/product_brand?post=1336"},{"taxonomy":"product_cat","embeddable":true,"href":"https:\/\/jer-tech.com\/es\/wp-json\/wp\/v2\/product_cat?post=1336"},{"taxonomy":"product_tag","embeddable":true,"href":"https:\/\/jer-tech.com\/es\/wp-json\/wp\/v2\/product_tag?post=1336"}],"curies":[{"name":"wp","href":"https:\/\/api.w.org\/{rel}","templated":true}]}}