{"id":1331,"date":"2022-04-13T15:58:37","date_gmt":"2022-04-13T07:58:37","guid":{"rendered":"https:\/\/jer-tech.com\/?post_type=product&#038;p=1331"},"modified":"2022-04-13T15:58:37","modified_gmt":"2022-04-13T07:58:37","slug":"8ch-poe-nvr","status":"publish","type":"product","link":"https:\/\/jer-tech.com\/es\/producto\/8ch-poe-nvr\/","title":{"rendered":"NVR POE 5MP\/4K 8CH"},"content":{"rendered":"","protected":false},"excerpt":{"rendered":"<ul>\n<li>Conmutador POE incorporado NVR POE 8ch 8mp<\/li>\n<li>Salida de v\u00eddeo simult\u00e1nea HDMI 4K \/ VGA 1080P.<\/li>\n<li>Admite codificaci\u00f3n H.265\/264 de flujo principal y de vapor adicional de forma sincr\u00f3nica<\/li>\n<li>Disco flash USB, disco duro port\u00e1til USB y red.<\/li>\n<li>Recuperaci\u00f3n autom\u00e1tica del sistema tras un fallo de alimentaci\u00f3n<\/li>\n<li>Mando a distancia f\u00e1cil y c\u00f3modo sin ajustes complicados.<\/li>\n<li>Soporte multiling\u00fce<\/li>\n<li>Permite la visualizaci\u00f3n en directo, grabaci\u00f3n, reproducci\u00f3n, copia de seguridad, vigilancia en red y m\u00f3vil al mismo tiempo.<\/li>\n<li>Soporta monitor m\u00f3vil (iPhone, iPad&amp; tel\u00e9fono Android).<\/li>\n<li>Soporta servicio de red(soporta DHCP, PPPOE, FTP, DNS, DDNS, NTP, UPNP, EMAIL, IP authority, IP search, Alarm center, etc), recinto completo(WEB, CMS, SDK), para lograr f\u00e1cilmente la interconexi\u00f3n.<\/li>\n<li>Soporta nube P2P,1pcs SATA HDD.<\/li>\n<\/ul>","protected":false},"featured_media":1333,"comment_status":"open","ping_status":"closed","template":"","meta":{"_seopress_robots_primary_cat":"","_seopress_titles_title":"4K 8CH POE NVR  - CCTV OEM Manufacturer - JER Company","_seopress_titles_desc":"No more endlessly wasting time on the lousy 8CH POE NVR supplier. JER\u2019s goal is to let you sit back and relax. We take care of all the dirty works, including trade stuff clearance, logistics, etc.","_seopress_robots_index":""},"product_brand":[],"product_cat":[60],"product_tag":[],"class_list":{"0":"post-1331","1":"product","2":"type-product","3":"status-publish","4":"has-post-thumbnail","6":"product_cat-nvr","8":"first","9":"instock","10":"shipping-taxable","11":"product-type-simple"},"_links":{"self":[{"href":"https:\/\/jer-tech.com\/es\/wp-json\/wp\/v2\/product\/1331","targetHints":{"allow":["GET"]}}],"collection":[{"href":"https:\/\/jer-tech.com\/es\/wp-json\/wp\/v2\/product"}],"about":[{"href":"https:\/\/jer-tech.com\/es\/wp-json\/wp\/v2\/types\/product"}],"replies":[{"embeddable":true,"href":"https:\/\/jer-tech.com\/es\/wp-json\/wp\/v2\/comments?post=1331"}],"wp:featuredmedia":[{"embeddable":true,"href":"https:\/\/jer-tech.com\/es\/wp-json\/wp\/v2\/media\/1333"}],"wp:attachment":[{"href":"https:\/\/jer-tech.com\/es\/wp-json\/wp\/v2\/media?parent=1331"}],"wp:term":[{"taxonomy":"product_brand","embeddable":true,"href":"https:\/\/jer-tech.com\/es\/wp-json\/wp\/v2\/product_brand?post=1331"},{"taxonomy":"product_cat","embeddable":true,"href":"https:\/\/jer-tech.com\/es\/wp-json\/wp\/v2\/product_cat?post=1331"},{"taxonomy":"product_tag","embeddable":true,"href":"https:\/\/jer-tech.com\/es\/wp-json\/wp\/v2\/product_tag?post=1331"}],"curies":[{"name":"wp","href":"https:\/\/api.w.org\/{rel}","templated":true}]}}