{"id":1313,"date":"2022-04-13T14:16:35","date_gmt":"2022-04-13T06:16:35","guid":{"rendered":"https:\/\/jer-tech.com\/?post_type=product&#038;p=1313"},"modified":"2022-04-13T14:16:35","modified_gmt":"2022-04-13T06:16:35","slug":"cctv-dvr","status":"publish","type":"product","link":"https:\/\/jer-tech.com\/es\/producto\/cctv-dvr\/","title":{"rendered":"4CH 5 en 1 5MP CCTV DVR"},"content":{"rendered":"","protected":false},"excerpt":{"rendered":"<ul>\n<li>Soluci\u00f3n Hisilicon: 5 en 1, soluci\u00f3n H.265 HVR real<\/li>\n<li>Admite la tecnolog\u00eda de codificaci\u00f3n H.265, tasa de bits ultrabaja, compatible a la baja con H.264<\/li>\n<li>Soporta acceso remoto, DDNS para realizar la supervisi\u00f3n remota con una sola tecla<\/li>\n<li>Con la funci\u00f3n UTC, los par\u00e1metros del men\u00fa de la c\u00e1mara se pueden ajustar mediante la funci\u00f3n UTC<\/li>\n<li>Admite AHD\/TVI\/CVI\/CVBS\/IP 5 en 1, reconocimiento autom\u00e1tico de se\u00f1ales de v\u00eddeo<\/li>\n<li>Puerto Wifi; soporta wifi; se puede extender a 4G, 5G (V\u00eda USB extendido) (No est\u00e1 bien ahora, se actualizar\u00e1 en el futuro)<\/li>\n<li>Soporta visualizaci\u00f3n simult\u00e1nea VGA\u3001HDMI, resoluci\u00f3n m\u00e1xima hasta HDMI 4K<\/li>\n<li>La reproducci\u00f3n de grabaciones se puede mostrar por tiempo, el tipo de grabaci\u00f3n se muestra por color, para buscar y recuperar de forma c\u00f3moda y eficaz.<\/li>\n<li>La copia de seguridad de los registros puede organizarse seg\u00fan la hora y la duraci\u00f3n, con precisi\u00f3n de segundos<\/li>\n<li>Admite la modificaci\u00f3n masiva de la direcci\u00f3n de la c\u00e1mara IP y la adici\u00f3n remota de dispositivos de c\u00e1mara.<\/li>\n<li>Puede conectarse con una c\u00e1mara IP, domo IP y compatible con Onvif<\/li>\n<li class=\"nitro-offscreen\">Puede conectarse con las principales marcas de c\u00e1maras IP del mercado (protocolo privado u Onvif)<\/li>\n<li class=\"nitro-offscreen\">La pantalla de vista previa puede intercambiarse aleatoriamente. Posici\u00f3n de la imagen cambiada sin cambiar la direcci\u00f3n f\u00edsica, es conveniente para la construcci\u00f3n.<\/li>\n<li class=\"nitro-offscreen\">La copia de seguridad de v\u00eddeo e im\u00e1genes a trav\u00e9s de U-disk se puede reproducir y consultar en el host principal, por lo que es muy conveniente<\/li>\n<li class=\"nitro-offscreen\">Soporta m\u00faltiples modos de reproducci\u00f3n: avance r\u00e1pido, reproducci\u00f3n lenta, retroceso r\u00e1pido, etc. M\u00e1ximo 16 veces de avance o retroceso r\u00e1pido<\/li>\n<li class=\"nitro-offscreen\">Admite c\u00e1mara IP H.264\/H.265(HEVC);<\/li>\n<li class=\"nitro-offscreen\">Soporte WEB\u3001VMS, soporte sistema m\u00f3vil android\/IOS<\/li>\n<li class=\"nitro-offscreen\">Admite P2P, escaneado de c\u00f3digos QR y reproducci\u00f3n a trav\u00e9s de APP<\/li>\n<\/ul>","protected":false},"featured_media":1316,"comment_status":"open","ping_status":"closed","template":"","meta":{"_seopress_robots_primary_cat":"none","_seopress_titles_title":"4 Channels CCTV DVR - - CCTV OEM manufacturer from China - JER Company","_seopress_titles_desc":"JER is a reliable CCTV DVR supplier in China. All of our products are made from the finest materials to ensure reliability. Order now!","_seopress_robots_index":""},"product_brand":[],"product_cat":[78],"product_tag":[],"class_list":{"0":"post-1313","1":"product","2":"type-product","3":"status-publish","4":"has-post-thumbnail","6":"product_cat-dvr","8":"first","9":"instock","10":"shipping-taxable","11":"product-type-simple"},"_links":{"self":[{"href":"https:\/\/jer-tech.com\/es\/wp-json\/wp\/v2\/product\/1313","targetHints":{"allow":["GET"]}}],"collection":[{"href":"https:\/\/jer-tech.com\/es\/wp-json\/wp\/v2\/product"}],"about":[{"href":"https:\/\/jer-tech.com\/es\/wp-json\/wp\/v2\/types\/product"}],"replies":[{"embeddable":true,"href":"https:\/\/jer-tech.com\/es\/wp-json\/wp\/v2\/comments?post=1313"}],"wp:featuredmedia":[{"embeddable":true,"href":"https:\/\/jer-tech.com\/es\/wp-json\/wp\/v2\/media\/1316"}],"wp:attachment":[{"href":"https:\/\/jer-tech.com\/es\/wp-json\/wp\/v2\/media?parent=1313"}],"wp:term":[{"taxonomy":"product_brand","embeddable":true,"href":"https:\/\/jer-tech.com\/es\/wp-json\/wp\/v2\/product_brand?post=1313"},{"taxonomy":"product_cat","embeddable":true,"href":"https:\/\/jer-tech.com\/es\/wp-json\/wp\/v2\/product_cat?post=1313"},{"taxonomy":"product_tag","embeddable":true,"href":"https:\/\/jer-tech.com\/es\/wp-json\/wp\/v2\/product_tag?post=1313"}],"curies":[{"name":"wp","href":"https:\/\/api.w.org\/{rel}","templated":true}]}}