{"id":1305,"date":"2022-04-13T11:51:18","date_gmt":"2022-04-13T03:51:18","guid":{"rendered":"https:\/\/jer-tech.com\/?post_type=product&#038;p=1305"},"modified":"2022-04-13T13:40:53","modified_gmt":"2022-04-13T05:40:53","slug":"poe-nvr","status":"publish","type":"product","link":"https:\/\/jer-tech.com\/es\/producto\/poe-nvr\/","title":{"rendered":"4 Canales 5MP POE NVR"},"content":{"rendered":"","protected":false},"excerpt":{"rendered":"<ul>\n<li>Admite el acceso de varias c\u00e1maras de red de alta definici\u00f3n; hasta 4*5MP, 4 puertos POE Admite fuente de alimentaci\u00f3n POE<\/li>\n<li>Soporta salida VGA, HDMI 1080P full HD simult\u00e1neamente;<\/li>\n<li>Soporte web, CMS, plataforma MYEYE, proporcionar desarrollo SDK;<\/li>\n<li>Soporta m\u00faltiples tecnolog\u00edas en la nube, penetraci\u00f3n en la red, informaci\u00f3n de alarma enviada a su tel\u00e9fono y otras funciones;<\/li>\n<li>Soporta m\u00faltiples servicios de red (soporta DHCP, FTP, DNS, DDNS, NTP, UPNP, EMAIL,3G, WIFI, b\u00fasquedas IP, Central de Alarmas, etc.);<\/li>\n<li>Soporta ONVIF y GB28181;<\/li>\n<li>Compatible con varios sistemas m\u00f3viles (iOS, Android);<\/li>\n<li>Admite el acceso a varios navegadores web (IE, Chrome, Firefox, Safari);<\/li>\n<li>M\u00e1s de veinte idiomas;<\/li>\n<li>Circuito de protecci\u00f3n perfecto, funci\u00f3n de vigilancia triple \u00fanica;<\/li>\n<li>Visita a distancia, ARSP integrado, supervisi\u00f3n remota en un solo paso<\/li>\n<\/ul>","protected":false},"featured_media":1307,"comment_status":"open","ping_status":"closed","template":"","meta":{"_seopress_robots_primary_cat":"none","_seopress_titles_title":"4 Channels 5MP POE NVR - CCTV OEM Manufacturer in China - JER Company","_seopress_titles_desc":"Are you looking to purchase CCTV POE NVR in bulk? You have come to the right place! Check out our wide range of CCTV Products now!","_seopress_robots_index":""},"product_brand":[],"product_cat":[60],"product_tag":[],"class_list":{"0":"post-1305","1":"product","2":"type-product","3":"status-publish","4":"has-post-thumbnail","6":"product_cat-nvr","8":"first","9":"instock","10":"shipping-taxable","11":"product-type-simple"},"_links":{"self":[{"href":"https:\/\/jer-tech.com\/es\/wp-json\/wp\/v2\/product\/1305","targetHints":{"allow":["GET"]}}],"collection":[{"href":"https:\/\/jer-tech.com\/es\/wp-json\/wp\/v2\/product"}],"about":[{"href":"https:\/\/jer-tech.com\/es\/wp-json\/wp\/v2\/types\/product"}],"replies":[{"embeddable":true,"href":"https:\/\/jer-tech.com\/es\/wp-json\/wp\/v2\/comments?post=1305"}],"wp:featuredmedia":[{"embeddable":true,"href":"https:\/\/jer-tech.com\/es\/wp-json\/wp\/v2\/media\/1307"}],"wp:attachment":[{"href":"https:\/\/jer-tech.com\/es\/wp-json\/wp\/v2\/media?parent=1305"}],"wp:term":[{"taxonomy":"product_brand","embeddable":true,"href":"https:\/\/jer-tech.com\/es\/wp-json\/wp\/v2\/product_brand?post=1305"},{"taxonomy":"product_cat","embeddable":true,"href":"https:\/\/jer-tech.com\/es\/wp-json\/wp\/v2\/product_cat?post=1305"},{"taxonomy":"product_tag","embeddable":true,"href":"https:\/\/jer-tech.com\/es\/wp-json\/wp\/v2\/product_tag?post=1305"}],"curies":[{"name":"wp","href":"https:\/\/api.w.org\/{rel}","templated":true}]}}