{"id":1290,"date":"2022-04-12T18:08:06","date_gmt":"2022-04-12T10:08:06","guid":{"rendered":"https:\/\/jer-tech.com\/?post_type=product&#038;p=1290"},"modified":"2022-04-12T18:11:17","modified_gmt":"2022-04-12T10:11:17","slug":"camaras-ip-4k","status":"publish","type":"product","link":"https:\/\/jer-tech.com\/es\/producto\/camaras-ip-4k\/","title":{"rendered":"C\u00e1maras IP 4K para exteriores con visi\u00f3n nocturna a todo color"},"content":{"rendered":"","protected":false},"excerpt":{"rendered":"<ul>\n<li>Resoluci\u00f3n Ultra HD de 2MP\/5MP\/4K disponible<\/li>\n<li>F\u00e1cil configuraci\u00f3n PoE, esta c\u00e1mara IP PoE requiere s\u00f3lo un cable Ethernet para transmitir se\u00f1ales de v\u00eddeo y obtener energ\u00eda al mismo tiempo, PoE opcional<\/li>\n<li>Soporta H.265 + formato de codificaci\u00f3n: Esta c\u00e1mara IP de vigilancia es compatible con el formato de codificaci\u00f3n H.265 + \/ H.265 \/ H.264 + \/ H.264.<\/li>\n<li>ONVIF: admite el protocolo ONVIF y puede conectarse a NVR de otros fabricantes compatibles con ONVIF para crear un sistema de seguridad integrado que ofrezca protecci\u00f3n las 24 horas del d\u00eda, los 7 d\u00edas de la semana.<\/li>\n<li>Aplicaci\u00f3n m\u00f3vil gratuita para ver a distancia desde el tel\u00e9fono<\/li>\n<li>Software de monitorizaci\u00f3n CMS gratuito para que puedas ver streaming en directo a trav\u00e9s de tu ordenador Windows.<\/li>\n<li>Luz doble con visi\u00f3n nocturna a todo color<\/li>\n<\/ul>","protected":false},"featured_media":1292,"comment_status":"open","ping_status":"closed","template":"","meta":{"_seopress_robots_primary_cat":"none","_seopress_titles_title":"4K IP Cameras with Full-Color Night Vision | IP CCTV Cameras | Anston Security","_seopress_titles_desc":"1\/3\u2033 5MP POE IP Cameras; 2.8\/3.6\/6mm Lens Optional, 2pcs IR LEDs, 3D DNR; D-WDR; BLC; Motion Detection; Cover Detection; Auto white balance; PAL\/NTSC; ONVIF 2.6","_seopress_robots_index":""},"product_brand":[],"product_cat":[46],"product_tag":[],"class_list":{"0":"post-1290","1":"product","2":"type-product","3":"status-publish","4":"has-post-thumbnail","6":"product_cat-ip-cameras","8":"first","9":"instock","10":"shipping-taxable","11":"product-type-simple"},"_links":{"self":[{"href":"https:\/\/jer-tech.com\/es\/wp-json\/wp\/v2\/product\/1290","targetHints":{"allow":["GET"]}}],"collection":[{"href":"https:\/\/jer-tech.com\/es\/wp-json\/wp\/v2\/product"}],"about":[{"href":"https:\/\/jer-tech.com\/es\/wp-json\/wp\/v2\/types\/product"}],"replies":[{"embeddable":true,"href":"https:\/\/jer-tech.com\/es\/wp-json\/wp\/v2\/comments?post=1290"}],"wp:featuredmedia":[{"embeddable":true,"href":"https:\/\/jer-tech.com\/es\/wp-json\/wp\/v2\/media\/1292"}],"wp:attachment":[{"href":"https:\/\/jer-tech.com\/es\/wp-json\/wp\/v2\/media?parent=1290"}],"wp:term":[{"taxonomy":"product_brand","embeddable":true,"href":"https:\/\/jer-tech.com\/es\/wp-json\/wp\/v2\/product_brand?post=1290"},{"taxonomy":"product_cat","embeddable":true,"href":"https:\/\/jer-tech.com\/es\/wp-json\/wp\/v2\/product_cat?post=1290"},{"taxonomy":"product_tag","embeddable":true,"href":"https:\/\/jer-tech.com\/es\/wp-json\/wp\/v2\/product_tag?post=1290"}],"curies":[{"name":"wp","href":"https:\/\/api.w.org\/{rel}","templated":true}]}}