{"id":1266,"date":"2022-04-12T17:31:04","date_gmt":"2022-04-12T09:31:04","guid":{"rendered":"https:\/\/jer-tech.com\/?post_type=product&#038;p=1266"},"modified":"2022-04-12T17:35:06","modified_gmt":"2022-04-12T09:35:06","slug":"camara-ip-poe","status":"publish","type":"product","link":"https:\/\/jer-tech.com\/es\/producto\/camara-ip-poe\/","title":{"rendered":"C\u00e1mara IP POE de 4MP compatible con luz dual"},"content":{"rendered":"","protected":false},"excerpt":{"rendered":"<ul>\n<li>Resoluci\u00f3n Ultra HD de 2MP\/5MP\/4K disponible<\/li>\n<li>F\u00e1cil configuraci\u00f3n PoE, esta c\u00e1mara IP PoE requiere s\u00f3lo un cable Ethernet para transmitir se\u00f1ales de v\u00eddeo y obtener energ\u00eda al mismo tiempo, PoE opcional<\/li>\n<li>Soporta H.265 + formato de codificaci\u00f3n: Esta c\u00e1mara IP de vigilancia es compatible con el formato de codificaci\u00f3n H.265 + \/ H.265 \/ H.264 + \/ H.264.<\/li>\n<li>ONVIF: admite el protocolo ONVIF y puede conectarse a NVR de otros fabricantes compatibles con ONVIF para crear un sistema de seguridad integrado que ofrezca protecci\u00f3n las 24 horas del d\u00eda, los 7 d\u00edas de la semana.<\/li>\n<li>Aplicaci\u00f3n m\u00f3vil gratuita para ver a distancia desde el tel\u00e9fono<\/li>\n<li>Software de monitorizaci\u00f3n CMS gratuito para que puedas ver streaming en directo a trav\u00e9s de tu ordenador Windows.<\/li>\n<li>Luz doble con visi\u00f3n nocturna a todo color<\/li>\n<\/ul>","protected":false},"featured_media":1268,"comment_status":"open","ping_status":"closed","template":"","meta":{"_seopress_robots_primary_cat":"none","_seopress_titles_title":"POE IP Camera - CCTV OEM manufacturer from China - JER TECHNOLOGY","_seopress_titles_desc":"JER Manufacturer Bulk production 4MP\/5MP\/8MP POE IP Camera, we accept OEM and ODM services.","_seopress_robots_index":""},"product_brand":[],"product_cat":[46],"product_tag":[],"class_list":{"0":"post-1266","1":"product","2":"type-product","3":"status-publish","4":"has-post-thumbnail","6":"product_cat-ip-cameras","8":"first","9":"instock","10":"shipping-taxable","11":"product-type-simple"},"_links":{"self":[{"href":"https:\/\/jer-tech.com\/es\/wp-json\/wp\/v2\/product\/1266","targetHints":{"allow":["GET"]}}],"collection":[{"href":"https:\/\/jer-tech.com\/es\/wp-json\/wp\/v2\/product"}],"about":[{"href":"https:\/\/jer-tech.com\/es\/wp-json\/wp\/v2\/types\/product"}],"replies":[{"embeddable":true,"href":"https:\/\/jer-tech.com\/es\/wp-json\/wp\/v2\/comments?post=1266"}],"wp:featuredmedia":[{"embeddable":true,"href":"https:\/\/jer-tech.com\/es\/wp-json\/wp\/v2\/media\/1268"}],"wp:attachment":[{"href":"https:\/\/jer-tech.com\/es\/wp-json\/wp\/v2\/media?parent=1266"}],"wp:term":[{"taxonomy":"product_brand","embeddable":true,"href":"https:\/\/jer-tech.com\/es\/wp-json\/wp\/v2\/product_brand?post=1266"},{"taxonomy":"product_cat","embeddable":true,"href":"https:\/\/jer-tech.com\/es\/wp-json\/wp\/v2\/product_cat?post=1266"},{"taxonomy":"product_tag","embeddable":true,"href":"https:\/\/jer-tech.com\/es\/wp-json\/wp\/v2\/product_tag?post=1266"}],"curies":[{"name":"wp","href":"https:\/\/api.w.org\/{rel}","templated":true}]}}