{"id":120,"date":"2022-02-15T16:46:59","date_gmt":"2022-02-15T08:46:59","guid":{"rendered":"https:\/\/jer-tech.com\/?page_id=120"},"modified":"2022-02-15T16:46:59","modified_gmt":"2022-02-15T08:46:59","slug":"condiciones","status":"publish","type":"page","link":"https:\/\/jer-tech.com\/es\/condiciones\/","title":{"rendered":"Condiciones generales"},"content":{"rendered":"<h3 class=\"wp-block-heading\" id=\"1-terms\">1. T\u00e9rminos<\/h3>\n\n\n\n<p>Accediendo al sitio web\u00a0<a href=\"https:\/\/jer-tech.com\/es\/\">https:\/\/jer-tech.com<\/a>Si usted no est\u00e1 de acuerdo con cualquiera de estas condiciones, se le proh\u00edbe el uso o acceso a este sitio. Si no est\u00e1 de acuerdo con alguna de estas condiciones, se le proh\u00edbe utilizar o acceder a este sitio. Los materiales contenidos en este sitio web est\u00e1n protegidos por la legislaci\u00f3n aplicable en materia de derechos de autor y marcas registradas.<\/p>\n\n\n\n<h3 class=\"wp-block-heading\" id=\"2-use-license\">2. Licencia de uso<\/h3>\n\n\n\n<ol class=\"wp-block-list\" type=\"a\"><li>Se concede permiso para descargar temporalmente una copia de los materiales (informaci\u00f3n o software) del sitio web jer-tech.com \u00fanicamente para su visualizaci\u00f3n transitoria personal y no comercial. Esta es la concesi\u00f3n de una licencia, no una transferencia de t\u00edtulo, y bajo esta licencia usted no puede:<ol type=\"i\"><li>modificar o copiar los materiales;<\/li><li>utilizar los materiales para cualquier fin comercial, o para cualquier exhibici\u00f3n p\u00fablica (comercial o no comercial);<\/li><li>intentar descompilar o aplicar ingenier\u00eda inversa a cualquier software contenido en el sitio web jer-tech.com;<\/li><li>eliminar de los materiales cualquier menci\u00f3n relativa a derechos de autor u otros derechos de propiedad; o<\/li><li>transferir los materiales a otra persona o \"reflejar\" los materiales en cualquier otro servidor.<\/li><\/ol><\/li><li>Esta licencia terminar\u00e1 autom\u00e1ticamente si usted viola cualquiera de estas restricciones y puede ser terminada por jer-tech.com en cualquier momento. Una vez finalizada la visualizaci\u00f3n de estos materiales o la rescisi\u00f3n de esta licencia, deber\u00e1 destruir cualquier material descargado que posea, ya sea en formato electr\u00f3nico o impreso.<\/li><\/ol>\n\n\n\n<h3 class=\"wp-block-heading\" id=\"3-disclaimer\">3. Descargo de responsabilidad<\/h3>\n\n\n\n<ol class=\"wp-block-list\" type=\"a\"><li>Los materiales del sitio web jer-tech.com se proporcionan \"tal cual\". JER Technology no ofrece ninguna garant\u00eda, expresa o impl\u00edcita, y por la presente renuncia y niega cualquier otra garant\u00eda, incluyendo, sin limitaci\u00f3n, las garant\u00edas o condiciones impl\u00edcitas de comerciabilidad, idoneidad para un prop\u00f3sito particular, o no infracci\u00f3n de la propiedad intelectual u otra violaci\u00f3n de los derechos.<\/li><li>Adem\u00e1s, JER Technology no garantiza ni hace ninguna representaci\u00f3n con respecto a la exactitud, los resultados probables, o la fiabilidad de la utilizaci\u00f3n de los materiales en su sitio web o de otro tipo relativa a dichos materiales o en cualquier sitio vinculado a este sitio.<\/li><\/ol>\n\n\n\n<h3 class=\"wp-block-heading\" id=\"4-limitations\">4. Limitaciones<\/h3>\n\n\n\n<p>En ning\u00fan caso JER Technology o sus proveedores ser\u00e1n responsables de ning\u00fan da\u00f1o (incluyendo, sin limitaci\u00f3n, da\u00f1os por p\u00e9rdida de datos o beneficios, o debido a la interrupci\u00f3n del negocio) que surjan del uso o la imposibilidad de usar los materiales en el sitio web jer-tech.com, incluso si JER Technology o un representante autorizado de JER Technology ha sido notificado oralmente o por escrito de la posibilidad de tales da\u00f1os. Debido a que algunas jurisdicciones no permiten limitaciones en las garant\u00edas impl\u00edcitas, o limitaciones de responsabilidad por da\u00f1os consecuenciales o incidentales, estas limitaciones pueden no aplicarse en su caso.<\/p>\n\n\n\n<h3 class=\"wp-block-heading\" id=\"5-accuracy-of-materials\">5. Exactitud de los materiales<\/h3>\n\n\n\n<p>Los materiales que aparecen en el sitio web jer-tech.com podr\u00edan incluir errores t\u00e9cnicos, tipogr\u00e1ficos o fotogr\u00e1ficos. JER Technology no garantiza que ninguno de los materiales de su sitio web sea preciso, completo o actual. JER Technology puede realizar cambios en los materiales contenidos en su sitio web en cualquier momento y sin previo aviso. Sin embargo, JER Technology no se compromete a actualizar los materiales.<\/p>\n\n\n\n<h3 class=\"wp-block-heading\" id=\"6-links\">6. Enlaces<\/h3>\n\n\n\n<p>JER Technology no ha revisado todos los sitios vinculados a su sitio web y no es responsable de los contenidos de dichos sitios vinculados. La inclusi\u00f3n de cualquier enlace no implica la aprobaci\u00f3n del sitio por parte de JER Technology. El uso de cualquiera de estos sitios web enlazados se realiza por cuenta y riesgo del usuario.<\/p>\n\n\n\n<h3 class=\"wp-block-heading\" id=\"7-modifications\">7. Modificaciones<\/h3>\n\n\n\n<p>JER Technology puede revisar estos t\u00e9rminos de servicio para su sitio web en cualquier momento sin previo aviso. El uso de este sitio web implica la aceptaci\u00f3n de la versi\u00f3n vigente de estas condiciones de servicio.<\/p>\n\n\n\n<h3 class=\"wp-block-heading\" id=\"8-governing-law\">8. Derecho aplicable<\/h3>\n\n\n\n<p>Estos t\u00e9rminos y condiciones se rigen e interpretan de acuerdo con las leyes de China y usted se somete irrevocablemente a la jurisdicci\u00f3n exclusiva de los tribunales de ese Estado o lugar.<\/p>","protected":false},"excerpt":{"rendered":"<p>1. Condiciones Al acceder al sitio web https:\/\/jer-tech.com, usted acepta quedar vinculado por estas condiciones de servicio, por todas las leyes y reglamentos aplicables, y acepta que es responsable del cumplimiento de cualquier ley local aplicable. Si no est\u00e1 de acuerdo con alguno de estos t\u00e9rminos, se le proh\u00edbe utilizar o acceder a este sitio. [...]<\/p>","protected":false},"author":1,"featured_media":0,"parent":0,"menu_order":0,"comment_status":"closed","ping_status":"closed","template":"","meta":{"_seopress_robots_primary_cat":"","_seopress_titles_title":"","_seopress_titles_desc":"","_seopress_robots_index":"","footnotes":""},"class_list":["post-120","page","type-page","status-publish","hentry"],"_links":{"self":[{"href":"https:\/\/jer-tech.com\/es\/wp-json\/wp\/v2\/pages\/120","targetHints":{"allow":["GET"]}}],"collection":[{"href":"https:\/\/jer-tech.com\/es\/wp-json\/wp\/v2\/pages"}],"about":[{"href":"https:\/\/jer-tech.com\/es\/wp-json\/wp\/v2\/types\/page"}],"author":[{"embeddable":true,"href":"https:\/\/jer-tech.com\/es\/wp-json\/wp\/v2\/users\/1"}],"replies":[{"embeddable":true,"href":"https:\/\/jer-tech.com\/es\/wp-json\/wp\/v2\/comments?post=120"}],"version-history":[{"count":1,"href":"https:\/\/jer-tech.com\/es\/wp-json\/wp\/v2\/pages\/120\/revisions"}],"predecessor-version":[{"id":121,"href":"https:\/\/jer-tech.com\/es\/wp-json\/wp\/v2\/pages\/120\/revisions\/121"}],"wp:attachment":[{"href":"https:\/\/jer-tech.com\/es\/wp-json\/wp\/v2\/media?parent=120"}],"curies":[{"name":"wp","href":"https:\/\/api.w.org\/{rel}","templated":true}]}}