{"id":1454,"date":"2022-07-18T16:47:03","date_gmt":"2022-07-18T08:47:03","guid":{"rendered":"https:\/\/jer-tech.com\/?post_type=product&#038;p=1454"},"modified":"2022-07-18T16:47:03","modified_gmt":"2022-07-18T08:47:03","slug":"%d9%83%d8%a7%d9%85%d9%8a%d8%b1%d8%a7-ip-ptz","status":"publish","type":"product","link":"https:\/\/jer-tech.com\/ar\/product\/%d9%83%d8%a7%d9%85%d9%8a%d8%b1%d8%a7-ip-ptz\/","title":{"rendered":"\u0643\u0627\u0645\u064a\u0631\u0627 IP PTZ \u0644\u0644\u0631\u0624\u064a\u0629 \u0627\u0644\u0644\u064a\u0644\u064a\u0629 \u0628\u0627\u0644\u0623\u0644\u0648\u0627\u0646 \u0627\u0644\u0643\u0627\u0645\u0644\u0629 \u0643\u0627\u0645\u064a\u0631\u0627 IP PTZ \u0627\u062e\u062a\u064a\u0627\u0631\u064a\u0629"},"content":{"rendered":"","protected":false},"excerpt":{"rendered":"<p>\u0646\u0637\u0627\u0642 \u062f\u0648\u0631\u0627\u0646 \u0627\u0644\u0645\u0642\u0644\u0627\u0629: 0-360 \u062f\u0631\u062c\u0629\u060c \u0646\u0637\u0627\u0642 \u062f\u0648\u0631\u0627\u0646 \u0627\u0644\u0625\u0645\u0627\u0644\u0629: 0-93\u00b0.<br \/>\n\u0633\u0631\u0639\u0629 \u062f\u0648\u0631\u0627\u0646 \u0627\u0644\u062a\u062d\u0631\u064a\u0643: 45 \u062f\u0631\u062c\u0629\/\u062b\u0627\u0646\u064a\u0629\u060c \u0633\u0631\u0639\u0629 \u062f\u0648\u0631\u0627\u0646 \u0627\u0644\u0625\u0645\u0627\u0644\u0629: 30 \u062f\u0631\u062c\u0629\/\u062b\u0627\u0646\u064a\u0629.<br \/>\nIP66 \u0645\u0627 \u0645\u0642\u0627\u0648\u0645 \u0644\u0640 IP66\u060c \u0627\u0644\u062d\u0645\u0627\u064a\u0629 \u0645\u0646 \u0627\u0644\u0635\u0648\u0627\u0639\u0642: 6000 \u0641\u0648\u0644\u062a \u0639\u0644\u0649 \u0627\u0644\u0641\u0648\u0631<br \/>\n2 \u0642\u0637\u0639\u0629 \u0644\u064a\u062f \u0644\u064a\u0632\u0631 \u0644\u064a\u062f + 7 \u0642\u0637\u0639 \u0644\u064a\u062f \u0623\u0634\u0639\u0629 \u062a\u062d\u062a \u062d\u0645\u0631\u0627\u0621\u060c \u0645\u0633\u0627\u0641\u0629 \u0627\u0644\u0623\u0634\u0639\u0629 \u062a\u062d\u062a \u0627\u0644\u062d\u0645\u0631\u0627\u0621 150 \u0645\u062a\u0631<br \/>\n\u062f\u0639\u0645 POE (\u0627\u062e\u062a\u064a\u0627\u0631\u064a)<br \/>\n\u0628\u0637\u0627\u0642\u0629 TF \u0627\u062e\u062a\u064a\u0627\u0631\u064a\u0629<br \/>\n\u0627\u0644\u062d\u062c\u0645: 1 \u0642\u0637\u0639\u0629 25.5 \u00d7 21.5 \u00d7 21.5 \u00d7 41 (3 \u0643\u062c\u0645)<br \/>\n\u0627\u0644\u062d\u062c\u0645: 4 \u0642\u0637\u0639 52 \u00d7 42 \u00d7 43.5 (13.6 \u0643\u062c\u0645)<\/p>","protected":false},"featured_media":1469,"comment_status":"open","ping_status":"closed","template":"","meta":{"_seopress_robots_primary_cat":"","_seopress_titles_title":"Full-color night vision IP PTZ Camera - JER Company - CCTV OEM Manufacturer","_seopress_titles_desc":"Looking for a PTZ IP camera manufacturer where you can buy CCTV Cameras for wholesale price? Let JER Company help you.","_seopress_robots_index":""},"product_brand":[],"product_cat":[46],"product_tag":[],"class_list":{"0":"post-1454","1":"product","2":"type-product","3":"status-publish","4":"has-post-thumbnail","6":"product_cat-ip-cameras","8":"first","9":"instock","10":"shipping-taxable","11":"product-type-simple"},"_links":{"self":[{"href":"https:\/\/jer-tech.com\/ar\/wp-json\/wp\/v2\/product\/1454","targetHints":{"allow":["GET"]}}],"collection":[{"href":"https:\/\/jer-tech.com\/ar\/wp-json\/wp\/v2\/product"}],"about":[{"href":"https:\/\/jer-tech.com\/ar\/wp-json\/wp\/v2\/types\/product"}],"replies":[{"embeddable":true,"href":"https:\/\/jer-tech.com\/ar\/wp-json\/wp\/v2\/comments?post=1454"}],"wp:featuredmedia":[{"embeddable":true,"href":"https:\/\/jer-tech.com\/ar\/wp-json\/wp\/v2\/media\/1469"}],"wp:attachment":[{"href":"https:\/\/jer-tech.com\/ar\/wp-json\/wp\/v2\/media?parent=1454"}],"wp:term":[{"taxonomy":"product_brand","embeddable":true,"href":"https:\/\/jer-tech.com\/ar\/wp-json\/wp\/v2\/product_brand?post=1454"},{"taxonomy":"product_cat","embeddable":true,"href":"https:\/\/jer-tech.com\/ar\/wp-json\/wp\/v2\/product_cat?post=1454"},{"taxonomy":"product_tag","embeddable":true,"href":"https:\/\/jer-tech.com\/ar\/wp-json\/wp\/v2\/product_tag?post=1454"}],"curies":[{"name":"\u062f\u0628\u0644\u064a\u0648 \u0628\u064a","href":"https:\/\/api.w.org\/{rel}","templated":true}]}}